{"id":5467,"date":"2024-08-01T14:55:07","date_gmt":"2024-08-01T07:55:07","guid":{"rendered":"https:\/\/interpetfest.com\/?page_id=5467"},"modified":"2024-08-01T15:02:08","modified_gmt":"2024-08-01T08:02:08","slug":"huong-dan-thanh-toan-vnpay-tren-website","status":"publish","type":"page","link":"https:\/\/interpetfest.com\/ko\/huong-dan-thanh-toan-vnpay-tren-\uc6f9\uc0ac\uc774\ud2b8\/","title":{"rendered":"H\u00f2ng d\u1eabn thanh to\u00e1n VNPAY tr\u00ean \uc6f9\uc0ac\uc774\ud2b8"},"content":{"rendered":"<h3><strong>H\u00f4\u1edaNG D\u1eaaN THANH TO\u00c1N VNPAY TR\u00eaN \uc6f9\uc0ac\uc774\ud2b8<\/strong><\/h3>\n<p>C\u1ed5ng thanh to\u00e1n VNPAY l\u00e0 gi\u1ea3i ph\u00e1p thanh to\u00e1n do C\u00f4ng ty C\u1ed5 ph\u1ea7n Gi\u1ea3i ph\u00e1p Thanh to\u00e1n Viet Nam(VNPAY) ph\u00e1t tri\u1ec3n. Kh\u00e1ch h\u00e0ng s\u1eed d\u1ee5ng th\u1ebb\/t\u00e0i kho\u1ea3n ng\u00e2n h\u00e0ng, t\u00ednh n\u0103ng QR Pay\/VNPAY-QR \u0111u\u1ee3c t\u00edch h\u1ee3p s\u1eb5n tr\u00ean \u1ee9ng d\u1ee5ng \ubaa8\ubc14\uc77c \ubc45\ud0b9 c\u1ee7a c\u00e1c ng\u00e2n h\u00e0ng ho\u1eb7c V\u00ed \u0111i\u00ean t\u1eed li\u00ean k\u1ebft \u0111\u1ec3 thanh to\u00e1n c\u00e1c giao d\u1ecbch v\u00e0 nh\u1eadp m\u00e3 gi\u1ea3m gi\u00e1 ( \uc544\ub2c8\uc624)<\/p>\n<p><strong>VNPAY-QR 35\uc138 \uc774\uc0c1 \ubaa8\ubc14\uc77c \ubc45\ud0b9 \ubc0f 15\uc138 \uc774\uc0c1 \uccad\uc18c\ub144\uc6a9<\/strong><\/p>\n<p><img loading=\"lazy\" decoding=\"async\" class=\"wp-image-5470 size-full alignnone\" src=\"https:\/\/interpetfest.com\/wp-content\/uploads\/2024\/08\/vnpay1.jpg\" alt=\"\" width=\"1330\" height=\"785\" srcset=\"https:\/\/interpetfest.com\/wp-content\/uploads\/2024\/08\/vnpay1.jpg 1330w, https:\/\/interpetfest.com\/wp-content\/uploads\/2024\/08\/vnpay1-300x177.jpg 300w, https:\/\/interpetfest.com\/wp-content\/uploads\/2024\/08\/vnpay1-1024x604.jpg 1024w, https:\/\/interpetfest.com\/wp-content\/uploads\/2024\/08\/vnpay1-768x453.jpg 768w, https:\/\/interpetfest.com\/wp-content\/uploads\/2024\/08\/vnpay1-18x12.jpg 18w, https:\/\/interpetfest.com\/wp-content\/uploads\/2024\/08\/vnpay1-600x354.jpg 600w\" sizes=\"auto, (max-width: 1330px) 100vw, 1330px\" \/><\/p>\n<p><strong>40+ Th\u1ebb ATM\/n\u1ed9i \u0111\u1ecba\/t\u00e0i kho\u1ea3n ng\u00e2n h\u00e0ng<\/strong><\/p>\n<p><img loading=\"lazy\" decoding=\"async\" class=\"wp-image-5472 size-full alignnone\" src=\"https:\/\/interpetfest.com\/wp-content\/uploads\/2024\/08\/vnpay2.jpg\" alt=\"\" width=\"1724\" height=\"648\" srcset=\"https:\/\/interpetfest.com\/wp-content\/uploads\/2024\/08\/vnpay2.jpg 1600w, https:\/\/interpetfest.com\/wp-content\/uploads\/2024\/08\/vnpay2-300x113.jpg 300w, https:\/\/interpetfest.com\/wp-content\/uploads\/2024\/08\/vnpay2-1024x385.jpg 1024w, https:\/\/interpetfest.com\/wp-content\/uploads\/2024\/08\/vnpay2-768x289.jpg 768w, https:\/\/interpetfest.com\/wp-content\/uploads\/2024\/08\/vnpay2-1536x577.jpg 1536w, https:\/\/interpetfest.com\/wp-content\/uploads\/2024\/08\/vnpay2-18x7.jpg 18w, https:\/\/interpetfest.com\/wp-content\/uploads\/2024\/08\/vnpay2-600x226.jpg 600w\" sizes=\"auto, (max-width: 1724px) 100vw, 1724px\" \/><\/p>\n<p><strong>4 Th\u1ebb thanh to\u00e1n qu\u1ed1c t\u1ebf<\/strong><\/p>\n<p><img loading=\"lazy\" decoding=\"async\" class=\"wp-image-5473 size-full alignnone\" src=\"https:\/\/interpetfest.com\/wp-content\/uploads\/2024\/08\/vnpay3.jpg\" alt=\"\" width=\"850\" height=\"103\" srcset=\"https:\/\/interpetfest.com\/wp-content\/uploads\/2024\/08\/vnpay3.jpg 850w, https:\/\/interpetfest.com\/wp-content\/uploads\/2024\/08\/vnpay3-300x36.jpg 300w, https:\/\/interpetfest.com\/wp-content\/uploads\/2024\/08\/vnpay3-768x93.jpg 768w, https:\/\/interpetfest.com\/wp-content\/uploads\/2024\/08\/vnpay3-18x2.jpg 18w, https:\/\/interpetfest.com\/wp-content\/uploads\/2024\/08\/vnpay3-600x73.jpg 600w\" sizes=\"auto, (max-width: 850px) 100vw, 850px\" \/><\/p>\n<p>&nbsp;<\/p>\n<p><strong>VNPAY\ubcf4\ub2e4 \ub354 \ub9ce\uc740 \ube44\uc6a9\uc774 \ubc1c\uc0dd\ud569\ub2c8\ub2e4.<\/strong><\/p>\n<figure id=\"attachment_5471\" aria-describedby=\"caption-attachment-5471\" style=\"width: 806px\" class=\"wp-caption alignnone\"><img loading=\"lazy\" decoding=\"async\" class=\"wp-image-5471 size-full\" src=\"https:\/\/interpetfest.com\/wp-content\/uploads\/2024\/08\/vnpay4.jpg\" alt=\"\" width=\"806\" height=\"648\" srcset=\"https:\/\/interpetfest.com\/wp-content\/uploads\/2024\/08\/vnpay4.jpg 806w, https:\/\/interpetfest.com\/wp-content\/uploads\/2024\/08\/vnpay4-300x241.jpg 300w, https:\/\/interpetfest.com\/wp-content\/uploads\/2024\/08\/vnpay4-768x617.jpg 768w, https:\/\/interpetfest.com\/wp-content\/uploads\/2024\/08\/vnpay4-15x12.jpg 15w, https:\/\/interpetfest.com\/wp-content\/uploads\/2024\/08\/vnpay4-600x482.jpg 600w\" sizes=\"auto, (max-width: 806px) 100vw, 806px\" \/><figcaption id=\"caption-attachment-5471\" class=\"wp-caption-text\">Huang d\u1eabn thanh to\u00e1n qua t\u00ednh n\u0103ng QR Pay\/VNPAY-QR<\/figcaption><\/figure>\n<ol>\n<li><strong>Phong th\u1ee9c thanh to\u00e1n qua \u201c\u1ee8ng d\u1ee5ng thanh to\u00e1n h\u1ed7 tr\u1ee3 VNPAY-QR\u201d<\/strong><\/li>\n<\/ol>\n<p><strong>\u00a0<\/strong><\/p>\n<p><strong>\ucc45 1<\/strong>: Qu\u00fd kh\u00e1ch l\u1ef1a ch\u1ecdn s\u1ea3n ph\u1ea9m, d\u1ecbch v\u1ee5 v\u00e0 ch\u1ecdn Thanh to\u00e1n ngay ho\u1eb7c \u0111\u1eb7t h\u00e0ng<br \/>\nT\u1ea1i trang thanh to\u00e1n, vui l\u00f2ng ki\u1ec3m tra l\u1ea1i s\u1ea3n ph\u1ea9m \u0111\u00e3 \u0111\u1eb7t, \u0111i\u1ec1n \u0111\u1ea7y \u0111\u1ee7 th\u00f4ngtin ngua\u1eddi nh\u1eadn h\u00e0ng, ch\u1ecdn ph\u00f2ng th\u1ee9c thanh to\u00e1n VNPAY v\u00e0 nh \u1ea5n n\u00fat \u201cDa\u1eb7t h\u00e0ng ngay\u201d.<\/p>\n<p><strong>\ucc45 2<\/strong>: M\u00e0n h\u00ecnh thanh to\u00e1n chuy\u1ec3n Sang giao di\u0111en c\u1ed5ng thanh to\u00e1n VNPAY. Ch\u1ecdn phong th\u1ee9c \u201c\u1ee8ng d\u1ee5ng thanh to\u00e1n h\u1ed7 tr\u1ee3 VNPAY-QR\u201d<\/p>\n<p><strong>\u00a0<\/strong><\/p>\n<p><strong>3\ubc88\uc9f8<\/strong>: H\u00ea th\u1ed1ng hi\u1ec3n th\u1ecb m\u00e3 QR c\u00f9ng v\u1edbi s\u1ed1 ti\u1ec1n c\u1ea7n thanh to\u00e1n, Qu\u00fd kh\u00e1ch ki\u1ec3m tra l\u1ea1i s\u1ed1 ti\u1ec1n n\u00e0y. S\u1eed d\u1ee5ng \u1ee9ng d\u1ee5ng ng\u00e2n h\u00e0ng (theo danh s\u00e1ch li\u0111t k\u00ea), ch\u1ecdn <strong>\u201c\ud018\ud2b8 \ub9c8\u201d<\/strong> \uadf8\ub9ac\uace0 QR tr\u00ean m\u00e0n h\u00ecnh thanh to\u00e1n \uc6f9\uc0ac\uc774\ud2b8<\/p>\n<p><em>*Lua \u00fd: M\u00e3 QR c\u00f3 hi\u0111u l\u1ef1c trong 15 ph\u00fat<br \/>\n\u0434\u1ec3 qu\u00e1 tr\u00ecnh to\u00e1n th\u00e0nh c\u00f4ng, kh\u00e1ch h\u00e0ng vui l\u00f2ng tham kh\u1ea3o tr\u00f9\u1edbc c\u00e1c \u0111i\u1ec1u ki\u00ean v\u00e0 thao t\u00e1c qu\u00e9t m\u00e3 tr\u00ean \u0111i\u00ean tho\u1ea1i \u0111\u1ec3 s\u1eb5n s\u00e0ng, tr\u00e1nh s\u1ef1 c \ub2f9\uc2e0\uc740 \ub2f9\uc2e0\uc758 \uc0dd\uac01\uc744 \uc774\ud574\ud558\ub294 \ub370 \ub3c4\uc6c0\uc774 \ub420 \uac83\uc785\ub2c8\ub2e4.<\/em><\/p>\n<p><strong>4\ubc88<\/strong>: Ki\u1ec3m tra t\u00f4ng Tin, nh\u1eadp m\u00e3 gi\u1ea3m gi\u00e1 (n\u1ebfu c\u00f3) v\u00e0 ho\u00e0n t\u1ea5t thanh to\u00e1n<br \/>\nKhi th\u1ef1c hi\u0111en thanh to\u00e1n ho\u00e0n t\u1ea5t Qu\u00fd kh\u00e1ch s\u1ebd nh\u1eadn \u0111u\u1ee3c t\u00f4ng b\u00e1o x\u00e1c nh\u1eadn \u0111ong h\u00e0ng \u0111\u1eb7t h\u00e0ng th\u00e0nh c\u00f4ng t\u1ea1i \uc6f9\uc0ac\uc774\ud2b8<\/p>\n<p><em><br \/>\nHuang d\u1eabn thanh to\u00e1n qua t\u00ednh n\u0103ng QR Pay\/VNPAY-QR<\/em><\/p>\n<ol start=\"2\">\n<li><strong>Phong th\u1ee9c thanh to\u00e1n qua \u201cTh\u1ebb n\u1ed9i \u0111\u1ecba v\u00e0 t\u00e0i kho\u1ea3n ng\u00e2n h\u00e0ng\u201d<\/strong><\/li>\n<\/ol>\n<p><strong><br \/>\n\ucc45 1<\/strong>: Qu\u00fd kh\u00e1ch l\u1ef1a ch\u1ecdn s\u1ea3n ph\u1ea9m, d\u1ecbch v\u1ee5 v\u00e0 ch\u1ecdn Thanh to\u00e1n ngay ho\u1eb7c \u0111\u1eb7t h\u00e0ng<br \/>\nT\u1ea1i trang thanh to\u00e1n, vui l\u00f2ng ki\u1ec3m tra l\u1ea1i s\u1ea3n ph\u1ea9m \u0111\u00e3 \u0111\u1eb7t, \u0111i\u1ec1n \u0111\u1ea7y \u0111\u1ee7 th\u00f4ngtin ngua\u1eddi nh\u1eadn h\u00e0ng, ch\u1ecdn ph\u00f2ng th\u1ee9c thanh to\u00e1n VNPAY v\u00e0 nh \u1ea5n n\u00fat \u201cDa\u1eb7t h\u00e0ng ngay\u201d.<\/p>\n<p><strong>\ucc45 2<\/strong>: M\u00e0n h\u00ecnh thanh to\u00e1n chuy\u1ec3n Sang giao di\u0111en c\u1ed5ng thanh to\u00e1n VNPAY. Ch\u1ecdn phong th\u1ee9c \u201cTh\u1ebb n\u1ed9i \u0111\u1ecba v\u00e0 t\u00e0i kho\u1ea3n ng\u00e2n h\u00e0ng\u201d v\u00e0 ch\u1ecdn ng\u00e2n h\u00e0ng mu\u1ed1n thanh to\u00e1n th\u1ebb trong danh s\u00e1ch<\/p>\n<p><strong>3\ubc88\uc9f8<\/strong>: Qu\u00fd kh\u00e1ch vui l\u00f2ng th\u1ef1c hi\u0111en nh\u1eadp c\u00e1c th\u00f4ngtin th\u1ebb\/t\u00e0i kho\u1ea3n theo y\u00eau c\u1ea7u v\u00e0 ch\u1ecdn \u201cTi\u1ebfp t\u1ee5c\u201d. M\u00e3 OTP s\u1ebd \u0111ua\u1ee3c g\u1eedi v\u1ec1 \u0111i\u00ean tho\u1ea1i \u0111\u0103ng k\u00fd, nh\u1eadp m\u00e3 OTP \u0111\u1ec3 ho\u00e0n t\u1ea5t giao d\u1ecbch<\/p>\n<p><em>*L\u00f9u \u00fd: Giao d\u1ecbch s\u1ebd h\u1ebft h\u1ea1n sau 15 ph\u00fat <\/em><\/p>\n<p><em>\u00a0<\/em><\/p>\n<p><strong>4\ubc88<\/strong>: Khi th\u1ef1c hi\u00ean thanh to\u00e1n ho\u00e0n t\u1ea5t Qu\u00fd kh\u00e1ch s\u1ebd nh\u1eadn \u0111u\u1ee3c t\u00f4ng b\u00e1o x\u00e1c nh\u1eadn \u0111\u00f2n h\u00e0ng \u0111\u1eb7t h\u00e0ng th\u00e0nh c\u00f4ng t\u1ea1i \uc6f9\uc0ac\uc774\ud2b8<\/p>\n<p><em>Giao di\u00ean thanh to\u00e1n qua \u201cTh\u1ebb n\u1ed9i \u0111\u1ecba v\u00e0 t\u00e0i kho\u1ea3n ng\u00e2n h\u00e0ng\u201d<\/em><\/p>\n<ol start=\"3\">\n<li><strong>Ph\u00f2ng th\u1ee9c thanh to\u00e1n qua \u201cTh\u1ebb thanh to\u00e1n qu\u1ed1c t\u1ebf(Visa, MasterCard, JCB, UnionPay)\u201d<br \/>\n<\/strong>Tuan t\u1ef1 nh\u00f9 phong th\u1ee9c thanh to\u00e1n \u201cTh\u1ebb n\u1ed9i \u0111\u1ecba v\u00e0 t\u00e0i kho\u1ea3n ng\u00e2n h\u00e0ng\u201d<\/li>\n<\/ol>\n<ol start=\"4\">\n<li><strong> Phuan th\u1ee9c thanh to\u00e1n qua \u201cV\u00ed \u0111i\u00ean t\u1eed VNPAY\u201d<\/strong><\/li>\n<\/ol>\n<p>Tuang t\u1ef1 nh\u00f9 ph\u00f2ng th\u1ee9c thanh to\u00e1n \u201c\u1ee8ng d\u1ee5ng thanh to\u00e1n h\u1ed7 tr\u1ee3 VNPAY-QR<\/p>\n<p><strong>&#8212;&#8212;&#8212;&#8212;&#8212;&#8212;&#8212;<br \/>\n\ucf04 \ud638 \ud2b8\ub85c VNPAY<\/strong><br \/>\n\u2013 T\u1ed5ng \u0111\u00e0i: *3388 ho\u1eb7c 1900 55 55 77<\/p>\n<p>\u2013 \uc798\ub85c OA: <a href=\"https:\/\/zalo.me\/4134983655549474109\">zalo.me\/4134983655549474109<\/a><\/p>\n<p>\u2013 \uc774\uba54\uc77c: <a href=\"mailto:hotro@vnpay.vn\">\ud638\ud2b8\ub85c@vnpay.vn<\/a><\/p>\n<p>\u2013 \ud32c\ud398\uc774\uc9c0: <a href=\"https:\/\/www.facebook.com\/VNPAYQR.vn\">\ud398\uc774\uc2a4\ubd81.com\/VNPAYQR.vn<\/a><\/p>\n<p>&nbsp;<\/p>\n<p>&nbsp;<\/p>\n<p>&nbsp;<\/p>","protected":false},"excerpt":{"rendered":"<p>H\u00f4\u1edaNG D\u1eaaN THANH TO\u00c1N VNPAY TR\u00eaN \uc6f9\uc0ac\uc774\ud2b8 C\u1ed5ng thanh to\u00e1n VNPAY l\u00e0 gi\u1ea3i ph\u00e1p thanh to\u00e1n do C\u00f4ng ty C\u1ed5 ph\u1ea7n Gi\u1ea3i ph\u00e1p Thanh to\u00e1n Viet Nam(VNPAY) ph\u00e1t tri\u1ec3n. Kh\u00e1ch h\u00e0ng s\u1eed d\u1ee5ng th\u1ebb\/t\u00e0i kho\u1ea3n ng\u00e2n h\u00e0ng, t\u00ednh n\u0103ng QR Pay\/VNPAY-QR \u0111\u00f9\u1ee3c t\u00edch h\u1ee3p s\u1eb5n tr\u00ean \u1ee9ng d\u1ee5ng \ubaa8\ubc14\uc77c \ubc45\ud0b9 c\u1ee7a c\u00e1c ng\u00e2n h\u00e0ng<\/p>","protected":false},"author":1,"featured_media":0,"parent":0,"menu_order":0,"comment_status":"closed","ping_status":"closed","template":"","meta":{"inline_featured_image":false,"footnotes":""},"class_list":["post-5467","page","type-page","status-publish","hentry"],"acf":[],"yoast_head":"<!-- This site is optimized with the Yoast SEO Premium plugin v22.8 (Yoast SEO v26.3) - https:\/\/yoast.com\/wordpress\/plugins\/seo\/ -->\n<title>H\u01b0\u1edbng d\u1eabn thanh to\u00e1n VNPAY tr\u00ean Website - InterPetFest<\/title>\n<meta name=\"robots\" content=\"index, follow, max-snippet:-1, max-image-preview:large, max-video-preview:-1\" \/>\n<link rel=\"canonical\" href=\"https:\/\/interpetfest.com\/ko\/huong-dan-thanh-toan-vnpay-tren-\uc6f9\uc0ac\uc774\ud2b8\/\" \/>\n<meta property=\"og:locale\" content=\"ko_KR\" \/>\n<meta property=\"og:type\" content=\"article\" \/>\n<meta property=\"og:title\" content=\"H\u01b0\u1edbng d\u1eabn thanh to\u00e1n VNPAY tr\u00ean Website\" \/>\n<meta property=\"og:description\" content=\"H\u01af\u1edaNG D\u1eaaN THANH TO\u00c1N VNPAY TR\u00caN WEBSITE C\u1ed5ng thanh to\u00e1n VNPAY l\u00e0 gi\u1ea3i ph\u00e1p thanh to\u00e1n do C\u00f4ng ty C\u1ed5 ph\u1ea7n Gi\u1ea3i ph\u00e1p Thanh to\u00e1n Vi\u1ec7t Nam (VNPAY) ph\u00e1t tri\u1ec3n. Kh\u00e1ch h\u00e0ng s\u1eed d\u1ee5ng th\u1ebb\/t\u00e0i kho\u1ea3n ng\u00e2n h\u00e0ng, t\u00ednh n\u0103ng QR Pay\/VNPAY-QR \u0111\u01b0\u1ee3c t\u00edch h\u1ee3p s\u1eb5n tr\u00ean \u1ee9ng d\u1ee5ng Mobile Banking c\u1ee7a c\u00e1c ng\u00e2n h\u00e0ng\" \/>\n<meta property=\"og:url\" content=\"https:\/\/interpetfest.com\/ko\/huong-dan-thanh-toan-vnpay-tren-\uc6f9\uc0ac\uc774\ud2b8\/\" \/>\n<meta property=\"og:site_name\" content=\"InterPetFest\" \/>\n<meta property=\"article:modified_time\" content=\"2024-08-01T08:02:08+00:00\" \/>\n<meta property=\"og:image\" content=\"https:\/\/interpetfest.com\/wp-content\/uploads\/2024\/08\/vnpay1.jpg\" \/>\n<meta name=\"twitter:card\" content=\"summary_large_image\" \/>\n<meta name=\"twitter:label1\" content=\"\uc608\uc0c1 \ub418\ub294 \ud310\ub3c5 \uc2dc\uac04\" \/>\n\t<meta name=\"twitter:data1\" content=\"5\ubd84\" \/>\n<script type=\"application\/ld+json\" class=\"yoast-schema-graph\">{\"@context\":\"https:\/\/schema.org\",\"@graph\":[{\"@type\":\"WebPage\",\"@id\":\"https:\/\/interpetfest.com\/huong-dan-thanh-toan-vnpay-tren-website\/\",\"url\":\"https:\/\/interpetfest.com\/huong-dan-thanh-toan-vnpay-tren-website\/\",\"name\":\"H\u01b0\u1edbng d\u1eabn thanh to\u00e1n VNPAY tr\u00ean Website - InterPetFest\",\"isPartOf\":{\"@id\":\"https:\/\/interpetfest.com\/#website\"},\"primaryImageOfPage\":{\"@id\":\"https:\/\/interpetfest.com\/huong-dan-thanh-toan-vnpay-tren-website\/#primaryimage\"},\"image\":{\"@id\":\"https:\/\/interpetfest.com\/huong-dan-thanh-toan-vnpay-tren-website\/#primaryimage\"},\"thumbnailUrl\":\"https:\/\/interpetfest.com\/wp-content\/uploads\/2024\/08\/vnpay1.jpg\",\"datePublished\":\"2024-08-01T07:55:07+00:00\",\"dateModified\":\"2024-08-01T08:02:08+00:00\",\"breadcrumb\":{\"@id\":\"https:\/\/interpetfest.com\/huong-dan-thanh-toan-vnpay-tren-website\/#breadcrumb\"},\"inLanguage\":\"ko-KR\",\"potentialAction\":[{\"@type\":\"ReadAction\",\"target\":[\"https:\/\/interpetfest.com\/huong-dan-thanh-toan-vnpay-tren-website\/\"]}]},{\"@type\":\"ImageObject\",\"inLanguage\":\"ko-KR\",\"@id\":\"https:\/\/interpetfest.com\/huong-dan-thanh-toan-vnpay-tren-website\/#primaryimage\",\"url\":\"https:\/\/interpetfest.com\/wp-content\/uploads\/2024\/08\/vnpay1.jpg\",\"contentUrl\":\"https:\/\/interpetfest.com\/wp-content\/uploads\/2024\/08\/vnpay1.jpg\"},{\"@type\":\"BreadcrumbList\",\"@id\":\"https:\/\/interpetfest.com\/huong-dan-thanh-toan-vnpay-tren-website\/#breadcrumb\",\"itemListElement\":[{\"@type\":\"ListItem\",\"position\":1,\"name\":\"Home\",\"item\":\"https:\/\/interpetfest.com\/\"},{\"@type\":\"ListItem\",\"position\":2,\"name\":\"H\u01b0\u1edbng d\u1eabn thanh to\u00e1n VNPAY tr\u00ean Website\"}]},{\"@type\":\"WebSite\",\"@id\":\"https:\/\/interpetfest.com\/#website\",\"url\":\"https:\/\/interpetfest.com\/\",\"name\":\"InterPetFest\",\"description\":\"\",\"publisher\":{\"@id\":\"https:\/\/interpetfest.com\/#organization\"},\"potentialAction\":[{\"@type\":\"SearchAction\",\"target\":{\"@type\":\"EntryPoint\",\"urlTemplate\":\"https:\/\/interpetfest.com\/?s={search_term_string}\"},\"query-input\":{\"@type\":\"PropertyValueSpecification\",\"valueRequired\":true,\"valueName\":\"search_term_string\"}}],\"inLanguage\":\"ko-KR\"},{\"@type\":\"Organization\",\"@id\":\"https:\/\/interpetfest.com\/#organization\",\"name\":\"InterPetFest\",\"url\":\"https:\/\/interpetfest.com\/\",\"logo\":{\"@type\":\"ImageObject\",\"inLanguage\":\"ko-KR\",\"@id\":\"https:\/\/interpetfest.com\/#\/schema\/logo\/image\/\",\"url\":\"https:\/\/interpetfest.com\/wp-content\/uploads\/2025\/06\/Logo-InterPetFest.png\",\"contentUrl\":\"https:\/\/interpetfest.com\/wp-content\/uploads\/2025\/06\/Logo-InterPetFest.png\",\"width\":\"1025\",\"height\":\"344\",\"caption\":\"InterPetFest\"},\"image\":{\"@id\":\"https:\/\/interpetfest.com\/#\/schema\/logo\/image\/\"}}]}<\/script>\n<!-- \/ Yoast SEO Premium plugin. -->","yoast_head_json":{"title":"H\u01b0\u1edbng d\u1eabn thanh to\u00e1n VNPAY tr\u00ean Website - InterPetFest","robots":{"index":"index","follow":"follow","max-snippet":"max-snippet:-1","max-image-preview":"max-image-preview:large","max-video-preview":"max-video-preview:-1"},"canonical":"https:\/\/interpetfest.com\/ko\/huong-dan-thanh-toan-vnpay-tren-\uc6f9\uc0ac\uc774\ud2b8\/","og_locale":"ko_KR","og_type":"article","og_title":"H\u01b0\u1edbng d\u1eabn thanh to\u00e1n VNPAY tr\u00ean Website","og_description":"H\u01af\u1edaNG D\u1eaaN THANH TO\u00c1N VNPAY TR\u00caN WEBSITE C\u1ed5ng thanh to\u00e1n VNPAY l\u00e0 gi\u1ea3i ph\u00e1p thanh to\u00e1n do C\u00f4ng ty C\u1ed5 ph\u1ea7n Gi\u1ea3i ph\u00e1p Thanh to\u00e1n Vi\u1ec7t Nam (VNPAY) ph\u00e1t tri\u1ec3n. Kh\u00e1ch h\u00e0ng s\u1eed d\u1ee5ng th\u1ebb\/t\u00e0i kho\u1ea3n ng\u00e2n h\u00e0ng, t\u00ednh n\u0103ng QR Pay\/VNPAY-QR \u0111\u01b0\u1ee3c t\u00edch h\u1ee3p s\u1eb5n tr\u00ean \u1ee9ng d\u1ee5ng Mobile Banking c\u1ee7a c\u00e1c ng\u00e2n h\u00e0ng","og_url":"https:\/\/interpetfest.com\/ko\/huong-dan-thanh-toan-vnpay-tren-\uc6f9\uc0ac\uc774\ud2b8\/","og_site_name":"InterPetFest","article_modified_time":"2024-08-01T08:02:08+00:00","og_image":[{"url":"https:\/\/interpetfest.com\/wp-content\/uploads\/2024\/08\/vnpay1.jpg","type":"","width":"","height":""}],"twitter_card":"summary_large_image","twitter_misc":{"\uc608\uc0c1 \ub418\ub294 \ud310\ub3c5 \uc2dc\uac04":"5\ubd84"},"schema":{"@context":"https:\/\/schema.org","@graph":[{"@type":"WebPage","@id":"https:\/\/interpetfest.com\/huong-dan-thanh-toan-vnpay-tren-website\/","url":"https:\/\/interpetfest.com\/huong-dan-thanh-toan-vnpay-tren-website\/","name":"H\u01b0\u1edbng d\u1eabn thanh to\u00e1n VNPAY tr\u00ean Website - InterPetFest","isPartOf":{"@id":"https:\/\/interpetfest.com\/#website"},"primaryImageOfPage":{"@id":"https:\/\/interpetfest.com\/huong-dan-thanh-toan-vnpay-tren-website\/#primaryimage"},"image":{"@id":"https:\/\/interpetfest.com\/huong-dan-thanh-toan-vnpay-tren-website\/#primaryimage"},"thumbnailUrl":"https:\/\/interpetfest.com\/wp-content\/uploads\/2024\/08\/vnpay1.jpg","datePublished":"2024-08-01T07:55:07+00:00","dateModified":"2024-08-01T08:02:08+00:00","breadcrumb":{"@id":"https:\/\/interpetfest.com\/huong-dan-thanh-toan-vnpay-tren-website\/#breadcrumb"},"inLanguage":"ko-KR","potentialAction":[{"@type":"ReadAction","target":["https:\/\/interpetfest.com\/huong-dan-thanh-toan-vnpay-tren-website\/"]}]},{"@type":"ImageObject","inLanguage":"ko-KR","@id":"https:\/\/interpetfest.com\/huong-dan-thanh-toan-vnpay-tren-website\/#primaryimage","url":"https:\/\/interpetfest.com\/wp-content\/uploads\/2024\/08\/vnpay1.jpg","contentUrl":"https:\/\/interpetfest.com\/wp-content\/uploads\/2024\/08\/vnpay1.jpg"},{"@type":"BreadcrumbList","@id":"https:\/\/interpetfest.com\/huong-dan-thanh-toan-vnpay-tren-website\/#breadcrumb","itemListElement":[{"@type":"ListItem","position":1,"name":"Home","item":"https:\/\/interpetfest.com\/"},{"@type":"ListItem","position":2,"name":"H\u01b0\u1edbng d\u1eabn thanh to\u00e1n VNPAY tr\u00ean Website"}]},{"@type":"WebSite","@id":"https:\/\/interpetfest.com\/#website","url":"https:\/\/interpetfest.com\/","name":"InterPetFest","description":"","publisher":{"@id":"https:\/\/interpetfest.com\/#organization"},"potentialAction":[{"@type":"SearchAction","target":{"@type":"EntryPoint","urlTemplate":"https:\/\/interpetfest.com\/?s={search_term_string}"},"query-input":{"@type":"PropertyValueSpecification","valueRequired":true,"valueName":"search_term_string"}}],"inLanguage":"ko-KR"},{"@type":"Organization","@id":"https:\/\/interpetfest.com\/#organization","name":"InterPetFest","url":"https:\/\/interpetfest.com\/","logo":{"@type":"ImageObject","inLanguage":"ko-KR","@id":"https:\/\/interpetfest.com\/#\/schema\/logo\/image\/","url":"https:\/\/interpetfest.com\/wp-content\/uploads\/2025\/06\/Logo-InterPetFest.png","contentUrl":"https:\/\/interpetfest.com\/wp-content\/uploads\/2025\/06\/Logo-InterPetFest.png","width":"1025","height":"344","caption":"InterPetFest"},"image":{"@id":"https:\/\/interpetfest.com\/#\/schema\/logo\/image\/"}}]}},"_links":{"self":[{"href":"https:\/\/interpetfest.com\/ko\/wp-json\/wp\/v2\/pages\/5467","targetHints":{"allow":["GET"]}}],"collection":[{"href":"https:\/\/interpetfest.com\/ko\/wp-json\/wp\/v2\/pages"}],"about":[{"href":"https:\/\/interpetfest.com\/ko\/wp-json\/wp\/v2\/types\/page"}],"author":[{"embeddable":true,"href":"https:\/\/interpetfest.com\/ko\/wp-json\/wp\/v2\/users\/1"}],"replies":[{"embeddable":true,"href":"https:\/\/interpetfest.com\/ko\/wp-json\/wp\/v2\/comments?post=5467"}],"version-history":[{"count":0,"href":"https:\/\/interpetfest.com\/ko\/wp-json\/wp\/v2\/pages\/5467\/revisions"}],"wp:attachment":[{"href":"https:\/\/interpetfest.com\/ko\/wp-json\/wp\/v2\/media?parent=5467"}],"curies":[{"name":"wp","href":"https:\/\/api.w.org\/{rel}","templated":true}]}}