{"id":12339,"date":"2024-11-11T18:15:37","date_gmt":"2024-11-11T11:15:37","guid":{"rendered":"https:\/\/interpetfest.com\/?page_id=12339"},"modified":"2024-11-11T18:15:37","modified_gmt":"2024-11-11T11:15:37","slug":"2025-the-best-moment-to-enter-the-vietnamese-pet-market","status":"publish","type":"page","link":"https:\/\/interpetfest.com\/vi\/2025-la-thoi-diem-tot-nhat-de-gia-nhap-thi-truong-thu-cung-viet-nam\/","title":{"rendered":"2025, Th\u1eddi \u0111i\u1ec3m t\u1ed1t nh\u1ea5t \u0111\u1ec3 gia nh\u1eadp th\u1ecb tr\u01b0\u1eddng th\u00fa c\u01b0ng Vi\u1ec7t Nam"},"content":{"rendered":"<p>K\u00ednh g\u1eedi Qu\u00fd kh\u00e1ch h\u00e0ng,<\/p>\n<p>Tham gia Ch\u1ee3 th\u00fa c\u01b0ng Vi\u1ec7t Nam qua <strong>InterPetFest 2025<\/strong>: S\u1ef1 ki\u1ec7n B2B2C Pet \u0111\u01b0\u1ee3c mong \u0111\u1ee3i nh\u1ea5t t\u1ea1i Vi\u1ec7t Nam n\u0103m 2025. H\u00e3y \u0111\u1ec3 t\u00f4i cho b\u1ea1n bi\u1ebft l\u00fd do.<\/p>\n<p>\u2013 S\u1ef1 ki\u1ec7n th\u00fa c\u01b0ng DUY NH\u1ea4T t\u1ea1i Vi\u1ec7t Nam d\u00e0nh ri\u00eang cho th\u00fa c\u01b0ng. InterPetFest \u0111\u1ea3m b\u1ea3o kh\u00f4ng gian tri\u1ec3n l\u00e3m 100% d\u00e0nh ri\u00eang cho vi\u1ec7c tr\u01b0ng b\u00e0y c\u00e1c s\u1ea3n ph\u1ea9m, d\u1ecbch v\u1ee5 v\u00e0 h\u00e0ng h\u00f3a li\u00ean quan \u0111\u1ebfn th\u00fa c\u01b0ng.<\/p>\n<p>\u2013 InterPetFest, S\u1ef0 KI\u1ec6N M\u1ed8T C\u1eecA D\u00c0NH CHO TH\u00da C\u01afNG l\u1edbn nh\u1ea5t, k\u1ebft n\u1ed1i c\u00f4ng ty c\u1ee7a b\u1ea1n v\u1edbi c\u00e1c nh\u00e0 nh\u1eadp kh\u1ea9u, nh\u00e0 ph\u00e2n ph\u1ed1i, ng\u01b0\u1eddi mua, nh\u00e0 b\u00e1n l\u1ebb, chuy\u00ean gia trong ng\u00e0nh, c\u1ed1 v\u1ea5n ph\u00e1p l\u00fd trong l\u0129nh v\u1ef1c th\u00fa c\u01b0ng, chuy\u00ean gia t\u00f9y ch\u1ec9nh th\u00fa c\u01b0ng, c\u00f4ng ty lu\u1eadt, \u0111\u1ea1i l\u00fd ti\u1ebfp th\u1ecb v\u00e0 ng\u01b0\u1eddi ti\u00eau d\u00f9ng ti\u1ec1m n\u0103ng. Th\u00f4ng tin th\u1ecb tr\u01b0\u1eddng c\u0169ng \u0111\u01b0\u1ee3c InterPetFest h\u1ed7 tr\u1ee3.<\/p>\n<p>\u2013 \u1ede m\u1ed9t s\u1ed1 qu\u1ed1c gia APAC, c\u00e1c s\u1ef1 ki\u1ec7n th\u00fa c\u01b0ng B2B2C \u0111\u00e3 \u0111\u01b0\u1ee3c ch\u1ee9ng minh l\u00e0 kh\u00e1i ni\u1ec7m ph\u00f9 h\u1ee3p nh\u1ea5t.<\/p>\n<p>\u2013 L\u1ea7n \u0110\u1ea6U TI\u00caN, b\u1eaft \u0111\u1ea7u t\u1eeb n\u0103m 2025, v\u1eadt nu\u00f4i \u0111\u01b0\u1ee3c ph\u00e9p v\u00e0o b\u00ean trong SECC, \u0111\u1ecba \u0111i\u1ec3m tr\u01b0ng b\u00e0y hi\u1ec7n \u0111\u1ea1i v\u00e0 chuy\u00ean nghi\u1ec7p nh\u1ea5t Vi\u1ec7t Nam.<\/p>\n<p>\u2013 T\u1eeb n\u0103m 2018, ban t\u1ed5 ch\u1ee9c \u0111\u00e3 t\u1ed5 ch\u1ee9c nhi\u1ec1u s\u1ef1 ki\u1ec7n th\u00fa c\u01b0ng t\u1ea1i \u0111\u1ecba ph\u01b0\u01a1ng v\u1edbi t\u00ean g\u1ecdi: Vietnam Pet Festival, Pet Perfect Pet Festival \u0110\u1ea7m Sen. B\u1eaft \u0111\u1ea7u t\u1eeb n\u0103m 2025, ch\u00fang t\u00f4i quy\u1ebft \u0111\u1ecbnh m\u1edf r\u1ed9ng ra QU\u1ed0C T\u1ebe v\u1edbi t\u00ean g\u1ecdi InterPetFest.<\/p>\n<p><strong>\ud83c\uddfb\ud83c\uddf3 Kho\u1ea3nh kh\u1eafc tuy\u1ec7t v\u1eddi nh\u1ea5t <\/strong>\u0111\u1ec3 gia nh\u1eadp ng\u00e0nh th\u00fa c\u01b0ng Vi\u1ec7t Nam t\u1ea1i InterPetFest 2025.<br \/>\n\ud83c\udf0d Tr\u01b0ng b\u00e0y t\u1ea1i InterPetFest, \u0111\u1ec3 <strong>n\u00e2ng cao m\u1ea1ng l\u01b0\u1edbi ph\u00e2n ph\u1ed1i trong n\u01b0\u1edbc v\u00e0 \u0110\u00f4ng D\u01b0\u01a1ng c\u1ee7a b\u1ea1n<\/strong><br \/>\n\ud83e\udd1d T\u0103ng c\u01b0\u1eddng nh\u1eadn di\u1ec7n th\u01b0\u01a1ng hi\u1ec7u <strong>10.000 ng\u01b0\u1eddi ti\u00eau d\u00f9ng<\/strong> t\u1ea1i InterPetFest<\/p>\n<p>T\u00ecm th\u00eam th\u00f4ng tin v\u1ec1 InterPetFest nh\u01b0 b\u00ean d\u01b0\u1edbi:<\/p>\n<p><strong>L\u1ec5 h\u1ed9i &amp; Tri\u1ec3n l\u00e3m Th\u00fa c\u01b0ng Qu\u1ed1c t\u1ebf Vi\u1ec7t Nam (InterPetFest Vietnam 2025)<\/strong><br \/>\n\ud83d\udcc5 20 \u2013 22.02.2025<br \/>\n\u23f0 9:00 s\u00e1ng* \u2013 7:00 t\u1ed1i*<br \/>\n\ud83d\udccd SECC, 799 Nguy\u1ec5n V\u0103n Linh, Qu\u1eadn 7, Th\u00e0nh ph\u1ed1 H\u1ed3 Ch\u00ed Minh, Vi\u1ec7t Nam<br \/>\n(L\u1ea7n \u0111\u1ea7u ti\u00ean, th\u00fa c\u01b0ng \u0111\u01b0\u1ee3c ph\u00e9p v\u00e0o SECC)<\/p>\n<p><strong>C\u00e1c m\u1eb7t h\u00e0ng tri\u1ec3n l\u00e3m:<\/strong><br \/>\n\ud83d\udc3e Th\u1ee9c \u0103n &amp; \u0111\u1ed3 \u0103n v\u1eb7t cho th\u00fa c\u01b0ng<br \/>\n\ud83c\udfbe \u0110\u1ed3 ch\u01a1i &amp; Ph\u1ee5 ki\u1ec7n cho th\u00fa c\u01b0ng<br \/>\n\ud83c\udfe8 Kh\u00e1ch s\u1ea1n th\u00fa c\u01b0ng &amp; V\u1eadn chuy\u1ec3n<br \/>\n\ud83d\udc8a S\u1ee9c kh\u1ecfe &amp; Y h\u1ecdc th\u00fa c\u01b0ng<br \/>\n\u2702\ufe0f Ch\u0103m s\u00f3c &amp; Ch\u1ea3i chu\u1ed1t Th\u00fa c\u01b0ng<br \/>\n\ud83c\udfea C\u1eeda h\u00e0ng th\u00fa c\u01b0ng<br \/>\n\ud83d\udd27 Thi\u1ebft b\u1ecb &amp; C\u00f4ng ngh\u1ec7 cho th\u00fa c\u01b0ng<br \/>\n\ud83d\udcda Gi\u00e1o d\u1ee5c &amp; \u0110\u00e0o t\u1ea1o<br \/>\n\ud83d\udc36 Ng\u01b0\u1eddi ch\u0103n nu\u00f4i<\/p>\n<p>Ng\u01b0\u1eddi tham d\u1ef1: <strong>3,000+<\/strong> c\u1eeda h\u00e0ng th\u00fa c\u01b0ng\/ph\u00f2ng kh\u00e1m\/spa\/ng\u01b0\u1eddi mua to\u00e0n b\u1ed9, <strong>100+<\/strong> nh\u00e0 nh\u1eadp kh\u1ea9u\/ph\u00e2n ph\u1ed1i ch\u00ednh t\u1eeb \u0110\u00f4ng D\u01b0\u01a1ng v\u00e0 h\u01a1n 10.000 ch\u1ee7 s\u1edf h\u1eefu th\u00fa c\u01b0ng. \u0110\u00e2y l\u00e0 nh\u1eefng con s\u1ed1 \u0111\u00e1ng k\u1ec3 \u0111\u1ed1i v\u1edbi th\u1ecb tr\u01b0\u1eddng th\u00fa c\u01b0ng Vi\u1ec7t Nam.<\/p>\n<p>InterPetFest s\u1ebd bao g\u1ed3m <strong>5.000m2<\/strong> t\u1ea1i trung t\u00e2m tri\u1ec3n l\u00e3m chuy\u00ean nghi\u1ec7p nh\u1ea5t Vi\u1ec7t Nam: SECC, s\u1ebd tr\u01b0ng b\u00e0y 200 gian h\u00e0ng B2B v\u00e0 50 gian h\u00e0ng B2C.<\/p>\n<p>InterPetFest c\u00f3 th\u1ec3 cung c\u1ea5p nh\u1eefng g\u00ec cho c\u00e1c \u0111\u01a1n v\u1ecb tri\u1ec3n l\u00e3m c\u1ee7a ch\u00fang t\u00f4i:<br \/>\n\u2013 Ng\u01b0\u1eddi tri\u1ec3n l\u00e3m k\u1ebft n\u1ed1i v\u1edbi <strong>3.000<\/strong> nh\u00e0 nh\u1eadp kh\u1ea9u \u0111\u1ecba ph\u01b0\u01a1ng, nh\u00e0 ph\u00e2n ph\u1ed1i ch\u00ednh, ng\u01b0\u1eddi t\u00ecm ki\u1ebfm doanh nghi\u1ec7p, c\u1eeda h\u00e0ng th\u00fa c\u01b0ng\/ ph\u00f2ng kh\u00e1m\/ spa, ng\u01b0\u1eddi mua\/ ng\u01b0\u1eddi b\u00e1n to\u00e0n b\u1ed9 t\u1ea1i Vi\u1ec7t Nam.<br \/>\n\u2013 InterPetFest c\u0169ng t\u1ed5 ch\u1ee9c c\u00e1c \u0111o\u00e0n kh\u00e1ch mua h\u00e0ng n\u01b0\u1edbc ngo\u00e0i, v\u1edbi t\u1ed5ng s\u1ed1 <strong>100+<\/strong> Kh\u00e1ch h\u00e0ng t\u1eeb c\u00e1c n\u01b0\u1edbc \u0110\u00f4ng D\u01b0\u01a1ng. InterPetFest mang \u0111\u1ebfn cho c\u00e1c nh\u00e0 tri\u1ec3n l\u00e3m c\u01a1 h\u1ed9i kinh doanh t\u1ea1i th\u1ecb tr\u01b0\u1eddng L\u00e0o, Myanmar v\u00e0 Campuchia.<br \/>\n- V\u1edbi <strong>10.000<\/strong> \u0110\u1ed1i v\u1edbi nh\u1eefng ng\u01b0\u1eddi nu\u00f4i th\u00fa c\u01b0ng tham d\u1ef1 s\u1ef1 ki\u1ec7n k\u00e9o d\u00e0i 3 ng\u00e0y, InterPetFest l\u00e0 n\u01a1i t\u1ed1t nh\u1ea5t \u0111\u1ec3 n\u00e2ng cao nh\u1eadn th\u1ee9c v\u1ec1 th\u01b0\u01a1ng hi\u1ec7u c\u1ee7a b\u1ea1n \u0111\u1ed1i v\u1edbi ng\u01b0\u1eddi ti\u00eau d\u00f9ng.<br \/>\n\u2013 N\u01a1i t\u1ed1t nh\u1ea5t \u0111\u1ec3 nghi\u00ean c\u1ee9u th\u1ecb tr\u01b0\u1eddng, t\u00ecm hi\u1ec3u th\u1ecb tr\u01b0\u1eddng \u0111\u1ecba ph\u01b0\u01a1ng, xu h\u01b0\u1edbng, h\u00e0nh vi ng\u01b0\u1eddi ti\u00eau d\u00f9ng, ra m\u1eaft s\u1ea3n ph\u1ea9m, \u0111\u1ecbnh v\u1ecb th\u01b0\u01a1ng hi\u1ec7u c\u1ee7a b\u1ea1n t\u1ea1i s\u1ef1 ki\u1ec7n th\u00fa c\u01b0ng l\u1edbn nh\u1ea5t Vi\u1ec7t Nam.<br \/>\n\u2013 T\u1ea1i InterPetFest, c\u00e1c nh\u00e0 tri\u1ec3n l\u00e3m <strong>g\u1eb7p g\u1ee1 t\u1ea5t c\u1ea3 nh\u1eefng ng\u01b0\u1eddi quan tr\u1ecdng<\/strong> c\u1ee7a ng\u00e0nh, k\u1ebft n\u1ed1i th\u00f4ng tin kinh doanh, t\u00ecm hi\u1ec3u ch\u00ednh s\u00e1ch ph\u00e1p l\u00fd\u2026 c\u00f3 c\u01a1 h\u1ed9i th\u1ef1c s\u1ef1 \u0111\u1ec3 \u0111\u1ecbnh c\u01b0 t\u1ea1i Vi\u1ec7t Nam.<\/p>\n<p><strong>T\u1ea1i sao InterPetFest l\u1ea1i l\u00e0 m\u1ed9t hi\u1ec7n t\u01b0\u1ee3ng \u1edf Vi\u1ec7t Nam:<\/strong><br \/>\n1. L\u1ea7n \u0111\u1ea7u ti\u00ean th\u00fa c\u01b0ng \u0111\u01b0\u1ee3c ph\u00e9p v\u00e0o SECC, \u0111\u1ecba \u0111i\u1ec3m t\u1ed5 ch\u1ee9c s\u1ef1 ki\u1ec7n chuy\u00ean nghi\u1ec7p, c\u00f3 m\u00e1y l\u1ea1nh l\u1edbn nh\u1ea5t Vi\u1ec7t Nam.<\/p>\n<p>2. Trong khu\u00f4n kh\u1ed5 InterPetFest Vietnam 2025 c\u00f3 c\u00e1c ho\u1ea1t \u0111\u1ed9ng:<br \/>\n\u2013 Tri\u1ec3n l\u00e3m ch\u00f3 l\u1edbn SECC Vi\u1ec7t Nam \u0111\u01b0\u1ee3c c\u1ea5p ph\u00e9p b\u1edfi FCI (Danh hi\u1ec7u v\u00f4 \u0111\u1ecbch \u0111\u01b0\u1ee3c c\u00f4ng nh\u1eadn t\u1ea1i Ch\u00e2u \u00c1, Ch\u00e2u \u0110\u1ea1i D\u01b0\u01a1ng, Ch\u00e2u Phi)<\/p>\n<p>\u2013 H\u1ed9i ngh\u1ecb chuy\u00ean gia th\u00fa y \u0111\u1ed9ng v\u1eadt nh\u1ecf Vi\u1ec7t Nam: H\u1ed9i ngh\u1ecb 2 ng\u00e0y - H\u1ed9i ngh\u1ecb \u0111\u0103ng k\u00fd tr\u1ea3 tr\u01b0\u1edbc l\u1edbn nh\u1ea5t v\u1edbi 320 b\u00e1c s\u0129 th\u00fa y<\/p>\n<p>\u2013 ISCC GROOMING COMPETITION VI\u1ec6T NAM (Cu\u1ed9c thi ch\u1ea3i chu\u1ed1t l\u1edbn nh\u1ea5t t\u1eeb tr\u01b0\u1edbc \u0111\u1ebfn nay di\u1ec5n ra t\u1ea1i Vi\u1ec7t Nam)<\/p>\n<p>\u2013 Gi\u1ea3i ch\u1ea1y InterPetFest Dogathon v\u1edbi h\u01a1n 1.000 ch\u00fa ch\u00f3 v\u00e0 h\u01a1n 1.000 ph\u1ee5 huynh tham gia ch\u1ea1y b\u1ed9 2km v\u00e0 4km v\u1edbi v\u00e9 tr\u1ea3 tr\u01b0\u1edbc. Gi\u1ea3i ch\u1ea1y c\u1ed9ng \u0111\u1ed3ng n\u00e0y nh\u1eb1m n\u00e2ng cao nh\u1eadn th\u1ee9c v\u1ec1 ph\u00fac l\u1ee3i \u0111\u1ed9ng v\u1eadt.<br \/>\nVideo clip v\u1ec1 cu\u1ed9c \u0111ua ch\u00f3: <a href=\"https:\/\/www.youtube.com\/watch?v=DmUO8gdTKdc\">https:\/\/www.youtube.com\/watch?v=DmUO8gdTKdc<\/a><\/p>\n<p>\u2013 Chu\u1ed7i cu\u1ed9c thi th\u00fa c\u01b0ng k\u00e9o d\u00e0i 2 ng\u00e0y d\u00e0nh cho c\u00e1c th\u00fa c\u01b0ng kh\u00f4ng c\u00f3 gi\u1ea5y t\u1edd bao g\u1ed3m c\u00e1c tr\u00f2 ch\u01a1i: Ch\u00f3 \u0111\u1eb9p, M\u00e8o \u0111\u1eb9p, Th\u1eddi trang ch\u00f3, Th\u1eddi trang m\u00e8o, Ch\u00f3 nhanh nh\u1eb9n, \u0110ua ch\u00f3 Corgi\u2026<\/p>\n<p>\u2013 H\u1ed9i th\u1ea3o chuy\u00ean nghi\u1ec7p v\u1ec1 ng\u00e0nh th\u00fa c\u01b0ng k\u00e9o d\u00e0i 1 ng\u00e0y v\u00e0 H\u1ed9i th\u1ea3o d\u00e0nh cho ch\u1ee7 s\u1edf h\u1eefu th\u00fa c\u01b0ng k\u00e9o d\u00e0i 3 ng\u00e0y<\/p>\n<p>\u2013 L\u00f2ng t\u1ed1t c\u1ee7a InterPetFest: Ch\u00fang t\u00f4i s\u1ebd c\u00f3 m\u1ed9t kho\u1ea3n ti\u1ec1n m\u1eb7t v\u00e0 s\u1ea3n ph\u1ea9m \u0111\u1ec3 quy\u00ean g\u00f3p cho 5 trung t\u00e2m c\u1ee9u h\u1ed9 n\u1ed5i ti\u1ebfng v\u00e0 \u0111\u00e1ng tin c\u1eady.<\/p>\n<p>3. InterPetFest \u0111\u01b0\u1ee3c t\u1ed5 ch\u1ee9c theo ti\u00eau chu\u1ea9n qu\u1ed1c t\u1ebf theo l\u1eddi khuy\u00ean c\u1ee7a c\u00e1c chuy\u00ean gia th\u00fa c\u01b0ng Vi\u1ec7t Nam v\u00e0 c\u00e1c chuy\u00ean gia s\u1ef1 ki\u1ec7n th\u00fa c\u01b0ng H\u00e0n Qu\u1ed1c.<\/p>\n<p>4. C\u00e1c nh\u00e0 t\u1ed5 ch\u1ee9c v\u00e0 \u0111\u1ea1i l\u00fd tri\u1ec3n l\u00e3m th\u00fa c\u01b0ng t\u1eeb kh\u1eafp n\u01a1i tr\u00ean th\u1ebf gi\u1edbi, bao g\u1ed3m Eurasia Petzoo Th\u1ed5 Nh\u0129 K\u1ef3, IIPTF \u1ea4n \u0110\u1ed9, IIPE Indonesia, H\u00e0n Qu\u1ed1c, \u0110\u00e0i Loan, Nh\u1eadt B\u1ea3n v\u00e0 nhi\u1ec1u n\u01b0\u1edbc kh\u00e1c \u0111\u1ebfn t\u1eeb \u00dd, \u0110\u1ee9c, Hoa K\u1ef3, Canada, Trung Qu\u1ed1c, Singapore, Malaysia l\u00e0 nh\u1eefng ng\u01b0\u1eddi \u1ee7ng h\u1ed9 InterPetFest Vi\u1ec7t Nam.<\/p>\n<p>5. Ngo\u00e0i ra, ch\u00ednh ph\u1ee7 \u0110\u00e0i Loan v\u00e0 Th\u00e1i Lan c\u00f2n h\u1ed7 tr\u1ee3 InterPetFest, ngh\u0129a l\u00e0 c\u00e1c doanh nghi\u1ec7p tham gia s\u1ebd nh\u1eadn \u0111\u01b0\u1ee3c h\u1ed7 tr\u1ee3 t\u00e0i ch\u00ednh t\u1eeb ch\u00ednh ph\u1ee7 c\u1ee7a h\u1ecd. Ch\u00ednh ph\u1ee7 Singapore v\u00e0 H\u00e0n Qu\u1ed1c c\u0169ng c\u00f3 h\u1ec7 th\u1ed1ng h\u1ed7 tr\u1ee3 t\u00e0i ch\u00ednh ri\u00eang \u0111\u1ec3 h\u1ed7 tr\u1ee3 c\u00e1c c\u00f4ng ty xu\u1ea5t kh\u1ea9u c\u1ee7a H\u00e0n Qu\u1ed1c v\u00e0 Singapore.<\/p>\n<p>H\u1eb9n g\u1eb7p l\u1ea1i b\u1ea1n t\u1ea1i s\u1ef1 ki\u1ec7n th\u00fa c\u01b0ng \u0111\u01b0\u1ee3c mong \u0111\u1ee3i nh\u1ea5t Vi\u1ec7t Nam \u2013 InterPetFest 2025<\/p>\n<p>InterPetFest Vietnam 2025 \u2013 Tri\u1ec3n l\u00e3m &amp; H\u1ed9i ch\u1ee3 Th\u00fa c\u01b0ng Qu\u1ed1c t\u1ebf Vi\u1ec7t Nam<br \/>\n\ud83d\udcc5 Ng\u00e0y: 20 \u2013 22.02.2025<br \/>\n\u23f0 Th\u1eddi gian: 9:00 s\u00e1ng* \u2013 7:00 t\u1ed1i*<br \/>\n\ud83d\udccd \u0110\u1ecba \u0111i\u1ec3m: SECC, 799 Nguy\u1ec5n V\u0103n Linh, Q.7, TP.HCM, VN<br \/>\n\ud83c\udf10 Trang web: https:\/\/interpetfest.com\/<\/p>\n<p>\ud83d\udcde Li\u00ean h\u1ec7: C\u00f4ng ty C\u1ed5 ph\u1ea7n S\u1ef1 ki\u1ec7n v\u00e0 Tri\u1ec3n l\u00e3m Eventure.<br \/>\n\u0110T\/Whatsapp\/Zalo\/Wechat: +84 9345 11953<br \/>\n\u2709\ufe0f E. nhanlieu@eventure.com.vn<\/p>","protected":false},"excerpt":{"rendered":"<p>K\u00ednh g\u1eedi Qu\u00fd kh\u00e1ch h\u00e0ng, H\u00e3y c\u00f9ng tham gia Th\u1ecb tr\u01b0\u1eddng Th\u00fa c\u01b0ng Vi\u1ec7t Nam v\u1edbi InterPetFest 2025: S\u1ef1 ki\u1ec7n B2B2C Th\u00fa c\u01b0ng \u0111\u01b0\u1ee3c mong \u0111\u1ee3i nh\u1ea5t Vi\u1ec7t Nam n\u0103m 2025. H\u00e3y \u0111\u1ec3 t\u00f4i gi\u1ea3i th\u00edch l\u00fd do. \u2013 S\u1ef1 ki\u1ec7n th\u00fa c\u01b0ng DUY NH\u1ea4T t\u1ea1i Vi\u1ec7t Nam d\u00e0nh ri\u00eang cho th\u00fa c\u01b0ng. InterPetFest \u0111\u1ea3m b\u1ea3o kh\u00f4ng gian tri\u1ec3n l\u00e3m 100% d\u00e0nh ri\u00eang cho vi\u1ec7c tr\u01b0ng b\u00e0y c\u00e1c s\u1ea3n ph\u1ea9m, d\u1ecbch v\u1ee5 v\u00e0 h\u00e0ng h\u00f3a li\u00ean quan \u0111\u1ebfn th\u00fa c\u01b0ng. \u2013 InterPetFest, S\u1ef0 KI\u1ec6N M\u1ed8T C\u1eecA CH\u1ed6 L\u1edaN NH\u1ea4T CHO TH\u00da C\u01afNG, li\u00ean k\u1ebft<\/p>","protected":false},"author":1,"featured_media":0,"parent":0,"menu_order":0,"comment_status":"closed","ping_status":"closed","template":"","meta":{"inline_featured_image":false,"footnotes":""},"class_list":["post-12339","page","type-page","status-publish","hentry"],"acf":[],"yoast_head":"<!-- This site is optimized with the Yoast SEO Premium plugin v22.8 (Yoast SEO v26.3) - https:\/\/yoast.com\/wordpress\/plugins\/seo\/ -->\n<title>2025, The best moment to enter the Vietnamese Pet Market - InterPetFest<\/title>\n<meta name=\"robots\" content=\"index, follow, max-snippet:-1, max-image-preview:large, max-video-preview:-1\" \/>\n<link rel=\"canonical\" href=\"https:\/\/interpetfest.com\/vi\/2025-la-thoi-diem-tot-nhat-de-gia-nhap-thi-truong-thu-cung-viet-nam\/\" \/>\n<meta property=\"og:locale\" content=\"vi_VN\" \/>\n<meta property=\"og:type\" content=\"article\" \/>\n<meta property=\"og:title\" content=\"2025, The best moment to enter the Vietnamese Pet Market\" \/>\n<meta property=\"og:description\" content=\"Dear Customers, Enter Vietnam Pet Market via InterPetFest 2025: Vietnam&#8217;s most anticipated B2B2C Pet event for 2025. Let me tell you why. &#8211; The ONLY pet event in Vietnam that is SOLELY about pets. InterPetFest guarantees a 100% exhibition space dedicated to showcasing pet-related products, services, and goods. &#8211; InterPetFest, the biggest ONE-STOP-PET EVENT, links\" \/>\n<meta property=\"og:url\" content=\"https:\/\/interpetfest.com\/vi\/2025-la-thoi-diem-tot-nhat-de-gia-nhap-thi-truong-thu-cung-viet-nam\/\" \/>\n<meta property=\"og:site_name\" content=\"InterPetFest\" \/>\n<meta name=\"twitter:card\" content=\"summary_large_image\" \/>\n<meta name=\"twitter:label1\" content=\"\u01af\u1edbc t\u00ednh th\u1eddi gian \u0111\u1ecdc\" \/>\n\t<meta name=\"twitter:data1\" content=\"4 ph\u00fat\" \/>\n<script type=\"application\/ld+json\" class=\"yoast-schema-graph\">{\"@context\":\"https:\/\/schema.org\",\"@graph\":[{\"@type\":\"WebPage\",\"@id\":\"https:\/\/interpetfest.com\/2025-the-best-moment-to-enter-the-vietnamese-pet-market\/\",\"url\":\"https:\/\/interpetfest.com\/2025-the-best-moment-to-enter-the-vietnamese-pet-market\/\",\"name\":\"2025, The best moment to enter the Vietnamese Pet Market - InterPetFest\",\"isPartOf\":{\"@id\":\"https:\/\/interpetfest.com\/#website\"},\"datePublished\":\"2024-11-11T11:15:37+00:00\",\"breadcrumb\":{\"@id\":\"https:\/\/interpetfest.com\/2025-the-best-moment-to-enter-the-vietnamese-pet-market\/#breadcrumb\"},\"inLanguage\":\"vi\",\"potentialAction\":[{\"@type\":\"ReadAction\",\"target\":[\"https:\/\/interpetfest.com\/2025-the-best-moment-to-enter-the-vietnamese-pet-market\/\"]}]},{\"@type\":\"BreadcrumbList\",\"@id\":\"https:\/\/interpetfest.com\/2025-the-best-moment-to-enter-the-vietnamese-pet-market\/#breadcrumb\",\"itemListElement\":[{\"@type\":\"ListItem\",\"position\":1,\"name\":\"Home\",\"item\":\"https:\/\/interpetfest.com\/\"},{\"@type\":\"ListItem\",\"position\":2,\"name\":\"2025, The best moment to enter the Vietnamese Pet Market\"}]},{\"@type\":\"WebSite\",\"@id\":\"https:\/\/interpetfest.com\/#website\",\"url\":\"https:\/\/interpetfest.com\/\",\"name\":\"InterPetFest\",\"description\":\"\",\"publisher\":{\"@id\":\"https:\/\/interpetfest.com\/#organization\"},\"potentialAction\":[{\"@type\":\"SearchAction\",\"target\":{\"@type\":\"EntryPoint\",\"urlTemplate\":\"https:\/\/interpetfest.com\/?s={search_term_string}\"},\"query-input\":{\"@type\":\"PropertyValueSpecification\",\"valueRequired\":true,\"valueName\":\"search_term_string\"}}],\"inLanguage\":\"vi\"},{\"@type\":\"Organization\",\"@id\":\"https:\/\/interpetfest.com\/#organization\",\"name\":\"InterPetFest\",\"url\":\"https:\/\/interpetfest.com\/\",\"logo\":{\"@type\":\"ImageObject\",\"inLanguage\":\"vi\",\"@id\":\"https:\/\/interpetfest.com\/#\/schema\/logo\/image\/\",\"url\":\"https:\/\/interpetfest.com\/wp-content\/uploads\/2025\/06\/Logo-InterPetFest.png\",\"contentUrl\":\"https:\/\/interpetfest.com\/wp-content\/uploads\/2025\/06\/Logo-InterPetFest.png\",\"width\":\"1025\",\"height\":\"344\",\"caption\":\"InterPetFest\"},\"image\":{\"@id\":\"https:\/\/interpetfest.com\/#\/schema\/logo\/image\/\"}}]}<\/script>\n<!-- \/ Yoast SEO Premium plugin. -->","yoast_head_json":{"title":"2025, The best moment to enter the Vietnamese Pet Market - InterPetFest","robots":{"index":"index","follow":"follow","max-snippet":"max-snippet:-1","max-image-preview":"max-image-preview:large","max-video-preview":"max-video-preview:-1"},"canonical":"https:\/\/interpetfest.com\/vi\/2025-la-thoi-diem-tot-nhat-de-gia-nhap-thi-truong-thu-cung-viet-nam\/","og_locale":"vi_VN","og_type":"article","og_title":"2025, The best moment to enter the Vietnamese Pet Market","og_description":"Dear Customers, Enter Vietnam Pet Market via InterPetFest 2025: Vietnam&#8217;s most anticipated B2B2C Pet event for 2025. Let me tell you why. &#8211; The ONLY pet event in Vietnam that is SOLELY about pets. InterPetFest guarantees a 100% exhibition space dedicated to showcasing pet-related products, services, and goods. &#8211; InterPetFest, the biggest ONE-STOP-PET EVENT, links","og_url":"https:\/\/interpetfest.com\/vi\/2025-la-thoi-diem-tot-nhat-de-gia-nhap-thi-truong-thu-cung-viet-nam\/","og_site_name":"InterPetFest","twitter_card":"summary_large_image","twitter_misc":{"\u01af\u1edbc t\u00ednh th\u1eddi gian \u0111\u1ecdc":"4 ph\u00fat"},"schema":{"@context":"https:\/\/schema.org","@graph":[{"@type":"WebPage","@id":"https:\/\/interpetfest.com\/2025-the-best-moment-to-enter-the-vietnamese-pet-market\/","url":"https:\/\/interpetfest.com\/2025-the-best-moment-to-enter-the-vietnamese-pet-market\/","name":"2025, The best moment to enter the Vietnamese Pet Market - InterPetFest","isPartOf":{"@id":"https:\/\/interpetfest.com\/#website"},"datePublished":"2024-11-11T11:15:37+00:00","breadcrumb":{"@id":"https:\/\/interpetfest.com\/2025-the-best-moment-to-enter-the-vietnamese-pet-market\/#breadcrumb"},"inLanguage":"vi","potentialAction":[{"@type":"ReadAction","target":["https:\/\/interpetfest.com\/2025-the-best-moment-to-enter-the-vietnamese-pet-market\/"]}]},{"@type":"BreadcrumbList","@id":"https:\/\/interpetfest.com\/2025-the-best-moment-to-enter-the-vietnamese-pet-market\/#breadcrumb","itemListElement":[{"@type":"ListItem","position":1,"name":"Home","item":"https:\/\/interpetfest.com\/"},{"@type":"ListItem","position":2,"name":"2025, The best moment to enter the Vietnamese Pet Market"}]},{"@type":"WebSite","@id":"https:\/\/interpetfest.com\/#website","url":"https:\/\/interpetfest.com\/","name":"InterPetFest","description":"","publisher":{"@id":"https:\/\/interpetfest.com\/#organization"},"potentialAction":[{"@type":"SearchAction","target":{"@type":"EntryPoint","urlTemplate":"https:\/\/interpetfest.com\/?s={search_term_string}"},"query-input":{"@type":"PropertyValueSpecification","valueRequired":true,"valueName":"search_term_string"}}],"inLanguage":"vi"},{"@type":"Organization","@id":"https:\/\/interpetfest.com\/#organization","name":"InterPetFest","url":"https:\/\/interpetfest.com\/","logo":{"@type":"ImageObject","inLanguage":"vi","@id":"https:\/\/interpetfest.com\/#\/schema\/logo\/image\/","url":"https:\/\/interpetfest.com\/wp-content\/uploads\/2025\/06\/Logo-InterPetFest.png","contentUrl":"https:\/\/interpetfest.com\/wp-content\/uploads\/2025\/06\/Logo-InterPetFest.png","width":"1025","height":"344","caption":"InterPetFest"},"image":{"@id":"https:\/\/interpetfest.com\/#\/schema\/logo\/image\/"}}]}},"_links":{"self":[{"href":"https:\/\/interpetfest.com\/vi\/wp-json\/wp\/v2\/pages\/12339","targetHints":{"allow":["GET"]}}],"collection":[{"href":"https:\/\/interpetfest.com\/vi\/wp-json\/wp\/v2\/pages"}],"about":[{"href":"https:\/\/interpetfest.com\/vi\/wp-json\/wp\/v2\/types\/page"}],"author":[{"embeddable":true,"href":"https:\/\/interpetfest.com\/vi\/wp-json\/wp\/v2\/users\/1"}],"replies":[{"embeddable":true,"href":"https:\/\/interpetfest.com\/vi\/wp-json\/wp\/v2\/comments?post=12339"}],"version-history":[{"count":0,"href":"https:\/\/interpetfest.com\/vi\/wp-json\/wp\/v2\/pages\/12339\/revisions"}],"wp:attachment":[{"href":"https:\/\/interpetfest.com\/vi\/wp-json\/wp\/v2\/media?parent=12339"}],"curies":[{"name":"wp","href":"https:\/\/api.w.org\/{rel}","templated":true}]}}