{"id":13537,"date":"2024-12-04T19:51:30","date_gmt":"2024-12-04T12:51:30","guid":{"rendered":"https:\/\/interpetfest.com\/?page_id=13537"},"modified":"2024-12-04T19:51:30","modified_gmt":"2024-12-04T12:51:30","slug":"invitation-to-participate-in-interpetfest-2025-the-premier-pet-event-in-vietnam","status":"publish","type":"page","link":"https:\/\/interpetfest.com\/vi\/loi-moi-tham-gia-interpetfest-2025-su-kien-thu-cung-hang-dau-tai-viet-nam\/","title":{"rendered":"Th\u01b0 m\u1eddi tham d\u1ef1 InterPetFest 2025 \u2013 S\u1ef1 ki\u1ec7n th\u00fa c\u01b0ng h\u00e0ng \u0111\u1ea7u t\u1ea1i Vi\u1ec7t Nam"},"content":{"rendered":"<p>&nbsp;<\/p>\n<p><img loading=\"lazy\" decoding=\"async\" class=\"alignnone size-full wp-image-13542\" src=\"https:\/\/interpetfest.com\/wp-content\/uploads\/2024\/12\/email-banner.jpg\" alt=\"\" width=\"1920\" height=\"1081\" srcset=\"https:\/\/interpetfest.com\/wp-content\/uploads\/2024\/12\/email-banner.jpg 1600w, https:\/\/interpetfest.com\/wp-content\/uploads\/2024\/12\/email-banner-300x169.jpg 300w, https:\/\/interpetfest.com\/wp-content\/uploads\/2024\/12\/email-banner-1024x577.jpg 1024w, https:\/\/interpetfest.com\/wp-content\/uploads\/2024\/12\/email-banner-768x432.jpg 768w, https:\/\/interpetfest.com\/wp-content\/uploads\/2024\/12\/email-banner-1536x865.jpg 1536w, https:\/\/interpetfest.com\/wp-content\/uploads\/2024\/12\/email-banner-18x10.jpg 18w, https:\/\/interpetfest.com\/wp-content\/uploads\/2024\/12\/email-banner-600x338.jpg 600w\" sizes=\"auto, (max-width: 1920px) 100vw, 1920px\" \/><\/p>\n<p>K\u00ednh g\u1eedi Qu\u00fd kh\u00e1ch h\u00e0ng,<\/p>\n<p>Ch\u00fang t\u00f4i r\u1ea5t vui m\u1eebng th\u00f4ng b\u00e1o r\u1eb1ng <strong>InterPetFest: Tri\u1ec3n l\u00e3m &amp; H\u1ed9i ch\u1ee3 Th\u00fa c\u01b0ng Qu\u1ed1c t\u1ebf Vi\u1ec7t Nam 2025<\/strong> ch\u1ec9 c\u00f2n v\u00e0i th\u00e1ng n\u1eefa th\u00f4i! S\u1ef1 ki\u1ec7n \u0111\u01b0\u1ee3c mong \u0111\u1ee3i n\u00e0y s\u1ebd \u0111\u01b0\u1ee3c t\u1ed5 ch\u1ee9c t\u1eeb <strong>Ng\u00e0y 20-22 th\u00e1ng 2 n\u0103m 2025<\/strong> t\u1ea1i <strong>SECC, 799 Nguy\u1ec5n V\u0103n Linh, Qu\u1eadn 7, TP.HCM<\/strong>.<\/p>\n<div class=\"x11i5rnm xat24cr x1mh8g0r x1vvkbs xtlvy1s x126k92a\">\n<div dir=\"auto\">\n<p><span style=\"font-weight: 400;\">Ch\u1ec9 c\u00f2n v\u00e0i th\u00e1ng n\u1eefa l\u00e0 \u0111\u1ebfn tri\u1ec3n l\u00e3m th\u00fa c\u01b0ng l\u1edbn nh\u1ea5t n\u0103m 2025 \u2013 InterPetFest: L\u1ec5 h\u1ed9i &amp; Tri\u1ec3n l\u00e3m Th\u00fa c\u01b0ng Qu\u1ed1c t\u1ebf Vi\u1ec7t Nam! Ch\u00fang t\u00f4i xin g\u1eedi l\u1eddi c\u1ea3m \u01a1n ch\u00e2n th\u00e0nh \u0111\u1ebfn s\u1ef1 h\u1ed7 tr\u1ee3 tuy\u1ec7t v\u1eddi t\u1eeb c\u00e1c th\u01b0\u01a1ng hi\u1ec7u v\u00e0 \u0111\u1ed1i t\u00e1c trong n\u01b0\u1edbc v\u00e0 qu\u1ed1c t\u1ebf. Nh\u1edd s\u1ef1 h\u1ee3p t\u00e1c ch\u1eb7t ch\u1ebd, s\u1ef1 ki\u1ec7n \u0111\u00e3 \u0111i qua h\u01a1n m\u1ed9t n\u1eeda ch\u1eb7ng \u0111\u01b0\u1eddng v\u1edbi nh\u1eefng k\u1ebft qu\u1ea3 \u1ea5n t\u01b0\u1ee3ng: <\/span><strong>70% gian h\u00e0ng \u0111\u00e3 \u0111\u01b0\u1ee3c \u0111\u1eb7t tr\u01b0\u1edbc!<\/strong><\/p>\n<p><strong>T\u1ea1i sao vi\u1ec7c tr\u01b0ng b\u00e0y t\u1ea1i InterPetFest l\u00e0 \u0111i\u1ec1u doanh nghi\u1ec7p c\u1ee7a b\u1ea1n nh\u1ea5t \u0111\u1ecbnh ph\u1ea3i l\u00e0m?<\/strong><\/p>\n<ul>\n<li style=\"font-weight: 400;\" aria-level=\"1\"><strong>D\u1ef1 ki\u1ebfn c\u00f3 h\u01a1n 13.000 du kh\u00e1ch<\/strong><span style=\"font-weight: 400;\">bao g\u1ed3m ch\u1ee7 c\u1eeda h\u00e0ng th\u00fa c\u01b0ng, ph\u00f2ng kh\u00e1m, spa, c\u0169ng nh\u01b0 nh\u1eefng ng\u01b0\u1eddi nu\u00f4i v\u00e0 \u0111am m\u00ea th\u00fa c\u01b0ng.<\/span><\/li>\n<li style=\"font-weight: 400;\" aria-level=\"1\"><span style=\"font-weight: 400;\">K\u1ebft n\u1ed1i c\u00e1c nh\u00e0 tri\u1ec3n l\u00e3m v\u1edbi h\u01a1n <\/span><strong>3,000<\/strong><span style=\"font-weight: 400;\"> c\u00e1c chuy\u00ean gia kinh doanh \u0111\u1ecba ph\u01b0\u01a1ng v\u00e0 <\/span><strong>H\u01a1n 100 ng\u01b0\u1eddi mua<\/strong><span style=\"font-weight: 400;\"> t\u1eeb \u0110\u00f4ng D\u01b0\u01a1ng, mang \u0111\u1ebfn nh\u1eefng c\u01a1 h\u1ed9i \u0111\u1ed9c \u0111\u00e1o \u0111\u1ec3 m\u1edf r\u1ed9ng th\u1ecb tr\u01b0\u1eddng.\u00a0<\/span><\/li>\n<li style=\"font-weight: 400;\" aria-level=\"1\"><span style=\"font-weight: 400;\">Tham gia nhi\u1ec1u ho\u1ea1t \u0111\u1ed9ng h\u1ea5p d\u1eabn nh\u01b0:<\/span><span style=\"font-weight: 400;\"><br \/>\n<\/span><\/p>\n<div class=\"x11i5rnm xat24cr x1mh8g0r x1vvkbs xtlvy1s x126k92a\">\n<div dir=\"auto\"><span class=\"html-span xexx8yu x4uap5 x18d9i69 xkhd6sd x1hl2dhg x16tdsg8 x1vvkbs x3nfvp2 x1j61x8r x1fcty0u xdj266r xat24cr xgzva0m xhhsvwb xxymvpz xlup9mm x1kky2od\"><img loading=\"lazy\" decoding=\"async\" class=\"xz74otr\" src=\"https:\/\/static.xx.fbcdn.net\/images\/emoji.php\/v9\/t92\/2\/16\/1f539.png\" alt=\"\ud83d\udd39\" width=\"16\" height=\"16\" \/><\/span> H\u1ed9i ngh\u1ecb th\u00fa y VSAVEC- InterPetFest v\u1edbi 350 ng\u01b0\u1eddi tham d\u1ef1<\/div>\n<div dir=\"auto\"><span class=\"html-span xexx8yu x4uap5 x18d9i69 xkhd6sd x1hl2dhg x16tdsg8 x1vvkbs x3nfvp2 x1j61x8r x1fcty0u xdj266r xat24cr xgzva0m xhhsvwb xxymvpz xlup9mm x1kky2od\"><img loading=\"lazy\" decoding=\"async\" class=\"xz74otr\" src=\"https:\/\/static.xx.fbcdn.net\/images\/emoji.php\/v9\/t92\/2\/16\/1f539.png\" alt=\"\ud83d\udd39\" width=\"16\" height=\"16\" \/><\/span> Tri\u1ec3n l\u00e3m ch\u00f3 l\u1edbn SECC Vi\u1ec7t Nam v\u1edbi 80 ch\u00fa ch\u00f3 thu\u1ea7n ch\u1ee7ng<\/div>\n<div dir=\"auto\"><span class=\"html-span xexx8yu x4uap5 x18d9i69 xkhd6sd x1hl2dhg x16tdsg8 x1vvkbs x3nfvp2 x1j61x8r x1fcty0u xdj266r xat24cr xgzva0m xhhsvwb xxymvpz xlup9mm x1kky2od\"><img loading=\"lazy\" decoding=\"async\" class=\"xz74otr\" src=\"https:\/\/static.xx.fbcdn.net\/images\/emoji.php\/v9\/t92\/2\/16\/1f539.png\" alt=\"\ud83d\udd39\" width=\"16\" height=\"16\" \/><\/span> Cu\u1ed9c thi th\u00fa c\u01b0ng v\u1edbi 500 th\u00ed sinh<\/div>\n<div dir=\"auto\"><span class=\"html-span xexx8yu x4uap5 x18d9i69 xkhd6sd x1hl2dhg x16tdsg8 x1vvkbs x3nfvp2 x1j61x8r x1fcty0u xdj266r xat24cr xgzva0m xhhsvwb xxymvpz xlup9mm x1kky2od\"><img loading=\"lazy\" decoding=\"async\" class=\"xz74otr\" src=\"https:\/\/static.xx.fbcdn.net\/images\/emoji.php\/v9\/t92\/2\/16\/1f539.png\" alt=\"\ud83d\udd39\" width=\"16\" height=\"16\" \/><\/span> Cu\u1ed9c thi ch\u1ea3i chu\u1ed1t ISCC v\u1edbi 120 ng\u01b0\u1eddi ch\u1ea3i chu\u1ed1t<\/div>\n<div dir=\"auto\"><span class=\"html-span xexx8yu x4uap5 x18d9i69 xkhd6sd x1hl2dhg x16tdsg8 x1vvkbs x3nfvp2 x1j61x8r x1fcty0u xdj266r xat24cr xgzva0m xhhsvwb xxymvpz xlup9mm x1kky2od\"><img loading=\"lazy\" decoding=\"async\" class=\"xz74otr\" src=\"https:\/\/static.xx.fbcdn.net\/images\/emoji.php\/v9\/t92\/2\/16\/1f539.png\" alt=\"\ud83d\udd39\" width=\"16\" height=\"16\" \/><\/span> Dogathon Vi\u1ec7t Nam \u2013 Ch\u1ea1y C\u00f9ng B\u00e0n Ch\u00e2n (V\u00ec Nh\u1eefng B\u00e0n Ch\u00e2n Kh\u00e1c): 1.000 ch\u1ee7 nu\u00f4i th\u00fa c\u01b0ng v\u00e0 1.000 ch\u00fa ch\u00f3. V\u1edbi 100% l\u1ee3i nhu\u1eadn \u0111\u01b0\u1ee3c quy\u00ean g\u00f3p cho qu\u1ef9 c\u1ee9u h\u1ed9 \u0111\u1ed9ng v\u1eadt, Dogathon c\u0169ng g\u1eedi \u0111i th\u00f4ng \u0111i\u1ec7p m\u1ea1nh m\u1ebd \u201cCh\u00f3 l\u00e0 b\u1ea1n, kh\u00f4ng ph\u1ea3i th\u1ee9c \u0103n\u201d.<\/div>\n<\/div>\n<\/li>\n<\/ul>\n<p><span style=\"font-weight: 400;\">\u0110\u00e2y l\u00e0 c\u01a1 h\u1ed9i ho\u00e0n h\u1ea3o \u0111\u1ec3 qu\u1ea3ng b\u00e1, n\u00e2ng cao h\u00ecnh \u1ea3nh th\u01b0\u01a1ng hi\u1ec7u c\u1ee7a b\u1ea1n t\u1edbi c\u1ed9ng \u0111\u1ed3ng th\u00fa c\u01b0ng Vi\u1ec7t Nam v\u00e0 t\u1ea5t nhi\u00ean l\u00e0 m\u1edf r\u1ed9ng ho\u1ea1t \u0111\u1ed9ng kinh doanh trong n\u01b0\u1edbc v\u00e0 qu\u1ed1c t\u1ebf.<\/span><\/p>\n<p><span style=\"font-weight: 400;\">\u0110\u1eb7t gian h\u00e0ng ngay h\u00f4m nay \u0111\u1ec3 tham d\u1ef1 InterPetFest, s\u1ef1 ki\u1ec7n B2B2C d\u00e0nh cho th\u00fa c\u01b0ng th\u00fa v\u1ecb nh\u1ea5t t\u1eebng di\u1ec5n ra t\u1ea1i Vi\u1ec7t Nam.<\/span><\/p>\n<p><strong>Chi ti\u1ebft s\u1ef1 ki\u1ec7n:<\/strong><\/p>\n<ul>\n<li style=\"font-weight: 400;\" aria-level=\"1\"><strong>Ng\u00e0y t\u1ed5 ch\u1ee9c<\/strong><span style=\"font-weight: 400;\">: Ng\u00e0y 20-22 th\u00e1ng 2 n\u0103m 2025<\/span><\/li>\n<li style=\"font-weight: 400;\" aria-level=\"1\"><strong>Th\u1eddi gian<\/strong><span style=\"font-weight: 400;\">: 9:00 AM*\u2013 7:00 PM*<\/span><\/li>\n<li style=\"font-weight: 400;\" aria-level=\"1\"><strong>Khu v\u1ef1c<\/strong><span style=\"font-weight: 400;\">: SECC, 799 Nguy\u1ec5n V\u0103n Linh, Qu\u1eadn 7, TP.HCM<\/span><\/li>\n<li style=\"font-weight: 400;\" aria-level=\"1\"><strong>Website<\/strong><span style=\"font-weight: 400;\">:<\/span><a href=\"https:\/\/interpetfest.com\/vi\/\"> <span style=\"font-weight: 400;\">https:\/\/interpetfest.com\/<\/span><\/a><\/li>\n<li style=\"font-weight: 400;\" aria-level=\"1\"><strong>Nh\u00f3m Zalo<\/strong><span style=\"font-weight: 400;\">:<\/span><a href=\"https:\/\/zalo.me\/g\/ssacbn395\"> <span style=\"font-weight: 400;\">https:\/\/zalo.me\/g\/ssacbn395<\/span><\/a><\/li>\n<li style=\"font-weight: 400;\" aria-level=\"1\"><strong>Nh\u00f3m Facebook<\/strong><span style=\"font-weight: 400;\">:<\/span><a href=\"https:\/\/www.facebook.com\/groups\/1195776878326307\"> <span style=\"font-weight: 400;\">https:\/\/www.facebook.com\/groups\/1195776878326307<\/span><\/a><\/li>\n<\/ul>\n<p><span style=\"font-weight: 400;\">\u0110\u1ec3 \u0111\u01b0\u1ee3c gi\u1ea3i \u0111\u00e1p th\u1eafc m\u1eafc ho\u1eb7c \u0111\u1eb7t gian h\u00e0ng, vui l\u00f2ng li\u00ean h\u1ec7 v\u1edbi ch\u00fang t\u00f4i theo \u0111\u1ecba ch\u1ec9:<\/span><\/p>\n<\/div>\n<\/div>\n<p><strong>C\u00f4ng ty C\u1ed5 ph\u1ea7n S\u1ef1 ki\u1ec7n v\u00e0 Tri\u1ec3n l\u00e3m Eventure<\/strong><br \/>\n\u0110T\/Whatsapp\/Zalo\/Wechat: +84 9345 11953<br \/>\nE-mail: <a rel=\"noopener\">nhanlieu@eventure.com.vn<\/a><\/p>\n<p>&nbsp;<\/p>","protected":false},"excerpt":{"rendered":"<p>&nbsp; K\u00ednh g\u1eedi Qu\u00fd kh\u00e1ch h\u00e0ng, Ch\u00fang t\u00f4i r\u1ea5t vui m\u1eebng th\u00f4ng b\u00e1o r\u1eb1ng InterPetFest: L\u1ec5 h\u1ed9i &amp; Tri\u1ec3n l\u00e3m Th\u00fa c\u01b0ng Qu\u1ed1c t\u1ebf Vi\u1ec7t Nam 2025 ch\u1ec9 c\u00f2n v\u00e0i th\u00e1ng n\u1eefa! S\u1ef1 ki\u1ec7n \u0111\u01b0\u1ee3c mong \u0111\u1ee3i n\u00e0y s\u1ebd di\u1ec5n ra t\u1eeb ng\u00e0y 20 \u0111\u1ebfn 22 th\u00e1ng 2 n\u0103m 2025 t\u1ea1i SECC, 799 Nguy\u1ec5n V\u0103n Linh, Qu\u1eadn 7, Th\u00e0nh ph\u1ed1 H\u1ed3 Ch\u00ed Minh. Ch\u1ec9 c\u00f2n v\u00e0i th\u00e1ng n\u1eefa l\u00e0 \u0111\u1ebfn ng\u00e0y khai m\u1ea1c.<\/p>","protected":false},"author":1,"featured_media":0,"parent":0,"menu_order":0,"comment_status":"closed","ping_status":"closed","template":"","meta":{"inline_featured_image":false,"footnotes":""},"class_list":["post-13537","page","type-page","status-publish","hentry"],"acf":[],"yoast_head":"<!-- This site is optimized with the Yoast SEO Premium plugin v22.8 (Yoast SEO v26.3) - https:\/\/yoast.com\/wordpress\/plugins\/seo\/ -->\n<title>Invitation to Participate in InterPetFest 2025 \u2013 The Premier Pet Event in Vietnam - InterPetFest<\/title>\n<meta name=\"robots\" content=\"index, follow, max-snippet:-1, max-image-preview:large, max-video-preview:-1\" \/>\n<link rel=\"canonical\" href=\"https:\/\/interpetfest.com\/vi\/loi-moi-tham-gia-interpetfest-2025-su-kien-thu-cung-hang-dau-tai-viet-nam\/\" \/>\n<meta property=\"og:locale\" content=\"vi_VN\" \/>\n<meta property=\"og:type\" content=\"article\" \/>\n<meta property=\"og:title\" content=\"Invitation to Participate in InterPetFest 2025 \u2013 The Premier Pet Event in Vietnam\" \/>\n<meta property=\"og:description\" content=\"&nbsp; Dear Customers, We are excited to announce that the InterPetFest: International Pet Festival &amp; Expo Vietnam 2025 is just a few months away! This highly anticipated event will be held from February 20-22, 2025 at the SECC, 799 Nguy\u1ec5n V\u0103n Linh, District 7, Ho Chi Minh City. Only a few months left until the\" \/>\n<meta property=\"og:url\" content=\"https:\/\/interpetfest.com\/vi\/loi-moi-tham-gia-interpetfest-2025-su-kien-thu-cung-hang-dau-tai-viet-nam\/\" \/>\n<meta property=\"og:site_name\" content=\"InterPetFest\" \/>\n<meta property=\"og:image\" content=\"https:\/\/interpetfest.com\/wp-content\/uploads\/2024\/12\/email-banner.jpg\" \/>\n<meta name=\"twitter:card\" content=\"summary_large_image\" \/>\n<meta name=\"twitter:label1\" content=\"\u01af\u1edbc t\u00ednh th\u1eddi gian \u0111\u1ecdc\" \/>\n\t<meta name=\"twitter:data1\" content=\"3 ph\u00fat\" \/>\n<script type=\"application\/ld+json\" class=\"yoast-schema-graph\">{\"@context\":\"https:\/\/schema.org\",\"@graph\":[{\"@type\":\"WebPage\",\"@id\":\"https:\/\/interpetfest.com\/invitation-to-participate-in-interpetfest-2025-the-premier-pet-event-in-vietnam\/\",\"url\":\"https:\/\/interpetfest.com\/invitation-to-participate-in-interpetfest-2025-the-premier-pet-event-in-vietnam\/\",\"name\":\"Invitation to Participate in InterPetFest 2025 \u2013 The Premier Pet Event in Vietnam - InterPetFest\",\"isPartOf\":{\"@id\":\"https:\/\/interpetfest.com\/#website\"},\"primaryImageOfPage\":{\"@id\":\"https:\/\/interpetfest.com\/invitation-to-participate-in-interpetfest-2025-the-premier-pet-event-in-vietnam\/#primaryimage\"},\"image\":{\"@id\":\"https:\/\/interpetfest.com\/invitation-to-participate-in-interpetfest-2025-the-premier-pet-event-in-vietnam\/#primaryimage\"},\"thumbnailUrl\":\"https:\/\/interpetfest.com\/wp-content\/uploads\/2024\/12\/email-banner.jpg\",\"datePublished\":\"2024-12-04T12:51:30+00:00\",\"breadcrumb\":{\"@id\":\"https:\/\/interpetfest.com\/invitation-to-participate-in-interpetfest-2025-the-premier-pet-event-in-vietnam\/#breadcrumb\"},\"inLanguage\":\"vi\",\"potentialAction\":[{\"@type\":\"ReadAction\",\"target\":[\"https:\/\/interpetfest.com\/invitation-to-participate-in-interpetfest-2025-the-premier-pet-event-in-vietnam\/\"]}]},{\"@type\":\"ImageObject\",\"inLanguage\":\"vi\",\"@id\":\"https:\/\/interpetfest.com\/invitation-to-participate-in-interpetfest-2025-the-premier-pet-event-in-vietnam\/#primaryimage\",\"url\":\"https:\/\/interpetfest.com\/wp-content\/uploads\/2024\/12\/email-banner.jpg\",\"contentUrl\":\"https:\/\/interpetfest.com\/wp-content\/uploads\/2024\/12\/email-banner.jpg\"},{\"@type\":\"BreadcrumbList\",\"@id\":\"https:\/\/interpetfest.com\/invitation-to-participate-in-interpetfest-2025-the-premier-pet-event-in-vietnam\/#breadcrumb\",\"itemListElement\":[{\"@type\":\"ListItem\",\"position\":1,\"name\":\"Home\",\"item\":\"https:\/\/interpetfest.com\/\"},{\"@type\":\"ListItem\",\"position\":2,\"name\":\"Invitation to Participate in InterPetFest 2025 \u2013 The Premier Pet Event in Vietnam\"}]},{\"@type\":\"WebSite\",\"@id\":\"https:\/\/interpetfest.com\/#website\",\"url\":\"https:\/\/interpetfest.com\/\",\"name\":\"InterPetFest\",\"description\":\"\",\"publisher\":{\"@id\":\"https:\/\/interpetfest.com\/#organization\"},\"potentialAction\":[{\"@type\":\"SearchAction\",\"target\":{\"@type\":\"EntryPoint\",\"urlTemplate\":\"https:\/\/interpetfest.com\/?s={search_term_string}\"},\"query-input\":{\"@type\":\"PropertyValueSpecification\",\"valueRequired\":true,\"valueName\":\"search_term_string\"}}],\"inLanguage\":\"vi\"},{\"@type\":\"Organization\",\"@id\":\"https:\/\/interpetfest.com\/#organization\",\"name\":\"InterPetFest\",\"url\":\"https:\/\/interpetfest.com\/\",\"logo\":{\"@type\":\"ImageObject\",\"inLanguage\":\"vi\",\"@id\":\"https:\/\/interpetfest.com\/#\/schema\/logo\/image\/\",\"url\":\"https:\/\/interpetfest.com\/wp-content\/uploads\/2025\/06\/Logo-InterPetFest.png\",\"contentUrl\":\"https:\/\/interpetfest.com\/wp-content\/uploads\/2025\/06\/Logo-InterPetFest.png\",\"width\":\"1025\",\"height\":\"344\",\"caption\":\"InterPetFest\"},\"image\":{\"@id\":\"https:\/\/interpetfest.com\/#\/schema\/logo\/image\/\"}}]}<\/script>\n<!-- \/ Yoast SEO Premium plugin. -->","yoast_head_json":{"title":"Invitation to Participate in InterPetFest 2025 \u2013 The Premier Pet Event in Vietnam - InterPetFest","robots":{"index":"index","follow":"follow","max-snippet":"max-snippet:-1","max-image-preview":"max-image-preview:large","max-video-preview":"max-video-preview:-1"},"canonical":"https:\/\/interpetfest.com\/vi\/loi-moi-tham-gia-interpetfest-2025-su-kien-thu-cung-hang-dau-tai-viet-nam\/","og_locale":"vi_VN","og_type":"article","og_title":"Invitation to Participate in InterPetFest 2025 \u2013 The Premier Pet Event in Vietnam","og_description":"&nbsp; Dear Customers, We are excited to announce that the InterPetFest: International Pet Festival &amp; Expo Vietnam 2025 is just a few months away! This highly anticipated event will be held from February 20-22, 2025 at the SECC, 799 Nguy\u1ec5n V\u0103n Linh, District 7, Ho Chi Minh City. Only a few months left until the","og_url":"https:\/\/interpetfest.com\/vi\/loi-moi-tham-gia-interpetfest-2025-su-kien-thu-cung-hang-dau-tai-viet-nam\/","og_site_name":"InterPetFest","og_image":[{"url":"https:\/\/interpetfest.com\/wp-content\/uploads\/2024\/12\/email-banner.jpg","type":"","width":"","height":""}],"twitter_card":"summary_large_image","twitter_misc":{"\u01af\u1edbc t\u00ednh th\u1eddi gian \u0111\u1ecdc":"3 ph\u00fat"},"schema":{"@context":"https:\/\/schema.org","@graph":[{"@type":"WebPage","@id":"https:\/\/interpetfest.com\/invitation-to-participate-in-interpetfest-2025-the-premier-pet-event-in-vietnam\/","url":"https:\/\/interpetfest.com\/invitation-to-participate-in-interpetfest-2025-the-premier-pet-event-in-vietnam\/","name":"Invitation to Participate in InterPetFest 2025 \u2013 The Premier Pet Event in Vietnam - InterPetFest","isPartOf":{"@id":"https:\/\/interpetfest.com\/#website"},"primaryImageOfPage":{"@id":"https:\/\/interpetfest.com\/invitation-to-participate-in-interpetfest-2025-the-premier-pet-event-in-vietnam\/#primaryimage"},"image":{"@id":"https:\/\/interpetfest.com\/invitation-to-participate-in-interpetfest-2025-the-premier-pet-event-in-vietnam\/#primaryimage"},"thumbnailUrl":"https:\/\/interpetfest.com\/wp-content\/uploads\/2024\/12\/email-banner.jpg","datePublished":"2024-12-04T12:51:30+00:00","breadcrumb":{"@id":"https:\/\/interpetfest.com\/invitation-to-participate-in-interpetfest-2025-the-premier-pet-event-in-vietnam\/#breadcrumb"},"inLanguage":"vi","potentialAction":[{"@type":"ReadAction","target":["https:\/\/interpetfest.com\/invitation-to-participate-in-interpetfest-2025-the-premier-pet-event-in-vietnam\/"]}]},{"@type":"ImageObject","inLanguage":"vi","@id":"https:\/\/interpetfest.com\/invitation-to-participate-in-interpetfest-2025-the-premier-pet-event-in-vietnam\/#primaryimage","url":"https:\/\/interpetfest.com\/wp-content\/uploads\/2024\/12\/email-banner.jpg","contentUrl":"https:\/\/interpetfest.com\/wp-content\/uploads\/2024\/12\/email-banner.jpg"},{"@type":"BreadcrumbList","@id":"https:\/\/interpetfest.com\/invitation-to-participate-in-interpetfest-2025-the-premier-pet-event-in-vietnam\/#breadcrumb","itemListElement":[{"@type":"ListItem","position":1,"name":"Home","item":"https:\/\/interpetfest.com\/"},{"@type":"ListItem","position":2,"name":"Invitation to Participate in InterPetFest 2025 \u2013 The Premier Pet Event in Vietnam"}]},{"@type":"WebSite","@id":"https:\/\/interpetfest.com\/#website","url":"https:\/\/interpetfest.com\/","name":"InterPetFest","description":"","publisher":{"@id":"https:\/\/interpetfest.com\/#organization"},"potentialAction":[{"@type":"SearchAction","target":{"@type":"EntryPoint","urlTemplate":"https:\/\/interpetfest.com\/?s={search_term_string}"},"query-input":{"@type":"PropertyValueSpecification","valueRequired":true,"valueName":"search_term_string"}}],"inLanguage":"vi"},{"@type":"Organization","@id":"https:\/\/interpetfest.com\/#organization","name":"InterPetFest","url":"https:\/\/interpetfest.com\/","logo":{"@type":"ImageObject","inLanguage":"vi","@id":"https:\/\/interpetfest.com\/#\/schema\/logo\/image\/","url":"https:\/\/interpetfest.com\/wp-content\/uploads\/2025\/06\/Logo-InterPetFest.png","contentUrl":"https:\/\/interpetfest.com\/wp-content\/uploads\/2025\/06\/Logo-InterPetFest.png","width":"1025","height":"344","caption":"InterPetFest"},"image":{"@id":"https:\/\/interpetfest.com\/#\/schema\/logo\/image\/"}}]}},"_links":{"self":[{"href":"https:\/\/interpetfest.com\/vi\/wp-json\/wp\/v2\/pages\/13537","targetHints":{"allow":["GET"]}}],"collection":[{"href":"https:\/\/interpetfest.com\/vi\/wp-json\/wp\/v2\/pages"}],"about":[{"href":"https:\/\/interpetfest.com\/vi\/wp-json\/wp\/v2\/types\/page"}],"author":[{"embeddable":true,"href":"https:\/\/interpetfest.com\/vi\/wp-json\/wp\/v2\/users\/1"}],"replies":[{"embeddable":true,"href":"https:\/\/interpetfest.com\/vi\/wp-json\/wp\/v2\/comments?post=13537"}],"version-history":[{"count":0,"href":"https:\/\/interpetfest.com\/vi\/wp-json\/wp\/v2\/pages\/13537\/revisions"}],"wp:attachment":[{"href":"https:\/\/interpetfest.com\/vi\/wp-json\/wp\/v2\/media?parent=13537"}],"curies":[{"name":"wp","href":"https:\/\/api.w.org\/{rel}","templated":true}]}}