{"id":14560,"date":"2024-12-20T23:34:12","date_gmt":"2024-12-20T16:34:12","guid":{"rendered":"https:\/\/interpetfest.com\/?page_id=14560"},"modified":"2024-12-20T23:39:44","modified_gmt":"2024-12-20T16:39:44","slug":"join-us-at-interpetfest-vietnam-2025-a-special-event-for-pet-lovers-and-businesses-worldwide","status":"publish","type":"page","link":"https:\/\/interpetfest.com\/vi\/hay-tham-gia-cung-chung-toi-tai-interpetfest-vietnam-2025-mot-su-kien-dac-biet-danh-cho-nhung-nguoi-yeu-thu-cung-va-cac-doanh-nghiep-tren-toan-the-gioi\/","title":{"rendered":"Tham gia c\u00f9ng ch\u00fang t\u00f4i t\u1ea1i InterPetFest Vietnam 2025 \u2013 S\u1ef1 ki\u1ec7n \u0111\u1eb7c bi\u1ec7t d\u00e0nh cho ng\u01b0\u1eddi y\u00eau th\u00fa c\u01b0ng v\u00e0 doanh nghi\u1ec7p tr\u00ean to\u00e0n th\u1ebf gi\u1edbi"},"content":{"rendered":"<p><img loading=\"lazy\" decoding=\"async\" class=\"alignnone size-full wp-image-14561\" src=\"https:\/\/interpetfest.com\/wp-content\/uploads\/2024\/12\/Organizers-1920-x-600-px-1.jpg\" alt=\"\" width=\"1920\" height=\"600\" srcset=\"https:\/\/interpetfest.com\/wp-content\/uploads\/2024\/12\/Organizers-1920-x-600-px-1.jpg 1600w, https:\/\/interpetfest.com\/wp-content\/uploads\/2024\/12\/Organizers-1920-x-600-px-1-300x94.jpg 300w, https:\/\/interpetfest.com\/wp-content\/uploads\/2024\/12\/Organizers-1920-x-600-px-1-1024x320.jpg 1024w, https:\/\/interpetfest.com\/wp-content\/uploads\/2024\/12\/Organizers-1920-x-600-px-1-768x240.jpg 768w, https:\/\/interpetfest.com\/wp-content\/uploads\/2024\/12\/Organizers-1920-x-600-px-1-1536x480.jpg 1536w, https:\/\/interpetfest.com\/wp-content\/uploads\/2024\/12\/Organizers-1920-x-600-px-1-18x6.jpg 18w, https:\/\/interpetfest.com\/wp-content\/uploads\/2024\/12\/Organizers-1920-x-600-px-1-600x188.jpg 600w\" sizes=\"auto, (max-width: 1920px) 100vw, 1920px\" \/><\/p>\n<p>&nbsp;<\/p>\n<p>K\u00ednh g\u1eedi Qu\u00fd kh\u00e1ch h\u00e0ng,<\/p>\n<p>InterPetFest Vi\u1ec7t Nam 2025 \u0111ang chu\u1ea9n b\u1ecb cho m\u1ed9t s\u1ef1 ki\u1ec7n \u0111\u1eb7c bi\u1ec7t, h\u1ee9a h\u1eb9n k\u1ebft n\u1ed1i c\u1ed9ng \u0111\u1ed3ng doanh nghi\u1ec7p v\u00e0 ng\u01b0\u1eddi y\u00eau th\u00fa c\u01b0ng tr\u00ean to\u00e0n th\u1ebf gi\u1edbi. L\u00e0 s\u1ef1 ki\u1ec7n th\u00fa c\u01b0ng h\u00e0ng \u0111\u1ea7u t\u1ea1i Vi\u1ec7t Nam, InterPetFest \u0111\u00e3 thi\u1ebft l\u1eadp c\u00e1c quan h\u1ec7 \u0111\u1ed1i t\u00e1c qu\u1ed1c t\u1ebf chi\u1ebfn l\u01b0\u1ee3c, kh\u00f4ng ch\u1ec9 m\u1edf r\u1ed9ng t\u1ea7m \u1ea3nh h\u01b0\u1edfng to\u00e0n c\u1ea7u m\u00e0 c\u00f2n n\u00e2ng cao uy t\u00edn c\u1ee7a ch\u00fang t\u00f4i trong ng\u00e0nh.<\/p>\n<p>\ud83c\udf1f <strong>H\u1ed7 tr\u1ee3 v\u00e0 c\u00f4ng nh\u1eadn qu\u1ed1c t\u1ebf<\/strong><br \/>\nCh\u00fang t\u00f4i t\u1ef1 h\u00e0o c\u00f4ng b\u1ed1 s\u1ef1 h\u1ee3p t\u00e1c v\u1edbi hai t\u1ed5 ch\u1ee9c uy t\u00edn: C\u1ee5c Qu\u1ea3n l\u00fd Th\u01b0\u01a1ng m\u1ea1i Qu\u1ed1c t\u1ebf \u0110\u00e0i Loan (ITA) v\u00e0 Hi\u1ec7p h\u1ed9i Ng\u00e0nh Th\u00fa c\u01b0ng Trung Qu\u1ed1c (CPIA). S\u1ef1 h\u1ee3p t\u00e1c n\u00e0y kh\u1eb3ng \u0111\u1ecbnh cam k\u1ebft c\u1ee7a ch\u00fang t\u00f4i trong vi\u1ec7c k\u1ebft n\u1ed1i c\u00e1c doanh nghi\u1ec7p Vi\u1ec7t Nam v\u1edbi th\u1ecb tr\u01b0\u1eddng to\u00e0n c\u1ea7u v\u00e0 th\u00fac \u0111\u1ea9y \u0111\u1ed5i m\u1edbi s\u00e1ng t\u1ea1o trong ng\u00e0nh th\u00fa c\u01b0ng.<\/p>\n<p><strong>H\u1ed7 tr\u1ee3 t\u1eeb ITA<\/strong>:<br \/>\nITA, m\u1ed9t c\u01a1 quan ch\u1ee7 ch\u1ed1t tr\u1ef1c thu\u1ed9c B\u1ed9 Kinh t\u1ebf \u0110\u00e0i Loan, t\u1eadp trung v\u00e0o vi\u1ec7c th\u00fac \u0111\u1ea9y th\u01b0\u01a1ng m\u1ea1i qu\u1ed1c t\u1ebf. S\u1ef1 h\u1ed7 tr\u1ee3 c\u1ee7a ITA cho InterPetFest kh\u1eb3ng \u0111\u1ecbnh uy t\u00edn c\u1ee7a s\u1ef1 ki\u1ec7n v\u00e0 vai tr\u00f2 quan tr\u1ecdng c\u1ee7a n\u00f3 trong vi\u1ec7c k\u1ebft n\u1ed1i doanh nghi\u1ec7p Vi\u1ec7t Nam v\u1edbi th\u1ecb tr\u01b0\u1eddng qu\u1ed1c t\u1ebf. M\u1ed1i quan h\u1ec7 n\u00e0y gi\u00fap ch\u00fang t\u00f4i m\u1edf r\u1ed9ng m\u1ea1ng l\u01b0\u1edbi, t\u00ecm ki\u1ebfm \u0111\u1ed1i t\u00e1c m\u1edbi v\u00e0 kh\u00e1m ph\u00e1 c\u00e1c c\u01a1 h\u1ed9i kinh doanh to\u00e0n c\u1ea7u.<\/p>\n<p><strong>H\u1ee3p t\u00e1c v\u1edbi CPIA<\/strong>:<br \/>\nQuan h\u1ec7 \u0111\u1ed1i t\u00e1c c\u1ee7a ch\u00fang t\u00f4i v\u1edbi CPIA, m\u1ed9t t\u1ed5 ch\u1ee9c phi l\u1ee3i nhu\u1eadn \u0111\u1ea1i di\u1ec7n cho c\u00e1c c\u00e1 nh\u00e2n v\u00e0 t\u1ed5 ch\u1ee9c ho\u1ea1t \u0111\u1ed9ng trong l\u0129nh v\u1ef1c th\u1ee9c \u0103n, v\u1eadt t\u01b0, d\u1ecbch v\u1ee5 ch\u0103m s\u00f3c, thu\u1ed1c th\u00fa y v\u00e0 \u0111\u1ed9ng v\u1eadt s\u1ed1ng cho th\u00fa c\u01b0ng, h\u01b0\u1edbng \u0111\u1ebfn m\u1ee5c ti\u00eau c\u00e1ch m\u1ea1ng h\u00f3a ng\u00e0nh tri\u1ec3n l\u00e3m th\u00fa c\u01b0ng t\u1ea1i Vi\u1ec7t Nam. S\u1ef1 h\u1ee3p t\u00e1c n\u00e0y s\u1ebd c\u1ee7ng c\u1ed1 n\u0103ng l\u1ef1c qu\u1ea3n l\u00fd, n\u00e2ng cao n\u0103ng l\u1ef1c c\u1ea1nh tranh v\u00e0 m\u1edf \u0111\u01b0\u1eddng cho s\u1ef1 ph\u00e1t tri\u1ec3n c\u1ee7a ng\u00e0nh.<\/p>\n<p><strong>H\u1ed9i ch\u1ee3 cung \u1ee9ng v\u1eadt nu\u00f4i Trung Qu\u1ed1c (PSC)<\/strong>, m\u1ed9t n\u1ec1n t\u1ea3ng chu\u1ed7i cung \u1ee9ng B2B to\u00e0n c\u1ea7u cao c\u1ea5p, c\u0169ng s\u1ebd tham gia InterPetFest 2025. S\u1ef1 ki\u1ec7n n\u00e0y s\u1ebd mang \u0111\u1ebfn c\u01a1 h\u1ed9i duy nh\u1ea5t \u0111\u1ec3 k\u1ebft n\u1ed1i v\u1edbi c\u00e1c chuy\u00ean gia trong ng\u00e0nh v\u00e0 kh\u00e1m ph\u00e1 c\u00e1c s\u1ea3n ph\u1ea9m s\u00e1ng t\u1ea1o.<\/p>\n<p><strong>Tham gia c\u00f9ng ch\u00fang t\u00f4i t\u1ea1i InterPetFest Vi\u1ec7t Nam 2025<\/strong><br \/>\nV\u1edbi s\u1ef1 tham gia c\u1ee7a c\u00e1c qu\u1ed1c gia l\u1edbn nh\u01b0 Hoa K\u1ef3, Trung Qu\u1ed1c, \u0110\u00e0i Loan, \u00dac v\u00e0 nhi\u1ec1u qu\u1ed1c gia kh\u00e1c, InterPetFest h\u1ee9a h\u1eb9n s\u1ebd tr\u1edf th\u00e0nh m\u1ed9t s\u1ef1 ki\u1ec7n \u0111\u01b0\u1ee3c c\u00f4ng nh\u1eadn tr\u00ean to\u00e0n c\u1ea7u. Ch\u00fang t\u00f4i lu\u00f4n h\u1ed7 tr\u1ee3 c\u00e1c \u0111\u1ed1i t\u00e1c v\u00e0 \u0111\u01a1n v\u1ecb tham gia chu\u1ea9n b\u1ecb cho m\u1ed9t tri\u1ec3n l\u00e3m th\u00e0nh c\u00f4ng.<\/p>\n<p>Ngo\u00e0i ra, ch\u00fang t\u00f4i vui m\u1eebng th\u00f4ng b\u00e1o r\u1eb1ng v\u00e9 tham d\u1ef1 c\u00e1c s\u1ef1 ki\u1ec7n t\u1ea1i InterPetFest 2025 hi\u1ec7n \u0111\u00e3 c\u00f3 s\u1eb5n. \u0110\u1ec3 \u0111\u1ea3m b\u1ea3o b\u1ea1n kh\u00f4ng b\u1ecf l\u1ee1 s\u1ef1 ki\u1ec7n \u0111\u1eb7c bi\u1ec7t n\u00e0y, c\u00e1c doanh nghi\u1ec7p v\u00e0 ng\u01b0\u1eddi y\u00eau th\u00fa c\u01b0ng c\u00f3 th\u1ec3 \u0111\u0103ng k\u00fd v\u00e9 ngay h\u00f4m nay qua c\u00e1c li\u00ean k\u1ebft b\u00ean d\u01b0\u1edbi:<\/p>\n<ul>\n<li><strong>Vietnam SECC Grand Dog Show 2025<\/strong> \u2013 M\u1ed9t cu\u1ed9c thi \u0111\u01b0\u1ee3c c\u1ea5p ph\u00e9p b\u1edfi FCI v\u1edbi s\u1ef1 tham gia c\u1ee7a 80 ch\u00fa ch\u00f3 thu\u1ea7n ch\u1ee7ng. \u0110\u0103ng k\u00fd tham d\u1ef1 Tri\u1ec3n l\u00e3m Ch\u00f3 l\u1edbn SECC: <a href=\"https:\/\/interpetfest.com\/vi\/trien-lam-cho-lon-secc-viet-nam\/\" rel=\"noopener\">Tri\u1ec3n l\u00e3m ch\u00f3 l\u1edbn SECC<\/a><\/li>\n<li><strong>Cu\u1ed9c thi ch\u1ea3i l\u00f4ng th\u00fa c\u01b0ng ISCC Vi\u1ec7t Nam<\/strong> \u2013 V\u1edbi s\u1ef1 tham gia c\u1ee7a 120 chuy\u00ean gia ch\u1ea3i chu\u1ed1t th\u00fa c\u01b0ng. \u0110\u0103ng k\u00fd tham gia Cu\u1ed9c thi Ch\u1ea3i chu\u1ed1t Th\u00fa c\u01b0ng ISCC Vi\u1ec7t Nam: <a href=\"https:\/\/interpetfest.com\/vi\/cuoc-thi-lam-dep-iscc-viet-nam\/\" rel=\"noopener\">Cu\u1ed9c Thi T\u1ea1o M\u1eabu Th\u00fa C\u01b0ng ISCC Vi\u1ec7t Nam<\/a><\/li>\n<li><strong>H\u1ed9i ngh\u1ecb chuy\u00ean gia th\u00fa y \u0111\u1ed9ng v\u1eadt nh\u1ecf Vi\u1ec7t Nam (VSAVEC)<\/strong> \u2013 H\u1ed9i t\u1ee5 320 b\u00e1c s\u0129 th\u00fa y trong l\u0129nh v\u1ef1c th\u00fa y nh\u1ecf. \u0110\u0103ng k\u00fd VSAVEC: <a href=\"https:\/\/interpetfest.com\/vi\/vsavec\/\" rel=\"noopener\">VSAVEC<\/a><\/li>\n<li><strong>Dogathon v\u00ec t\u01b0\u01a1ng lai c\u1ee7a ch\u00f3 v\u00e0 m\u00e8o t\u1ea1i Vi\u1ec7t Nam<\/strong> \u2013 Gi\u1ea3i ch\u1ea1y t\u1eeb thi\u1ec7n v\u1edbi ba c\u1ef1 ly: 2km, 4km v\u00e0 8km d\u1ecdc theo c\u00e1c tuy\u1ebfn \u0111\u01b0\u1eddng \u0111\u1eb9p c\u1ee7a C\u00f4ng vi\u00ean C\u1ea3nh \u0110\u1ed3i v\u00e0 C\u1ea7u \u00c1nh Sao. InterPetFest mong mu\u1ed1n truy\u1ec1n t\u1ea3i th\u00f4ng \u0111i\u1ec7p: \u201cCh\u00f3 l\u00e0 b\u1ea1n, kh\u00f4ng ph\u1ea3i th\u1ee9c \u0103n\u201d v\u00e0 n\u00e2ng cao nh\u1eadn th\u1ee9c v\u1ec1 ph\u00fac l\u1ee3i \u0111\u1ed9ng v\u1eadt. \u0110\u0103ng k\u00fd tham gia Dogathon \u2013 V\u00ec T\u01b0\u01a1ng Lai c\u1ee7a Ch\u00f3 M\u00e8o t\u1ea1i Vi\u1ec7t Nam: <a href=\"https:\/\/interpetfest.com\/vi\/cuoc-dua-cho\/\" rel=\"noopener\">Dogathon<\/a><\/li>\n<li><strong>Cu\u1ed9c thi v\u1eadn \u0111\u1ed9ng th\u00fa c\u01b0ng<\/strong> \u2013 Trong hai ng\u00e0y, c\u00f3 c\u00e1c s\u1ef1 ki\u1ec7n nh\u01b0 tr\u00ecnh di\u1ec5n th\u1eddi trang th\u00fa c\u01b0ng, \u0111ua th\u00fa c\u01b0ng v\u00e0 cu\u1ed9c thi ch\u00f3 m\u00e8o \u0111\u1eb9p nh\u1ea5t. \u0110\u0103ng k\u00fd tham gia Cu\u1ed9c thi Th\u00fa c\u01b0ng: <a href=\"https:\/\/interpetfest.com\/vi\/pet-competition\/\" rel=\"noopener\">H\u1ed9i Thi Th\u00fa C\u01b0ng Phong Tr\u00e0o<\/a><\/li>\n<\/ul>\n<p>Ch\u00fang t\u00f4i r\u1ea5t mong \u0111\u01b0\u1ee3c ch\u00e0o \u0111\u00f3n doanh nghi\u1ec7p c\u1ee7a b\u1ea1n v\u00e0 nh\u1eefng ng\u01b0\u1eddi y\u00eau th\u00fa c\u01b0ng \u0111\u1ebfn v\u1edbi InterPetFest 2025, n\u01a1i ch\u00fang ta s\u1ebd c\u00f9ng nhau t\u1ea1o n\u00ean m\u1ed9t s\u1ef1 ki\u1ec7n \u0111\u00e1ng nh\u1edb v\u00e0 \u00fd ngh\u0129a.<\/p>\n<p>Tr\u00e2n tr\u1ecdng,<\/p>","protected":false},"excerpt":{"rendered":"<p>&nbsp; K\u00ednh g\u1eedi Qu\u00fd kh\u00e1ch h\u00e0ng, InterPetFest Vi\u1ec7t Nam 2025 \u0111ang chu\u1ea9n b\u1ecb cho m\u1ed9t s\u1ef1 ki\u1ec7n \u0111\u1eb7c bi\u1ec7t, h\u1ee9a h\u1eb9n k\u1ebft n\u1ed1i c\u1ed9ng \u0111\u1ed3ng doanh nghi\u1ec7p v\u00e0 ng\u01b0\u1eddi y\u00eau th\u00fa c\u01b0ng tr\u00ean to\u00e0n th\u1ebf gi\u1edbi. L\u00e0 s\u1ef1 ki\u1ec7n th\u00fa c\u01b0ng h\u00e0ng \u0111\u1ea7u t\u1ea1i Vi\u1ec7t Nam, InterPetFest \u0111\u00e3 thi\u1ebft l\u1eadp c\u00e1c quan h\u1ec7 \u0111\u1ed1i t\u00e1c qu\u1ed1c t\u1ebf chi\u1ebfn l\u01b0\u1ee3c, kh\u00f4ng ch\u1ec9 m\u1edf r\u1ed9ng t\u1ea7m \u1ea3nh h\u01b0\u1edfng to\u00e0n c\u1ea7u m\u00e0 c\u00f2n n\u00e2ng cao uy t\u00edn c\u1ee7a ch\u00fang t\u00f4i trong ng\u00e0nh.<\/p>","protected":false},"author":1,"featured_media":0,"parent":0,"menu_order":0,"comment_status":"closed","ping_status":"closed","template":"","meta":{"inline_featured_image":false,"footnotes":""},"class_list":["post-14560","page","type-page","status-publish","hentry"],"acf":[],"yoast_head":"<!-- This site is optimized with the Yoast SEO Premium plugin v22.8 (Yoast SEO v26.3) - https:\/\/yoast.com\/wordpress\/plugins\/seo\/ -->\n<title>Join Us at InterPetFest Vietnam 2025 - A Special Event for Pet Lovers and Businesses Worldwide - InterPetFest<\/title>\n<meta name=\"robots\" content=\"index, follow, max-snippet:-1, max-image-preview:large, max-video-preview:-1\" \/>\n<link rel=\"canonical\" href=\"https:\/\/interpetfest.com\/vi\/hay-tham-gia-cung-chung-toi-tai-interpetfest-vietnam-2025-mot-su-kien-dac-biet-danh-cho-nhung-nguoi-yeu-thu-cung-va-cac-doanh-nghiep-tren-toan-the-gioi\/\" \/>\n<meta property=\"og:locale\" content=\"vi_VN\" \/>\n<meta property=\"og:type\" content=\"article\" \/>\n<meta property=\"og:title\" content=\"Join Us at InterPetFest Vietnam 2025 - A Special Event for Pet Lovers and Businesses Worldwide\" \/>\n<meta property=\"og:description\" content=\"&nbsp; Dear Customers, InterPetFest Vietnam 2025 is preparing for a special event that promises to connect the business community and pet lovers from all around the world. As the leading pet event in Vietnam, InterPetFest has established strategic international partnerships, which not only expand our global influence but also enhance our reputation within the industry.\" \/>\n<meta property=\"og:url\" content=\"https:\/\/interpetfest.com\/vi\/hay-tham-gia-cung-chung-toi-tai-interpetfest-vietnam-2025-mot-su-kien-dac-biet-danh-cho-nhung-nguoi-yeu-thu-cung-va-cac-doanh-nghiep-tren-toan-the-gioi\/\" \/>\n<meta property=\"og:site_name\" content=\"InterPetFest\" \/>\n<meta property=\"article:modified_time\" content=\"2024-12-20T16:39:44+00:00\" \/>\n<meta property=\"og:image\" content=\"https:\/\/interpetfest.com\/wp-content\/uploads\/2024\/12\/Organizers-1920-x-600-px-1.png\" \/>\n<meta name=\"twitter:card\" content=\"summary_large_image\" \/>\n<meta name=\"twitter:label1\" content=\"\u01af\u1edbc t\u00ednh th\u1eddi gian \u0111\u1ecdc\" \/>\n\t<meta name=\"twitter:data1\" content=\"3 ph\u00fat\" \/>\n<script type=\"application\/ld+json\" class=\"yoast-schema-graph\">{\"@context\":\"https:\/\/schema.org\",\"@graph\":[{\"@type\":\"WebPage\",\"@id\":\"https:\/\/interpetfest.com\/join-us-at-interpetfest-vietnam-2025-a-special-event-for-pet-lovers-and-businesses-worldwide\/\",\"url\":\"https:\/\/interpetfest.com\/join-us-at-interpetfest-vietnam-2025-a-special-event-for-pet-lovers-and-businesses-worldwide\/\",\"name\":\"Join Us at InterPetFest Vietnam 2025 - A Special Event for Pet Lovers and Businesses Worldwide - InterPetFest\",\"isPartOf\":{\"@id\":\"https:\/\/interpetfest.com\/#website\"},\"primaryImageOfPage\":{\"@id\":\"https:\/\/interpetfest.com\/join-us-at-interpetfest-vietnam-2025-a-special-event-for-pet-lovers-and-businesses-worldwide\/#primaryimage\"},\"image\":{\"@id\":\"https:\/\/interpetfest.com\/join-us-at-interpetfest-vietnam-2025-a-special-event-for-pet-lovers-and-businesses-worldwide\/#primaryimage\"},\"thumbnailUrl\":\"https:\/\/interpetfest.com\/wp-content\/uploads\/2024\/12\/Organizers-1920-x-600-px-1.jpg\",\"datePublished\":\"2024-12-20T16:34:12+00:00\",\"dateModified\":\"2024-12-20T16:39:44+00:00\",\"breadcrumb\":{\"@id\":\"https:\/\/interpetfest.com\/join-us-at-interpetfest-vietnam-2025-a-special-event-for-pet-lovers-and-businesses-worldwide\/#breadcrumb\"},\"inLanguage\":\"vi\",\"potentialAction\":[{\"@type\":\"ReadAction\",\"target\":[\"https:\/\/interpetfest.com\/join-us-at-interpetfest-vietnam-2025-a-special-event-for-pet-lovers-and-businesses-worldwide\/\"]}]},{\"@type\":\"ImageObject\",\"inLanguage\":\"vi\",\"@id\":\"https:\/\/interpetfest.com\/join-us-at-interpetfest-vietnam-2025-a-special-event-for-pet-lovers-and-businesses-worldwide\/#primaryimage\",\"url\":\"https:\/\/interpetfest.com\/wp-content\/uploads\/2024\/12\/Organizers-1920-x-600-px-1.jpg\",\"contentUrl\":\"https:\/\/interpetfest.com\/wp-content\/uploads\/2024\/12\/Organizers-1920-x-600-px-1.jpg\"},{\"@type\":\"BreadcrumbList\",\"@id\":\"https:\/\/interpetfest.com\/join-us-at-interpetfest-vietnam-2025-a-special-event-for-pet-lovers-and-businesses-worldwide\/#breadcrumb\",\"itemListElement\":[{\"@type\":\"ListItem\",\"position\":1,\"name\":\"Home\",\"item\":\"https:\/\/interpetfest.com\/\"},{\"@type\":\"ListItem\",\"position\":2,\"name\":\"Join Us at InterPetFest Vietnam 2025 &#8211; A Special Event for Pet Lovers and Businesses Worldwide\"}]},{\"@type\":\"WebSite\",\"@id\":\"https:\/\/interpetfest.com\/#website\",\"url\":\"https:\/\/interpetfest.com\/\",\"name\":\"InterPetFest\",\"description\":\"\",\"publisher\":{\"@id\":\"https:\/\/interpetfest.com\/#organization\"},\"potentialAction\":[{\"@type\":\"SearchAction\",\"target\":{\"@type\":\"EntryPoint\",\"urlTemplate\":\"https:\/\/interpetfest.com\/?s={search_term_string}\"},\"query-input\":{\"@type\":\"PropertyValueSpecification\",\"valueRequired\":true,\"valueName\":\"search_term_string\"}}],\"inLanguage\":\"vi\"},{\"@type\":\"Organization\",\"@id\":\"https:\/\/interpetfest.com\/#organization\",\"name\":\"InterPetFest\",\"url\":\"https:\/\/interpetfest.com\/\",\"logo\":{\"@type\":\"ImageObject\",\"inLanguage\":\"vi\",\"@id\":\"https:\/\/interpetfest.com\/#\/schema\/logo\/image\/\",\"url\":\"https:\/\/interpetfest.com\/wp-content\/uploads\/2025\/06\/Logo-InterPetFest.png\",\"contentUrl\":\"https:\/\/interpetfest.com\/wp-content\/uploads\/2025\/06\/Logo-InterPetFest.png\",\"width\":\"1025\",\"height\":\"344\",\"caption\":\"InterPetFest\"},\"image\":{\"@id\":\"https:\/\/interpetfest.com\/#\/schema\/logo\/image\/\"}}]}<\/script>\n<!-- \/ Yoast SEO Premium plugin. -->","yoast_head_json":{"title":"Join Us at InterPetFest Vietnam 2025 - A Special Event for Pet Lovers and Businesses Worldwide - InterPetFest","robots":{"index":"index","follow":"follow","max-snippet":"max-snippet:-1","max-image-preview":"max-image-preview:large","max-video-preview":"max-video-preview:-1"},"canonical":"https:\/\/interpetfest.com\/vi\/hay-tham-gia-cung-chung-toi-tai-interpetfest-vietnam-2025-mot-su-kien-dac-biet-danh-cho-nhung-nguoi-yeu-thu-cung-va-cac-doanh-nghiep-tren-toan-the-gioi\/","og_locale":"vi_VN","og_type":"article","og_title":"Join Us at InterPetFest Vietnam 2025 - A Special Event for Pet Lovers and Businesses Worldwide","og_description":"&nbsp; Dear Customers, InterPetFest Vietnam 2025 is preparing for a special event that promises to connect the business community and pet lovers from all around the world. As the leading pet event in Vietnam, InterPetFest has established strategic international partnerships, which not only expand our global influence but also enhance our reputation within the industry.","og_url":"https:\/\/interpetfest.com\/vi\/hay-tham-gia-cung-chung-toi-tai-interpetfest-vietnam-2025-mot-su-kien-dac-biet-danh-cho-nhung-nguoi-yeu-thu-cung-va-cac-doanh-nghiep-tren-toan-the-gioi\/","og_site_name":"InterPetFest","article_modified_time":"2024-12-20T16:39:44+00:00","og_image":[{"url":"https:\/\/interpetfest.com\/wp-content\/uploads\/2024\/12\/Organizers-1920-x-600-px-1.png","type":"","width":"","height":""}],"twitter_card":"summary_large_image","twitter_misc":{"\u01af\u1edbc t\u00ednh th\u1eddi gian \u0111\u1ecdc":"3 ph\u00fat"},"schema":{"@context":"https:\/\/schema.org","@graph":[{"@type":"WebPage","@id":"https:\/\/interpetfest.com\/join-us-at-interpetfest-vietnam-2025-a-special-event-for-pet-lovers-and-businesses-worldwide\/","url":"https:\/\/interpetfest.com\/join-us-at-interpetfest-vietnam-2025-a-special-event-for-pet-lovers-and-businesses-worldwide\/","name":"Join Us at InterPetFest Vietnam 2025 - A Special Event for Pet Lovers and Businesses Worldwide - InterPetFest","isPartOf":{"@id":"https:\/\/interpetfest.com\/#website"},"primaryImageOfPage":{"@id":"https:\/\/interpetfest.com\/join-us-at-interpetfest-vietnam-2025-a-special-event-for-pet-lovers-and-businesses-worldwide\/#primaryimage"},"image":{"@id":"https:\/\/interpetfest.com\/join-us-at-interpetfest-vietnam-2025-a-special-event-for-pet-lovers-and-businesses-worldwide\/#primaryimage"},"thumbnailUrl":"https:\/\/interpetfest.com\/wp-content\/uploads\/2024\/12\/Organizers-1920-x-600-px-1.jpg","datePublished":"2024-12-20T16:34:12+00:00","dateModified":"2024-12-20T16:39:44+00:00","breadcrumb":{"@id":"https:\/\/interpetfest.com\/join-us-at-interpetfest-vietnam-2025-a-special-event-for-pet-lovers-and-businesses-worldwide\/#breadcrumb"},"inLanguage":"vi","potentialAction":[{"@type":"ReadAction","target":["https:\/\/interpetfest.com\/join-us-at-interpetfest-vietnam-2025-a-special-event-for-pet-lovers-and-businesses-worldwide\/"]}]},{"@type":"ImageObject","inLanguage":"vi","@id":"https:\/\/interpetfest.com\/join-us-at-interpetfest-vietnam-2025-a-special-event-for-pet-lovers-and-businesses-worldwide\/#primaryimage","url":"https:\/\/interpetfest.com\/wp-content\/uploads\/2024\/12\/Organizers-1920-x-600-px-1.jpg","contentUrl":"https:\/\/interpetfest.com\/wp-content\/uploads\/2024\/12\/Organizers-1920-x-600-px-1.jpg"},{"@type":"BreadcrumbList","@id":"https:\/\/interpetfest.com\/join-us-at-interpetfest-vietnam-2025-a-special-event-for-pet-lovers-and-businesses-worldwide\/#breadcrumb","itemListElement":[{"@type":"ListItem","position":1,"name":"Home","item":"https:\/\/interpetfest.com\/"},{"@type":"ListItem","position":2,"name":"Join Us at InterPetFest Vietnam 2025 &#8211; A Special Event for Pet Lovers and Businesses Worldwide"}]},{"@type":"WebSite","@id":"https:\/\/interpetfest.com\/#website","url":"https:\/\/interpetfest.com\/","name":"InterPetFest","description":"","publisher":{"@id":"https:\/\/interpetfest.com\/#organization"},"potentialAction":[{"@type":"SearchAction","target":{"@type":"EntryPoint","urlTemplate":"https:\/\/interpetfest.com\/?s={search_term_string}"},"query-input":{"@type":"PropertyValueSpecification","valueRequired":true,"valueName":"search_term_string"}}],"inLanguage":"vi"},{"@type":"Organization","@id":"https:\/\/interpetfest.com\/#organization","name":"InterPetFest","url":"https:\/\/interpetfest.com\/","logo":{"@type":"ImageObject","inLanguage":"vi","@id":"https:\/\/interpetfest.com\/#\/schema\/logo\/image\/","url":"https:\/\/interpetfest.com\/wp-content\/uploads\/2025\/06\/Logo-InterPetFest.png","contentUrl":"https:\/\/interpetfest.com\/wp-content\/uploads\/2025\/06\/Logo-InterPetFest.png","width":"1025","height":"344","caption":"InterPetFest"},"image":{"@id":"https:\/\/interpetfest.com\/#\/schema\/logo\/image\/"}}]}},"_links":{"self":[{"href":"https:\/\/interpetfest.com\/vi\/wp-json\/wp\/v2\/pages\/14560","targetHints":{"allow":["GET"]}}],"collection":[{"href":"https:\/\/interpetfest.com\/vi\/wp-json\/wp\/v2\/pages"}],"about":[{"href":"https:\/\/interpetfest.com\/vi\/wp-json\/wp\/v2\/types\/page"}],"author":[{"embeddable":true,"href":"https:\/\/interpetfest.com\/vi\/wp-json\/wp\/v2\/users\/1"}],"replies":[{"embeddable":true,"href":"https:\/\/interpetfest.com\/vi\/wp-json\/wp\/v2\/comments?post=14560"}],"version-history":[{"count":0,"href":"https:\/\/interpetfest.com\/vi\/wp-json\/wp\/v2\/pages\/14560\/revisions"}],"wp:attachment":[{"href":"https:\/\/interpetfest.com\/vi\/wp-json\/wp\/v2\/media?parent=14560"}],"curies":[{"name":"wp","href":"https:\/\/api.w.org\/{rel}","templated":true}]}}