{"id":15170,"date":"2024-12-31T10:30:15","date_gmt":"2024-12-31T03:30:15","guid":{"rendered":"https:\/\/interpetfest.com\/?page_id=15170"},"modified":"2024-12-31T11:34:39","modified_gmt":"2024-12-31T04:34:39","slug":"interpetfest-happy-new-year-2025-chuc-ban-nam-moi-dong-day-yeu-thuong","status":"publish","type":"page","link":"https:\/\/interpetfest.com\/vi\/interpetfest-chuc-mung-nam-moi-2025-chuc-ban-nam-moi-dong-ngay-yeu-thuong\/","title":{"rendered":"InterPetFest \u2013 Happy New Year 2025 \u2013 Ch\u00fac B\u1ea1n N\u0103m M\u1edbi \u0110\u00f4ng \u0110\u1ea7y"},"content":{"rendered":"<div data-elementor-type=\"wp-page\" data-elementor-id=\"15170\" class=\"elementor elementor-15170\" data-elementor-post-type=\"page\">\n\t\t\t\t\t\t\t<div class=\"elementor-element elementor-element-d6f527e e-flex e-con-boxed e-con\" data-id=\"d6f527e\" data-element_type=\"container\" data-settings=\"{&quot;content_width&quot;:&quot;boxed&quot;}\">\n\t\t\t\t\t<div class=\"e-con-inner\">\n\t\t\t\t<div class=\"elementor-element elementor-element-52d362d elementor-widget elementor-widget-heading\" data-id=\"52d362d\" data-element_type=\"widget\" data-widget_type=\"heading.default\">\n\t\t\t\t<div class=\"elementor-widget-container\">\n\t\t\t<style>\/*! elementor - v3.15.0 - 02-08-2023 *\/\n.elementor-heading-title{padding:0;margin:0;line-height:1}.elementor-widget-heading .elementor-heading-title[class*=elementor-size-]>a{color:inherit;font-size:inherit;line-height:inherit}.elementor-widget-heading .elementor-heading-title.elementor-size-small{font-size:15px}.elementor-widget-heading .elementor-heading-title.elementor-size-medium{font-size:19px}.elementor-widget-heading .elementor-heading-title.elementor-size-large{font-size:29px}.elementor-widget-heading .elementor-heading-title.elementor-size-xl{font-size:39px}.elementor-widget-heading .elementor-heading-title.elementor-size-xxl{font-size:59px}<\/style><h2 class=\"elementor-heading-title elementor-size-default\">InterPetFest G\u1eedi T\u1edbi B\u1ea1n L\u1eddi Ch\u00fac N\u0103m M\u1edbi \u0110ong \u0110\u1ea7y\u00a0 <span style=\"background-color: var(--bs-body-bg); color: var( --e-global-color-primary ); font-family: var(--averta); font-size: 2rem; font-weight: var( --e-global-typography-primary-font-weight );\"><\/span><\/h2>\t\t<\/div>\n\t\t\t\t<\/div>\n\t\t\t\t<div class=\"elementor-element elementor-element-130ea89 elementor-widget elementor-widget-text-editor\" data-id=\"130ea89\" data-element_type=\"widget\" data-widget_type=\"text-editor.default\">\n\t\t\t\t<div class=\"elementor-widget-container\">\n\t\t\t<style>\/*! elementor - v3.15.0 - 02-08-2023 *\/\n.elementor-widget-text-editor.elementor-drop-cap-view-stacked .elementor-drop-cap{background-color:#69727d;color:#fff}.elementor-widget-text-editor.elementor-drop-cap-view-framed .elementor-drop-cap{color:#69727d;border:3px solid;background-color:transparent}.elementor-widget-text-editor:not(.elementor-drop-cap-view-default) .elementor-drop-cap{margin-top:8px}.elementor-widget-text-editor:not(.elementor-drop-cap-view-default) .elementor-drop-cap-letter{width:1em;height:1em}.elementor-widget-text-editor .elementor-drop-cap{float:left;text-align:center;line-height:1;font-size:50px}.elementor-widget-text-editor .elementor-drop-cap-letter{display:inline-block}<\/style>\t\t\t\t<p style=\"line-height: 140%;\"><span style=\"color: #081b3a; font-family: SegoeuiPc, 'Segoe UI', 'San Francisco', 'Helvetica Neue', Helvetica, 'Lucida Grande', Roboto, Ubuntu, Tahoma, 'Microsoft Sans Serif', Arial, sans-serif; font-size: 15px; letter-spacing: 0.2px; text-align: start; white-space-collapse: preserve;\">Ch\u00e0o \u0111\u00f3n n\u0103m m\u1edbi 2025, to\u00e0n th\u1ec3 \u0111\u1ed9i ng\u0169 InterPetFest xin g\u1eedi \u0111\u1ebfn b\u1ea1n, gia \u0111\u00ecnh v\u00e0 c\u00f4ng ty l\u1eddi ch\u00fac m\u1eebng n\u0103m m\u1edbi tr\u00e0n \u0111\u1ea7y ni\u1ec1m vui, s\u1ee9c kh\u1ecfe v\u00e0 th\u00e0nh c\u00f4ng. C\u1ea3m \u01a1n b\u1ea1n \u0111\u00e3 quan t\u00e2m v\u00e0 \u1ee7ng h\u1ed9 InterPetFest trong su\u1ed1t th\u1eddi gian qua. <\/span><\/p>\t\t\t\t\t\t<\/div>\n\t\t\t\t<\/div>\n\t\t\t\t<div class=\"elementor-element elementor-element-d0e4ba3 elementor-widget elementor-widget-image\" data-id=\"d0e4ba3\" data-element_type=\"widget\" data-widget_type=\"image.default\">\n\t\t\t\t<div class=\"elementor-widget-container\">\n\t\t\t<style>\/*! elementor - v3.15.0 - 02-08-2023 *\/\n.elementor-widget-image{text-align:center}.elementor-widget-image a{display:inline-block}.elementor-widget-image a img[src$=\".svg\"]{width:48px}.elementor-widget-image img{vertical-align:middle;display:inline-block}<\/style>\t\t\t\t\t\t\t\t\t\t\t\t<img loading=\"lazy\" decoding=\"async\" width=\"640\" height=\"640\" src=\"https:\/\/interpetfest.com\/wp-content\/uploads\/2024\/12\/Artboard-16@3x-1024x1024.png\" class=\"attachment-large size-large wp-image-15172\" alt=\"\" srcset=\"https:\/\/interpetfest.com\/wp-content\/uploads\/2024\/12\/Artboard-16@3x-1024x1024.png 1024w, https:\/\/interpetfest.com\/wp-content\/uploads\/2024\/12\/Artboard-16@3x-300x300.png 300w, https:\/\/interpetfest.com\/wp-content\/uploads\/2024\/12\/Artboard-16@3x-150x150.png 150w, https:\/\/interpetfest.com\/wp-content\/uploads\/2024\/12\/Artboard-16@3x-768x768.png 768w, https:\/\/interpetfest.com\/wp-content\/uploads\/2024\/12\/Artboard-16@3x-1536x1536.png 1536w, https:\/\/interpetfest.com\/wp-content\/uploads\/2024\/12\/Artboard-16@3x-12x12.png 12w, https:\/\/interpetfest.com\/wp-content\/uploads\/2024\/12\/Artboard-16@3x-600x600.png 600w, https:\/\/interpetfest.com\/wp-content\/uploads\/2024\/12\/Artboard-16@3x-100x100.png 100w, https:\/\/interpetfest.com\/wp-content\/uploads\/2024\/12\/Artboard-16@3x.png 1600w\" sizes=\"auto, (max-width: 640px) 100vw, 640px\" \/>\t\t\t\t\t\t\t\t\t\t\t\t\t\t\t<\/div>\n\t\t\t\t<\/div>\n\t\t\t\t<div class=\"elementor-element elementor-element-0e2053f elementor-widget elementor-widget-text-editor\" data-id=\"0e2053f\" data-element_type=\"widget\" data-widget_type=\"text-editor.default\">\n\t\t\t\t<div class=\"elementor-widget-container\">\n\t\t\t\t\t\t\t<p style=\"line-height: 140%;\">H\u1eb9n l\u1ea1i b\u1ea1n t\u1ea1i Tri\u1ec3n l\u00e3m v\u00e0 L\u1ec5 h\u1ed9i Qu\u1ed1c t\u1ebf Th\u00fa c\u01b0ng Vi\u1ec7t Nam 2025 (InterPetFest Vi\u1ec7t Nam) t\u1ea1i SECC, Qu\u1eadn 7, TP.HCM, ng\u00e0y 20-22 th\u00e1ng 2 n\u0103m 2025, v\u1edbi s\u1ef1 tham gia c\u1ee7a h\u01a1n 200 nh\u00e0 tri\u1ec3n l\u00e3m qu\u1ed1c t\u1ebf v\u00e0 13.000 ng\u01b0\u1eddi tham d\u1ef1, trong \u0111\u00f3 c\u00f3 10.000 ch\u1ee7 nu\u00f4i th\u00fa c\u01b0ng, 3.000 c\u1eeda h\u00e0ng th\u00fa c\u01b0ng, c\u00e1c ph\u00f2ng kh\u00e1m, spa v\u00e0 100 nh\u00e0 nh\u1eadp kh\u1ea9u t\u1eeb c\u00e1c qu\u1ed1c gia \u0110\u00f4ng D\u01b0\u01a1ng.<\/p><p style=\"line-height: 140%;\">M\u1ed9t n\u0103m m\u1edbi 2025 an l\u00e0nh, h\u1ea1nh ph\u00fac v\u00e0 \u0111\u1ea7y \u1eafp nh\u1eefng th\u00e0nh c\u00f4ng r\u1ef1c r\u1ee1!<\/p><p style=\"line-height: 140%;\">- Xem qua video ch\u01b0\u01a1ng tr\u00ecnh: https:\/\/youtu.be\/SMN11t3rsaI<\/p><p style=\"line-height: 140%;\">- \u0110\u0103ng k\u00fd gian h\u00e0ng: https:\/\/interpetfest.com\/exhibitor-registration\/<\/p><p style=\"line-height: 140%;\">- \u0110\u0103ng k\u00fd tham gia Dogathon - Ch\u1ea1y v\u00ec t\u01b0\u01a1ng lai ch\u00f3 m\u00e8o Vi\u1ec7t Nam: https:\/\/interpetfest.com\/dogathon<\/p><p style=\"line-height: 140%;\">- \u0110\u0103ng k\u00fd tham quan: https:\/\/interpetfest.com\/visitor-registration\/<\/p><p style=\"line-height: 140%;\">- Tham gia nh\u00f3m Zalo InterPetFest c\u1ee7a ch\u00fang t\u00f4i: https:\/\/zalo.me\/g\/ssacbn395<\/p>\t\t\t\t\t\t<\/div>\n\t\t\t\t<\/div>\n\t\t\t\t<div class=\"elementor-element elementor-element-fc537a2 elementor-widget elementor-widget-text-editor\" data-id=\"fc537a2\" data-element_type=\"widget\" data-widget_type=\"text-editor.default\">\n\t\t\t\t<div class=\"elementor-widget-container\">\n\t\t\t\t\t\t\t<p style=\"line-height: 140%; text-align: center;\"><strong><img loading=\"lazy\" decoding=\"async\" class=\"alignnone wp-image-15173\" src=\"https:\/\/interpetfest.com\/wp-content\/uploads\/2024\/12\/InterPetFest-logo-1-1.png\" alt=\"\" width=\"220\" height=\"75\" srcset=\"https:\/\/interpetfest.com\/wp-content\/uploads\/2024\/12\/InterPetFest-logo-1-1.png 367w, https:\/\/interpetfest.com\/wp-content\/uploads\/2024\/12\/InterPetFest-logo-1-1-300x102.png 300w, https:\/\/interpetfest.com\/wp-content\/uploads\/2024\/12\/InterPetFest-logo-1-1-18x6.png 18w\" sizes=\"auto, (max-width: 220px) 100vw, 220px\" \/><\/strong><\/p>\n<p style=\"line-height: 140%; text-align: center;\"><strong>TRI\u1ec2N L\u00c3M V\u00c0 L\u1ec4 H\u1ed8I QU\u1ed0C T\u1ebe TH\u00da C\u01afNG VI\u1ec6T NAM<\/strong><\/p>\n<p style=\"line-height: 140%; text-align: center;\">28 TH\u1ea2O \u0110I\u1ec0N, QU\u1eacN 2, TH\u00c0NH PH\u1ed0 TH\u1ee6 \u0110\u1ee8C<\/p>\n<p style=\"line-height: 140%; text-align: center;\"><span style=\"line-height: 19.6px; color: #000000;\">\u0110\u01b0\u1eddng d\u00e2y n\u00f3ng: +84 28 7304 1730<\/span><\/p>\n<p style=\"line-height: 140%; text-align: center;\"><span style=\"line-height: 19.6px; color: #000000;\">Email: nhanlieu@eventure.com.vn<\/span><\/p>\n<p style=\"line-height: 140%;\"><!-- x-tinymce\/html --><\/p>\t\t\t\t\t\t<\/div>\n\t\t\t\t<\/div>\n\t\t\t\t\t<\/div>\n\t\t\t\t<\/div>\n\t\t\t\t\t\t\t<\/div>","protected":false},"excerpt":{"rendered":"<p>InterPetFest Vi\u1ec7t Nam \u2013 Ch\u00fac Qu\u00fd kh\u00e1ch m\u1ed9t n\u0103m m\u1edbi 2025 tr\u00e0n \u0111\u1ea7y ni\u1ec1m vui, s\u1ee9c kh\u1ecfe v\u00e0 th\u00e0nh c\u00f4ng. Ch\u00e0o \u0111\u00f3n n\u0103m m\u1edbi 2025, to\u00e0n th\u1ec3 \u0111\u1ed9i ng\u0169 InterPetFest xin g\u1eedi l\u1eddi ch\u00fac m\u1eebng n\u0103m m\u1edbi \u0111\u1ebfn Qu\u00fd kh\u00e1ch, m\u1ed9t n\u0103m m\u1edbi tr\u00e0n \u0111\u1ea7y ni\u1ec1m vui, s\u1ee9c kh\u1ecfe v\u00e0 th\u00e0nh c\u00f4ng. H\u1eb9n g\u1eb7p l\u1ea1i Qu\u00fd kh\u00e1ch t\u1ea1i Tri\u1ec3n l\u00e3m &amp; H\u1ed9i ch\u1ee3 Th\u00fa c\u01b0ng Qu\u1ed1c t\u1ebf Vi\u1ec7t Nam 2025 t\u1ea1i SECC, Qu\u1eadn 1.<\/p>","protected":false},"author":1,"featured_media":0,"parent":0,"menu_order":0,"comment_status":"closed","ping_status":"closed","template":"","meta":{"inline_featured_image":false,"footnotes":""},"class_list":["post-15170","page","type-page","status-publish","hentry"],"acf":[],"yoast_head":"<!-- This site is optimized with the Yoast SEO Premium plugin v22.8 (Yoast SEO v26.3) - https:\/\/yoast.com\/wordpress\/plugins\/seo\/ -->\n<title>InterPetFest - Happy New Year 2025 - Ch\u00fac B\u1ea1n N\u0103m M\u1edbi \u0110ong \u0110\u1ea7y - InterPetFest<\/title>\n<meta name=\"robots\" content=\"index, follow, max-snippet:-1, max-image-preview:large, max-video-preview:-1\" \/>\n<link rel=\"canonical\" href=\"https:\/\/interpetfest.com\/vi\/interpetfest-chuc-mung-nam-moi-2025-chuc-ban-nam-moi-dong-ngay-yeu-thuong\/\" \/>\n<meta property=\"og:locale\" content=\"vi_VN\" \/>\n<meta property=\"og:type\" content=\"article\" \/>\n<meta property=\"og:title\" content=\"InterPetFest - Happy New Year 2025 - Ch\u00fac B\u1ea1n N\u0103m M\u1edbi \u0110ong \u0110\u1ea7y\" \/>\n<meta property=\"og:description\" content=\"InterPetFest Vietnam &#8211; Wishing You, New Year 2025 Filled with Joy, Health &amp; Success Welcome the New Year 2025, the entire InterPetFest team would like to extend our New Year wishes to you, filled with joy, health, and success. We hope to see you at International Pet Festival &amp; Expo Vietnam 2025 at SECC, District\" \/>\n<meta property=\"og:url\" content=\"https:\/\/interpetfest.com\/vi\/interpetfest-chuc-mung-nam-moi-2025-chuc-ban-nam-moi-dong-ngay-yeu-thuong\/\" \/>\n<meta property=\"og:site_name\" content=\"InterPetFest\" \/>\n<meta property=\"article:modified_time\" content=\"2024-12-31T04:34:39+00:00\" \/>\n<meta property=\"og:image\" content=\"https:\/\/interpetfest.com\/wp-content\/uploads\/2024\/12\/Artboard-16@3x-1024x1024.png\" \/>\n<meta name=\"twitter:card\" content=\"summary_large_image\" \/>\n<meta name=\"twitter:label1\" content=\"\u01af\u1edbc t\u00ednh th\u1eddi gian \u0111\u1ecdc\" \/>\n\t<meta name=\"twitter:data1\" content=\"2 ph\u00fat\" \/>\n<script type=\"application\/ld+json\" class=\"yoast-schema-graph\">{\"@context\":\"https:\/\/schema.org\",\"@graph\":[{\"@type\":\"WebPage\",\"@id\":\"https:\/\/interpetfest.com\/interpetfest-happy-new-year-2025-chuc-ban-nam-moi-dong-day-yeu-thuong\/\",\"url\":\"https:\/\/interpetfest.com\/interpetfest-happy-new-year-2025-chuc-ban-nam-moi-dong-day-yeu-thuong\/\",\"name\":\"InterPetFest - Happy New Year 2025 - Ch\u00fac B\u1ea1n N\u0103m M\u1edbi \u0110ong \u0110\u1ea7y - InterPetFest\",\"isPartOf\":{\"@id\":\"https:\/\/interpetfest.com\/#website\"},\"primaryImageOfPage\":{\"@id\":\"https:\/\/interpetfest.com\/interpetfest-happy-new-year-2025-chuc-ban-nam-moi-dong-day-yeu-thuong\/#primaryimage\"},\"image\":{\"@id\":\"https:\/\/interpetfest.com\/interpetfest-happy-new-year-2025-chuc-ban-nam-moi-dong-day-yeu-thuong\/#primaryimage\"},\"thumbnailUrl\":\"https:\/\/interpetfest.com\/wp-content\/uploads\/2024\/12\/Artboard-16@3x-1024x1024.png\",\"datePublished\":\"2024-12-31T03:30:15+00:00\",\"dateModified\":\"2024-12-31T04:34:39+00:00\",\"breadcrumb\":{\"@id\":\"https:\/\/interpetfest.com\/interpetfest-happy-new-year-2025-chuc-ban-nam-moi-dong-day-yeu-thuong\/#breadcrumb\"},\"inLanguage\":\"vi\",\"potentialAction\":[{\"@type\":\"ReadAction\",\"target\":[\"https:\/\/interpetfest.com\/interpetfest-happy-new-year-2025-chuc-ban-nam-moi-dong-day-yeu-thuong\/\"]}]},{\"@type\":\"ImageObject\",\"inLanguage\":\"vi\",\"@id\":\"https:\/\/interpetfest.com\/interpetfest-happy-new-year-2025-chuc-ban-nam-moi-dong-day-yeu-thuong\/#primaryimage\",\"url\":\"https:\/\/interpetfest.com\/wp-content\/uploads\/2024\/12\/Artboard-16@3x-1024x1024.png\",\"contentUrl\":\"https:\/\/interpetfest.com\/wp-content\/uploads\/2024\/12\/Artboard-16@3x-1024x1024.png\"},{\"@type\":\"BreadcrumbList\",\"@id\":\"https:\/\/interpetfest.com\/interpetfest-happy-new-year-2025-chuc-ban-nam-moi-dong-day-yeu-thuong\/#breadcrumb\",\"itemListElement\":[{\"@type\":\"ListItem\",\"position\":1,\"name\":\"Home\",\"item\":\"https:\/\/interpetfest.com\/\"},{\"@type\":\"ListItem\",\"position\":2,\"name\":\"InterPetFest &#8211; Happy New Year 2025 &#8211; Ch\u00fac B\u1ea1n N\u0103m M\u1edbi \u0110ong \u0110\u1ea7y\"}]},{\"@type\":\"WebSite\",\"@id\":\"https:\/\/interpetfest.com\/#website\",\"url\":\"https:\/\/interpetfest.com\/\",\"name\":\"InterPetFest\",\"description\":\"\",\"publisher\":{\"@id\":\"https:\/\/interpetfest.com\/#organization\"},\"potentialAction\":[{\"@type\":\"SearchAction\",\"target\":{\"@type\":\"EntryPoint\",\"urlTemplate\":\"https:\/\/interpetfest.com\/?s={search_term_string}\"},\"query-input\":{\"@type\":\"PropertyValueSpecification\",\"valueRequired\":true,\"valueName\":\"search_term_string\"}}],\"inLanguage\":\"vi\"},{\"@type\":\"Organization\",\"@id\":\"https:\/\/interpetfest.com\/#organization\",\"name\":\"InterPetFest\",\"url\":\"https:\/\/interpetfest.com\/\",\"logo\":{\"@type\":\"ImageObject\",\"inLanguage\":\"vi\",\"@id\":\"https:\/\/interpetfest.com\/#\/schema\/logo\/image\/\",\"url\":\"https:\/\/interpetfest.com\/wp-content\/uploads\/2025\/06\/Logo-InterPetFest.png\",\"contentUrl\":\"https:\/\/interpetfest.com\/wp-content\/uploads\/2025\/06\/Logo-InterPetFest.png\",\"width\":\"1025\",\"height\":\"344\",\"caption\":\"InterPetFest\"},\"image\":{\"@id\":\"https:\/\/interpetfest.com\/#\/schema\/logo\/image\/\"}}]}<\/script>\n<!-- \/ Yoast SEO Premium plugin. -->","yoast_head_json":{"title":"InterPetFest - Happy New Year 2025 - Ch\u00fac B\u1ea1n N\u0103m M\u1edbi \u0110ong \u0110\u1ea7y - InterPetFest","robots":{"index":"index","follow":"follow","max-snippet":"max-snippet:-1","max-image-preview":"max-image-preview:large","max-video-preview":"max-video-preview:-1"},"canonical":"https:\/\/interpetfest.com\/vi\/interpetfest-chuc-mung-nam-moi-2025-chuc-ban-nam-moi-dong-ngay-yeu-thuong\/","og_locale":"vi_VN","og_type":"article","og_title":"InterPetFest - Happy New Year 2025 - Ch\u00fac B\u1ea1n N\u0103m M\u1edbi \u0110ong \u0110\u1ea7y","og_description":"InterPetFest Vietnam &#8211; Wishing You, New Year 2025 Filled with Joy, Health &amp; Success Welcome the New Year 2025, the entire InterPetFest team would like to extend our New Year wishes to you, filled with joy, health, and success. We hope to see you at International Pet Festival &amp; Expo Vietnam 2025 at SECC, District","og_url":"https:\/\/interpetfest.com\/vi\/interpetfest-chuc-mung-nam-moi-2025-chuc-ban-nam-moi-dong-ngay-yeu-thuong\/","og_site_name":"InterPetFest","article_modified_time":"2024-12-31T04:34:39+00:00","og_image":[{"url":"https:\/\/interpetfest.com\/wp-content\/uploads\/2024\/12\/Artboard-16@3x-1024x1024.png","type":"","width":"","height":""}],"twitter_card":"summary_large_image","twitter_misc":{"\u01af\u1edbc t\u00ednh th\u1eddi gian \u0111\u1ecdc":"2 ph\u00fat"},"schema":{"@context":"https:\/\/schema.org","@graph":[{"@type":"WebPage","@id":"https:\/\/interpetfest.com\/interpetfest-happy-new-year-2025-chuc-ban-nam-moi-dong-day-yeu-thuong\/","url":"https:\/\/interpetfest.com\/interpetfest-happy-new-year-2025-chuc-ban-nam-moi-dong-day-yeu-thuong\/","name":"InterPetFest - Happy New Year 2025 - Ch\u00fac B\u1ea1n N\u0103m M\u1edbi \u0110ong \u0110\u1ea7y - InterPetFest","isPartOf":{"@id":"https:\/\/interpetfest.com\/#website"},"primaryImageOfPage":{"@id":"https:\/\/interpetfest.com\/interpetfest-happy-new-year-2025-chuc-ban-nam-moi-dong-day-yeu-thuong\/#primaryimage"},"image":{"@id":"https:\/\/interpetfest.com\/interpetfest-happy-new-year-2025-chuc-ban-nam-moi-dong-day-yeu-thuong\/#primaryimage"},"thumbnailUrl":"https:\/\/interpetfest.com\/wp-content\/uploads\/2024\/12\/Artboard-16@3x-1024x1024.png","datePublished":"2024-12-31T03:30:15+00:00","dateModified":"2024-12-31T04:34:39+00:00","breadcrumb":{"@id":"https:\/\/interpetfest.com\/interpetfest-happy-new-year-2025-chuc-ban-nam-moi-dong-day-yeu-thuong\/#breadcrumb"},"inLanguage":"vi","potentialAction":[{"@type":"ReadAction","target":["https:\/\/interpetfest.com\/interpetfest-happy-new-year-2025-chuc-ban-nam-moi-dong-day-yeu-thuong\/"]}]},{"@type":"ImageObject","inLanguage":"vi","@id":"https:\/\/interpetfest.com\/interpetfest-happy-new-year-2025-chuc-ban-nam-moi-dong-day-yeu-thuong\/#primaryimage","url":"https:\/\/interpetfest.com\/wp-content\/uploads\/2024\/12\/Artboard-16@3x-1024x1024.png","contentUrl":"https:\/\/interpetfest.com\/wp-content\/uploads\/2024\/12\/Artboard-16@3x-1024x1024.png"},{"@type":"BreadcrumbList","@id":"https:\/\/interpetfest.com\/interpetfest-happy-new-year-2025-chuc-ban-nam-moi-dong-day-yeu-thuong\/#breadcrumb","itemListElement":[{"@type":"ListItem","position":1,"name":"Home","item":"https:\/\/interpetfest.com\/"},{"@type":"ListItem","position":2,"name":"InterPetFest &#8211; Happy New Year 2025 &#8211; Ch\u00fac B\u1ea1n N\u0103m M\u1edbi \u0110ong \u0110\u1ea7y"}]},{"@type":"WebSite","@id":"https:\/\/interpetfest.com\/#website","url":"https:\/\/interpetfest.com\/","name":"InterPetFest","description":"","publisher":{"@id":"https:\/\/interpetfest.com\/#organization"},"potentialAction":[{"@type":"SearchAction","target":{"@type":"EntryPoint","urlTemplate":"https:\/\/interpetfest.com\/?s={search_term_string}"},"query-input":{"@type":"PropertyValueSpecification","valueRequired":true,"valueName":"search_term_string"}}],"inLanguage":"vi"},{"@type":"Organization","@id":"https:\/\/interpetfest.com\/#organization","name":"InterPetFest","url":"https:\/\/interpetfest.com\/","logo":{"@type":"ImageObject","inLanguage":"vi","@id":"https:\/\/interpetfest.com\/#\/schema\/logo\/image\/","url":"https:\/\/interpetfest.com\/wp-content\/uploads\/2025\/06\/Logo-InterPetFest.png","contentUrl":"https:\/\/interpetfest.com\/wp-content\/uploads\/2025\/06\/Logo-InterPetFest.png","width":"1025","height":"344","caption":"InterPetFest"},"image":{"@id":"https:\/\/interpetfest.com\/#\/schema\/logo\/image\/"}}]}},"_links":{"self":[{"href":"https:\/\/interpetfest.com\/vi\/wp-json\/wp\/v2\/pages\/15170","targetHints":{"allow":["GET"]}}],"collection":[{"href":"https:\/\/interpetfest.com\/vi\/wp-json\/wp\/v2\/pages"}],"about":[{"href":"https:\/\/interpetfest.com\/vi\/wp-json\/wp\/v2\/types\/page"}],"author":[{"embeddable":true,"href":"https:\/\/interpetfest.com\/vi\/wp-json\/wp\/v2\/users\/1"}],"replies":[{"embeddable":true,"href":"https:\/\/interpetfest.com\/vi\/wp-json\/wp\/v2\/comments?post=15170"}],"version-history":[{"count":0,"href":"https:\/\/interpetfest.com\/vi\/wp-json\/wp\/v2\/pages\/15170\/revisions"}],"wp:attachment":[{"href":"https:\/\/interpetfest.com\/vi\/wp-json\/wp\/v2\/media?parent=15170"}],"curies":[{"name":"wp","href":"https:\/\/api.w.org\/{rel}","templated":true}]}}