{"id":17090,"date":"2025-01-24T15:24:49","date_gmt":"2025-01-24T08:24:49","guid":{"rendered":"https:\/\/interpetfest.com\/?page_id=17090"},"modified":"2025-01-27T20:42:29","modified_gmt":"2025-01-27T13:42:29","slug":"happy-lunar-new-year-2025-don-xuan-ruc-ro-hen-gap-ban-tai-interpetfest","status":"publish","type":"page","link":"https:\/\/interpetfest.com\/vi\/chuc-mung-nam-moi-am-lich-2025-don-xuan-ruc-ro-hen-gap-ban-tai-interpetfest\/","title":{"rendered":"Ch\u00fac m\u1eebng n\u0103m m\u1edbi \u00e2m l\u1ecbch 2025 v\u00e0 h\u1eb9n g\u1eb7p l\u1ea1i b\u1ea1n t\u1ea1i InterPetFest 2025"},"content":{"rendered":"<div data-elementor-type=\"wp-page\" data-elementor-id=\"17090\" class=\"elementor elementor-17090\" data-elementor-post-type=\"page\">\n\t\t\t\t\t\t\t<div class=\"elementor-element elementor-element-dab5f2a e-flex e-con-boxed e-con\" data-id=\"dab5f2a\" data-element_type=\"container\" data-settings=\"{&quot;content_width&quot;:&quot;boxed&quot;}\">\n\t\t\t\t\t<div class=\"e-con-inner\">\n\t\t\t\t<div class=\"elementor-element elementor-element-60c435f elementor-widget elementor-widget-heading\" data-id=\"60c435f\" data-element_type=\"widget\" data-widget_type=\"heading.default\">\n\t\t\t\t<div class=\"elementor-widget-container\">\n\t\t\t<style>\/*! elementor - v3.15.0 - 02-08-2023 *\/\n.elementor-heading-title{padding:0;margin:0;line-height:1}.elementor-widget-heading .elementor-heading-title[class*=elementor-size-]>a{color:inherit;font-size:inherit;line-height:inherit}.elementor-widget-heading .elementor-heading-title.elementor-size-small{font-size:15px}.elementor-widget-heading .elementor-heading-title.elementor-size-medium{font-size:19px}.elementor-widget-heading .elementor-heading-title.elementor-size-large{font-size:29px}.elementor-widget-heading .elementor-heading-title.elementor-size-xl{font-size:39px}.elementor-widget-heading .elementor-heading-title.elementor-size-xxl{font-size:59px}<\/style><h2 class=\"elementor-heading-title elementor-size-default\">Ch\u00fac b\u1ea1n m\u1ed9t n\u0103m m\u1edbi tr\u00e0n \u0111\u1ea7y ni\u1ec1m vui, th\u00e0nh c\u00f4ng v\u00e0 ph\u01b0\u1edbc l\u00e0nh!<\/h2>\t\t<\/div>\n\t\t\t\t<\/div>\n\t\t\t\t<div class=\"elementor-element elementor-element-60dfc71 elementor-widget elementor-widget-text-editor\" data-id=\"60dfc71\" data-element_type=\"widget\" data-widget_type=\"text-editor.default\">\n\t\t\t\t<div class=\"elementor-widget-container\">\n\t\t\t<style>\/*! elementor - v3.15.0 - 02-08-2023 *\/\n.elementor-widget-text-editor.elementor-drop-cap-view-stacked .elementor-drop-cap{background-color:#69727d;color:#fff}.elementor-widget-text-editor.elementor-drop-cap-view-framed .elementor-drop-cap{color:#69727d;border:3px solid;background-color:transparent}.elementor-widget-text-editor:not(.elementor-drop-cap-view-default) .elementor-drop-cap{margin-top:8px}.elementor-widget-text-editor:not(.elementor-drop-cap-view-default) .elementor-drop-cap-letter{width:1em;height:1em}.elementor-widget-text-editor .elementor-drop-cap{float:left;text-align:center;line-height:1;font-size:50px}.elementor-widget-text-editor .elementor-drop-cap-letter{display:inline-block}<\/style>\t\t\t\t<div class=\"flex-shrink-0 flex flex-col relative items-end\">\n<div>\n<div class=\"pt-0\">\n<div class=\"gizmo-bot-avatar flex h-8 w-8 items-center justify-center overflow-hidden rounded-full\">\n<div class=\"relative p-1 rounded-sm flex items-center justify-center bg-token-main-surface-primary text-token-text-primary h-8 w-8\"><span style=\"background-color: var(--bs-body-bg); color: var(--bs-body-color); font-family: var(--bs-body-font-family); font-size: 12pt; font-weight: var(--bs-body-font-weight);\">Nh\u00e2n d\u1ecbp T\u1ebft Nguy\u00ean \u0111\u00e1n 2025, InterPetFest k\u00ednh ch\u00fac b\u1ea1n v\u00e0 gia \u0111\u00ecnh m\u1ed9t m\u00f9a xu\u00e2n an khang, th\u1ecbnh v\u01b0\u1ee3ng, tr\u00e0n ng\u1eadp h\u1ea1nh ph\u00fac v\u00e0 th\u00e0nh c\u00f4ng r\u1ef1c r\u1ee1.<\/span><\/div><div class=\"relative p-1 rounded-sm flex items-center justify-center bg-token-main-surface-primary text-token-text-primary h-8 w-8\"><span style=\"background-color: var(--bs-body-bg); color: var(--bs-body-color); font-family: var(--bs-body-font-family); font-size: 12pt; font-weight: var(--bs-body-font-weight);\"><br><\/span><\/div><div class=\"relative p-1 rounded-sm flex items-center justify-center bg-token-main-surface-primary text-token-text-primary h-8 w-8\">\u0110\u1eebng qu\u00ean, ch\u00fang ta c\u00f3 m\u1ed9t cu\u1ed9c h\u1eb9n t\u1ea1i&nbsp;<span style=\"font-weight: bolder;\">L\u1ec5 h\u1ed9i &amp; Tri\u1ec3n l\u00e3m Th\u00fa c\u01b0ng Qu\u1ed1c t\u1ebf Vi\u1ec7t Nam 2025<\/span>&nbsp;T\u1eeb ng\u00e0y 20 \u0111\u1ebfn 22 th\u00e1ng 2 n\u0103m 2025. \u0110\u00e2y l\u00e0 c\u01a1 h\u1ed9i tuy\u1ec7t v\u1eddi \u0111\u1ec3 g\u1eb7p g\u1ee1, chia s\u1ebb v\u00e0 kh\u00e1m ph\u00e1 nh\u1eefng \u0111i\u1ec1u th\u00fa v\u1ecb trong th\u1ebf gi\u1edbi th\u00fa c\u01b0ng. H\u00e3y \u0111\u1ebfn v\u00e0 tham gia c\u00f9ng ch\u00fang t\u00f4i \u0111\u1ec3 tr\u1ea3i nghi\u1ec7m v\u00e0 k\u1ebft n\u1ed1i v\u1edbi nh\u1eefng ng\u01b0\u1eddi y\u00eau th\u00fa c\u01b0ng t\u1eeb kh\u1eafp n\u01a1i!<span style=\"background-color: var(--bs-body-bg); color: var(--bs-body-color); font-family: var(--bs-body-font-family); font-size: 12pt; font-weight: var(--bs-body-font-weight);\"><\/span><\/div>\n<\/div>\n<\/div>\n<\/div>\n<\/div>\t\t\t\t\t\t<\/div>\n\t\t\t\t<\/div>\n\t\t\t\t<div class=\"elementor-element elementor-element-ae83e29 elementor-widget elementor-widget-image\" data-id=\"ae83e29\" data-element_type=\"widget\" data-widget_type=\"image.default\">\n\t\t\t\t<div class=\"elementor-widget-container\">\n\t\t\t<style>\/*! elementor - v3.15.0 - 02-08-2023 *\/\n.elementor-widget-image{text-align:center}.elementor-widget-image a{display:inline-block}.elementor-widget-image a img[src$=\".svg\"]{width:48px}.elementor-widget-image img{vertical-align:middle;display:inline-block}<\/style>\t\t\t\t\t\t\t\t\t\t\t\t<img loading=\"lazy\" decoding=\"async\" width=\"640\" height=\"640\" src=\"https:\/\/interpetfest.com\/wp-content\/uploads\/2025\/01\/2-2-1024x1024.jpg\" class=\"attachment-large size-large wp-image-17094\" alt=\"\" srcset=\"https:\/\/interpetfest.com\/wp-content\/uploads\/2025\/01\/2-2-1024x1024.jpg 1024w, https:\/\/interpetfest.com\/wp-content\/uploads\/2025\/01\/2-2-300x300.jpg 300w, https:\/\/interpetfest.com\/wp-content\/uploads\/2025\/01\/2-2-150x150.jpg 150w, https:\/\/interpetfest.com\/wp-content\/uploads\/2025\/01\/2-2-768x768.jpg 768w, https:\/\/interpetfest.com\/wp-content\/uploads\/2025\/01\/2-2-12x12.jpg 12w, https:\/\/interpetfest.com\/wp-content\/uploads\/2025\/01\/2-2-600x600.jpg 600w, https:\/\/interpetfest.com\/wp-content\/uploads\/2025\/01\/2-2-100x100.jpg 100w, https:\/\/interpetfest.com\/wp-content\/uploads\/2025\/01\/2-2.jpg 1080w\" sizes=\"auto, (max-width: 640px) 100vw, 640px\" \/>\t\t\t\t\t\t\t\t\t\t\t\t\t\t\t<\/div>\n\t\t\t\t<\/div>\n\t\t\t\t<div class=\"elementor-element elementor-element-4c7d0af elementor-widget elementor-widget-text-editor\" data-id=\"4c7d0af\" data-element_type=\"widget\" data-widget_type=\"text-editor.default\">\n\t\t\t\t<div class=\"elementor-widget-container\">\n\t\t\t\t\t\t\t<p><span style=\"font-size: 12pt;\"><img decoding=\"async\" class=\"emoji\" role=\"img\" draggable=\"false\" src=\"https:\/\/s.w.org\/images\/core\/emoji\/15.0.3\/svg\/1f4fd.svg\" alt=\"\ud83d\udcfd\" \/> Xem video s\u1ef1 ki\u1ec7n: <a href=\"https:\/\/youtu.be\/SMN11t3rsaI\" target=\"_new\" rel=\"noopener\">https:\/\/youtu.be\/SMN11t3rsaI<\/a><\/span><br \/><span style=\"font-size: 12pt;\"><img decoding=\"async\" class=\"emoji\" role=\"img\" draggable=\"false\" src=\"https:\/\/s.w.org\/images\/core\/emoji\/15.0.3\/svg\/1f4cd.svg\" alt=\"\ud83d\udccd\" \/> \u0110\u0103ng k\u00fd l\u00e0m \u0111\u01a1n v\u1ecb tri\u1ec3n l\u00e3m: <a href=\"https:\/\/interpetfest.com\/vi\/dang-ky-trien-lam-2\/\" target=\"_new\" rel=\"noopener\">https:\/\/interpetfest.com\/exhibitor-registration\/<\/a><\/span><br \/><span style=\"font-size: 12pt;\"><img decoding=\"async\" class=\"emoji\" role=\"img\" draggable=\"false\" src=\"https:\/\/s.w.org\/images\/core\/emoji\/15.0.3\/svg\/1f4cd.svg\" alt=\"\ud83d\udccd\" \/> \u0110\u0103ng k\u00fd tham quan: <a href=\"https:\/\/interpetfest.com\/vi\/dang-ky-khach-tham-quan\/\" target=\"_new\" rel=\"noopener\">https:\/\/interpetfest.com\/visitor-registration\/<\/a><\/span><br \/><span style=\"font-size: 12pt;\"><img decoding=\"async\" class=\"emoji\" role=\"img\" draggable=\"false\" src=\"https:\/\/s.w.org\/images\/core\/emoji\/15.0.3\/svg\/1f4f1.svg\" alt=\"\ud83d\udcf1\" \/> Tham gia nh\u00f3m Zalo InterPetFest c\u1ee7a ch\u00fang t\u00f4i: <a href=\"https:\/\/zalo.me\/g\/ssacbn395\" target=\"_new\" rel=\"noopener\">https:\/\/zalo.me\/g\/ssacbn395<\/a><\/span><\/p><p><span style=\"font-size: 12pt;\">Ch\u00fang t\u00f4i r\u1ea5t mong \u0111\u01b0\u1ee3c g\u1eb7p b\u1ea1n t\u1ea1i InterPetFest v\u00e0 ch\u00fac b\u1ea1n m\u1ed9t n\u0103m m\u1edbi \u00fd ngh\u0129a!<\/span><\/p><p><span style=\"font-size: 12pt;\">Tr\u00e2n tr\u1ecdng,<\/span><\/p>\t\t\t\t\t\t<\/div>\n\t\t\t\t<\/div>\n\t\t\t\t<div class=\"elementor-element elementor-element-2bdd62e elementor-widget-divider--view-line elementor-widget elementor-widget-divider\" data-id=\"2bdd62e\" data-element_type=\"widget\" data-widget_type=\"divider.default\">\n\t\t\t\t<div class=\"elementor-widget-container\">\n\t\t\t<style>\/*! elementor - v3.15.0 - 02-08-2023 *\/\n.elementor-widget-divider{--divider-border-style:none;--divider-border-width:1px;--divider-color:#0c0d0e;--divider-icon-size:20px;--divider-element-spacing:10px;--divider-pattern-height:24px;--divider-pattern-size:20px;--divider-pattern-url:none;--divider-pattern-repeat:repeat-x}.elementor-widget-divider .elementor-divider{display:flex}.elementor-widget-divider .elementor-divider__text{font-size:15px;line-height:1;max-width:95%}.elementor-widget-divider .elementor-divider__element{margin:0 var(--divider-element-spacing);flex-shrink:0}.elementor-widget-divider .elementor-icon{font-size:var(--divider-icon-size)}.elementor-widget-divider .elementor-divider-separator{display:flex;margin:0;direction:ltr}.elementor-widget-divider--view-line_icon .elementor-divider-separator,.elementor-widget-divider--view-line_text .elementor-divider-separator{align-items:center}.elementor-widget-divider--view-line_icon .elementor-divider-separator:after,.elementor-widget-divider--view-line_icon .elementor-divider-separator:before,.elementor-widget-divider--view-line_text .elementor-divider-separator:after,.elementor-widget-divider--view-line_text .elementor-divider-separator:before{display:block;content:\"\";border-bottom:0;flex-grow:1;border-top:var(--divider-border-width) var(--divider-border-style) var(--divider-color)}.elementor-widget-divider--element-align-left .elementor-divider .elementor-divider-separator>.elementor-divider__svg:first-of-type{flex-grow:0;flex-shrink:100}.elementor-widget-divider--element-align-left .elementor-divider-separator:before{content:none}.elementor-widget-divider--element-align-left .elementor-divider__element{margin-left:0}.elementor-widget-divider--element-align-right .elementor-divider .elementor-divider-separator>.elementor-divider__svg:last-of-type{flex-grow:0;flex-shrink:100}.elementor-widget-divider--element-align-right .elementor-divider-separator:after{content:none}.elementor-widget-divider--element-align-right .elementor-divider__element{margin-right:0}.elementor-widget-divider:not(.elementor-widget-divider--view-line_text):not(.elementor-widget-divider--view-line_icon) .elementor-divider-separator{border-top:var(--divider-border-width) var(--divider-border-style) var(--divider-color)}.elementor-widget-divider--separator-type-pattern{--divider-border-style:none}.elementor-widget-divider--separator-type-pattern.elementor-widget-divider--view-line .elementor-divider-separator,.elementor-widget-divider--separator-type-pattern:not(.elementor-widget-divider--view-line) .elementor-divider-separator:after,.elementor-widget-divider--separator-type-pattern:not(.elementor-widget-divider--view-line) .elementor-divider-separator:before,.elementor-widget-divider--separator-type-pattern:not([class*=elementor-widget-divider--view]) .elementor-divider-separator{width:100%;min-height:var(--divider-pattern-height);-webkit-mask-size:var(--divider-pattern-size) 100%;mask-size:var(--divider-pattern-size) 100%;-webkit-mask-repeat:var(--divider-pattern-repeat);mask-repeat:var(--divider-pattern-repeat);background-color:var(--divider-color);-webkit-mask-image:var(--divider-pattern-url);mask-image:var(--divider-pattern-url)}.elementor-widget-divider--no-spacing{--divider-pattern-size:auto}.elementor-widget-divider--bg-round{--divider-pattern-repeat:round}.rtl .elementor-widget-divider .elementor-divider__text{direction:rtl}.e-con-inner>.elementor-widget-divider,.e-con>.elementor-widget-divider{width:var(--container-widget-width,100%);--flex-grow:var(--container-widget-flex-grow)}<\/style>\t\t<div class=\"elementor-divider\">\n\t\t\t<span class=\"elementor-divider-separator\">\n\t\t\t\t\t\t<\/span>\n\t\t<\/div>\n\t\t\t\t<\/div>\n\t\t\t\t<\/div>\n\t\t\t\t<div class=\"elementor-element elementor-element-c0b6739 elementor-widget elementor-widget-image\" data-id=\"c0b6739\" data-element_type=\"widget\" data-widget_type=\"image.default\">\n\t\t\t\t<div class=\"elementor-widget-container\">\n\t\t\t\t\t\t\t\t\t\t\t\t\t\t\t<img loading=\"lazy\" decoding=\"async\" width=\"640\" height=\"215\" src=\"https:\/\/interpetfest.com\/wp-content\/uploads\/2025\/01\/Logo-InterPetFest.png\" class=\"attachment-large size-large wp-image-17095\" alt=\"\" srcset=\"https:\/\/interpetfest.com\/wp-content\/uploads\/2025\/01\/Logo-InterPetFest.png 1025w, https:\/\/interpetfest.com\/wp-content\/uploads\/2025\/01\/Logo-InterPetFest-300x101.png 300w, https:\/\/interpetfest.com\/wp-content\/uploads\/2025\/01\/Logo-InterPetFest-768x258.png 768w, https:\/\/interpetfest.com\/wp-content\/uploads\/2025\/01\/Logo-InterPetFest-18x6.png 18w, https:\/\/interpetfest.com\/wp-content\/uploads\/2025\/01\/Logo-InterPetFest-600x201.png 600w\" sizes=\"auto, (max-width: 640px) 100vw, 640px\" \/>\t\t\t\t\t\t\t\t\t\t\t\t\t\t\t<\/div>\n\t\t\t\t<\/div>\n\t\t\t\t<div class=\"elementor-element elementor-element-8b34232 elementor-widget elementor-widget-text-editor\" data-id=\"8b34232\" data-element_type=\"widget\" data-widget_type=\"text-editor.default\">\n\t\t\t\t<div class=\"elementor-widget-container\">\n\t\t\t\t\t\t\t<p style=\"line-height: 140%; text-align: center;\"><span style=\"font-size: 12pt;\"><strong>TRI\u1ec2N L\u00c3M V\u00c0 L\u1ec4 H\u1ed8I QU\u1ed0C T\u1ebe TH\u00da C\u01afNG VI\u1ec6T NAM<\/strong><\/span><\/p><p style=\"line-height: 140%; text-align: center;\"><span style=\"font-size: 12pt;\">28 TH\u1ea2O \u0110I\u1ec0N, QU\u1eacN 2, TH\u00c0NH PH\u1ed0 TH\u1ee6 \u0110\u1ee8C<\/span><\/p><p style=\"line-height: 140%; text-align: center;\"><span style=\"line-height: 19.6px; color: #000000; font-size: 12pt;\">\u0110\u01b0\u1eddng d\u00e2y n\u00f3ng: +84 28 7304 1730<\/span><\/p><p style=\"line-height: 140%; text-align: center;\"><span style=\"line-height: 19.6px; color: #000000; font-size: 12pt;\">Email: nhanlieu@eventure.com.vn<\/span><\/p>\t\t\t\t\t\t<\/div>\n\t\t\t\t<\/div>\n\t\t\t\t\t<\/div>\n\t\t\t\t<\/div>\n\t\t\t\t\t\t\t<\/div>","protected":false},"excerpt":{"rendered":"<p>Ch\u00fac b\u1ea1n m\u1ed9t n\u0103m m\u1edbi tr\u00e0n ng\u1eadp ni\u1ec1m vui, th\u00e0nh c\u00f4ng v\u00e0 h\u1ea1nh ph\u00fac! Nh\u00e2n d\u1ecbp T\u1ebft Nguy\u00ean \u0111\u00e1n 2025, InterPetFest k\u00ednh ch\u00fac b\u1ea1n v\u00e0 gia \u0111\u00ecnh m\u1ed9t m\u00f9a xu\u00e2n an khang, th\u1ecbnh v\u01b0\u1ee3ng, ng\u1eadp tr\u00e0n h\u1ea1nh ph\u00fac v\u00e0 th\u00e0nh c\u00f4ng r\u1ef1c r\u1ee1. \u0110\u1eebng qu\u00ean ch\u00fang ta s\u1ebd tham d\u1ef1 Tri\u1ec3n l\u00e3m &amp; H\u1ed9i ch\u1ee3 Th\u00fa c\u01b0ng Qu\u1ed1c t\u1ebf Vi\u1ec7t Nam 2025 t\u1eeb ng\u00e0y 20 \u0111\u1ebfn 22 th\u00e1ng 2 n\u0103m 2025.<\/p>","protected":false},"author":1,"featured_media":0,"parent":0,"menu_order":0,"comment_status":"closed","ping_status":"closed","template":"","meta":{"inline_featured_image":false,"footnotes":""},"class_list":["post-17090","page","type-page","status-publish","hentry"],"acf":[],"yoast_head":"<!-- This site is optimized with the Yoast SEO Premium plugin v22.8 (Yoast SEO v26.3) - https:\/\/yoast.com\/wordpress\/plugins\/seo\/ -->\n<title>Happy Lunar New Year 2025 &amp; See You at InterPetFest 2025 - InterPetFest<\/title>\n<meta name=\"robots\" content=\"index, follow, max-snippet:-1, max-image-preview:large, max-video-preview:-1\" \/>\n<link rel=\"canonical\" href=\"https:\/\/interpetfest.com\/vi\/chuc-mung-nam-moi-am-lich-2025-don-xuan-ruc-ro-hen-gap-ban-tai-interpetfest\/\" \/>\n<meta property=\"og:locale\" content=\"vi_VN\" \/>\n<meta property=\"og:type\" content=\"article\" \/>\n<meta property=\"og:title\" content=\"Happy Lunar New Year 2025 &amp; See You at InterPetFest 2025\" \/>\n<meta property=\"og:description\" content=\"Wishing you a Lunar New Year full of joy, success, and blessings! On the occasion of the Lunar New Year 2025, InterPetFest wishes you and your family a prosperous, peaceful spring filled with happiness and outstanding success.Don&#8217;t forget, we have a date at the&nbsp;International Pet Festival &amp; Expo Vietnam 2025&nbsp;from February 20th to 22nd, 2025.\" \/>\n<meta property=\"og:url\" content=\"https:\/\/interpetfest.com\/vi\/chuc-mung-nam-moi-am-lich-2025-don-xuan-ruc-ro-hen-gap-ban-tai-interpetfest\/\" \/>\n<meta property=\"og:site_name\" content=\"InterPetFest\" \/>\n<meta property=\"article:modified_time\" content=\"2025-01-27T13:42:29+00:00\" \/>\n<meta property=\"og:image\" content=\"https:\/\/interpetfest.com\/wp-content\/uploads\/2025\/01\/2-2-1024x1024.png\" \/>\n<meta name=\"twitter:card\" content=\"summary_large_image\" \/>\n<meta name=\"twitter:label1\" content=\"\u01af\u1edbc t\u00ednh th\u1eddi gian \u0111\u1ecdc\" \/>\n\t<meta name=\"twitter:data1\" content=\"2 ph\u00fat\" \/>\n<script type=\"application\/ld+json\" class=\"yoast-schema-graph\">{\"@context\":\"https:\/\/schema.org\",\"@graph\":[{\"@type\":\"WebPage\",\"@id\":\"https:\/\/interpetfest.com\/happy-lunar-new-year-2025-don-xuan-ruc-ro-hen-gap-ban-tai-interpetfest\/\",\"url\":\"https:\/\/interpetfest.com\/happy-lunar-new-year-2025-don-xuan-ruc-ro-hen-gap-ban-tai-interpetfest\/\",\"name\":\"Happy Lunar New Year 2025 & See You at InterPetFest 2025 - InterPetFest\",\"isPartOf\":{\"@id\":\"https:\/\/interpetfest.com\/#website\"},\"primaryImageOfPage\":{\"@id\":\"https:\/\/interpetfest.com\/happy-lunar-new-year-2025-don-xuan-ruc-ro-hen-gap-ban-tai-interpetfest\/#primaryimage\"},\"image\":{\"@id\":\"https:\/\/interpetfest.com\/happy-lunar-new-year-2025-don-xuan-ruc-ro-hen-gap-ban-tai-interpetfest\/#primaryimage\"},\"thumbnailUrl\":\"https:\/\/interpetfest.com\/wp-content\/uploads\/2025\/01\/2-2-1024x1024.jpg\",\"datePublished\":\"2025-01-24T08:24:49+00:00\",\"dateModified\":\"2025-01-27T13:42:29+00:00\",\"breadcrumb\":{\"@id\":\"https:\/\/interpetfest.com\/happy-lunar-new-year-2025-don-xuan-ruc-ro-hen-gap-ban-tai-interpetfest\/#breadcrumb\"},\"inLanguage\":\"vi\",\"potentialAction\":[{\"@type\":\"ReadAction\",\"target\":[\"https:\/\/interpetfest.com\/happy-lunar-new-year-2025-don-xuan-ruc-ro-hen-gap-ban-tai-interpetfest\/\"]}]},{\"@type\":\"ImageObject\",\"inLanguage\":\"vi\",\"@id\":\"https:\/\/interpetfest.com\/happy-lunar-new-year-2025-don-xuan-ruc-ro-hen-gap-ban-tai-interpetfest\/#primaryimage\",\"url\":\"https:\/\/interpetfest.com\/wp-content\/uploads\/2025\/01\/2-2-1024x1024.jpg\",\"contentUrl\":\"https:\/\/interpetfest.com\/wp-content\/uploads\/2025\/01\/2-2-1024x1024.jpg\"},{\"@type\":\"BreadcrumbList\",\"@id\":\"https:\/\/interpetfest.com\/happy-lunar-new-year-2025-don-xuan-ruc-ro-hen-gap-ban-tai-interpetfest\/#breadcrumb\",\"itemListElement\":[{\"@type\":\"ListItem\",\"position\":1,\"name\":\"Home\",\"item\":\"https:\/\/interpetfest.com\/\"},{\"@type\":\"ListItem\",\"position\":2,\"name\":\"Happy Lunar New Year 2025 &#038; See You at InterPetFest 2025\"}]},{\"@type\":\"WebSite\",\"@id\":\"https:\/\/interpetfest.com\/#website\",\"url\":\"https:\/\/interpetfest.com\/\",\"name\":\"InterPetFest\",\"description\":\"\",\"publisher\":{\"@id\":\"https:\/\/interpetfest.com\/#organization\"},\"potentialAction\":[{\"@type\":\"SearchAction\",\"target\":{\"@type\":\"EntryPoint\",\"urlTemplate\":\"https:\/\/interpetfest.com\/?s={search_term_string}\"},\"query-input\":{\"@type\":\"PropertyValueSpecification\",\"valueRequired\":true,\"valueName\":\"search_term_string\"}}],\"inLanguage\":\"vi\"},{\"@type\":\"Organization\",\"@id\":\"https:\/\/interpetfest.com\/#organization\",\"name\":\"InterPetFest\",\"url\":\"https:\/\/interpetfest.com\/\",\"logo\":{\"@type\":\"ImageObject\",\"inLanguage\":\"vi\",\"@id\":\"https:\/\/interpetfest.com\/#\/schema\/logo\/image\/\",\"url\":\"https:\/\/interpetfest.com\/wp-content\/uploads\/2025\/06\/Logo-InterPetFest.png\",\"contentUrl\":\"https:\/\/interpetfest.com\/wp-content\/uploads\/2025\/06\/Logo-InterPetFest.png\",\"width\":\"1025\",\"height\":\"344\",\"caption\":\"InterPetFest\"},\"image\":{\"@id\":\"https:\/\/interpetfest.com\/#\/schema\/logo\/image\/\"}}]}<\/script>\n<!-- \/ Yoast SEO Premium plugin. -->","yoast_head_json":{"title":"Happy Lunar New Year 2025 & See You at InterPetFest 2025 - InterPetFest","robots":{"index":"index","follow":"follow","max-snippet":"max-snippet:-1","max-image-preview":"max-image-preview:large","max-video-preview":"max-video-preview:-1"},"canonical":"https:\/\/interpetfest.com\/vi\/chuc-mung-nam-moi-am-lich-2025-don-xuan-ruc-ro-hen-gap-ban-tai-interpetfest\/","og_locale":"vi_VN","og_type":"article","og_title":"Happy Lunar New Year 2025 & See You at InterPetFest 2025","og_description":"Wishing you a Lunar New Year full of joy, success, and blessings! On the occasion of the Lunar New Year 2025, InterPetFest wishes you and your family a prosperous, peaceful spring filled with happiness and outstanding success.Don&#8217;t forget, we have a date at the&nbsp;International Pet Festival &amp; Expo Vietnam 2025&nbsp;from February 20th to 22nd, 2025.","og_url":"https:\/\/interpetfest.com\/vi\/chuc-mung-nam-moi-am-lich-2025-don-xuan-ruc-ro-hen-gap-ban-tai-interpetfest\/","og_site_name":"InterPetFest","article_modified_time":"2025-01-27T13:42:29+00:00","og_image":[{"url":"https:\/\/interpetfest.com\/wp-content\/uploads\/2025\/01\/2-2-1024x1024.png","type":"","width":"","height":""}],"twitter_card":"summary_large_image","twitter_misc":{"\u01af\u1edbc t\u00ednh th\u1eddi gian \u0111\u1ecdc":"2 ph\u00fat"},"schema":{"@context":"https:\/\/schema.org","@graph":[{"@type":"WebPage","@id":"https:\/\/interpetfest.com\/happy-lunar-new-year-2025-don-xuan-ruc-ro-hen-gap-ban-tai-interpetfest\/","url":"https:\/\/interpetfest.com\/happy-lunar-new-year-2025-don-xuan-ruc-ro-hen-gap-ban-tai-interpetfest\/","name":"Happy Lunar New Year 2025 & See You at InterPetFest 2025 - InterPetFest","isPartOf":{"@id":"https:\/\/interpetfest.com\/#website"},"primaryImageOfPage":{"@id":"https:\/\/interpetfest.com\/happy-lunar-new-year-2025-don-xuan-ruc-ro-hen-gap-ban-tai-interpetfest\/#primaryimage"},"image":{"@id":"https:\/\/interpetfest.com\/happy-lunar-new-year-2025-don-xuan-ruc-ro-hen-gap-ban-tai-interpetfest\/#primaryimage"},"thumbnailUrl":"https:\/\/interpetfest.com\/wp-content\/uploads\/2025\/01\/2-2-1024x1024.jpg","datePublished":"2025-01-24T08:24:49+00:00","dateModified":"2025-01-27T13:42:29+00:00","breadcrumb":{"@id":"https:\/\/interpetfest.com\/happy-lunar-new-year-2025-don-xuan-ruc-ro-hen-gap-ban-tai-interpetfest\/#breadcrumb"},"inLanguage":"vi","potentialAction":[{"@type":"ReadAction","target":["https:\/\/interpetfest.com\/happy-lunar-new-year-2025-don-xuan-ruc-ro-hen-gap-ban-tai-interpetfest\/"]}]},{"@type":"ImageObject","inLanguage":"vi","@id":"https:\/\/interpetfest.com\/happy-lunar-new-year-2025-don-xuan-ruc-ro-hen-gap-ban-tai-interpetfest\/#primaryimage","url":"https:\/\/interpetfest.com\/wp-content\/uploads\/2025\/01\/2-2-1024x1024.jpg","contentUrl":"https:\/\/interpetfest.com\/wp-content\/uploads\/2025\/01\/2-2-1024x1024.jpg"},{"@type":"BreadcrumbList","@id":"https:\/\/interpetfest.com\/happy-lunar-new-year-2025-don-xuan-ruc-ro-hen-gap-ban-tai-interpetfest\/#breadcrumb","itemListElement":[{"@type":"ListItem","position":1,"name":"Home","item":"https:\/\/interpetfest.com\/"},{"@type":"ListItem","position":2,"name":"Happy Lunar New Year 2025 &#038; See You at InterPetFest 2025"}]},{"@type":"WebSite","@id":"https:\/\/interpetfest.com\/#website","url":"https:\/\/interpetfest.com\/","name":"InterPetFest","description":"","publisher":{"@id":"https:\/\/interpetfest.com\/#organization"},"potentialAction":[{"@type":"SearchAction","target":{"@type":"EntryPoint","urlTemplate":"https:\/\/interpetfest.com\/?s={search_term_string}"},"query-input":{"@type":"PropertyValueSpecification","valueRequired":true,"valueName":"search_term_string"}}],"inLanguage":"vi"},{"@type":"Organization","@id":"https:\/\/interpetfest.com\/#organization","name":"InterPetFest","url":"https:\/\/interpetfest.com\/","logo":{"@type":"ImageObject","inLanguage":"vi","@id":"https:\/\/interpetfest.com\/#\/schema\/logo\/image\/","url":"https:\/\/interpetfest.com\/wp-content\/uploads\/2025\/06\/Logo-InterPetFest.png","contentUrl":"https:\/\/interpetfest.com\/wp-content\/uploads\/2025\/06\/Logo-InterPetFest.png","width":"1025","height":"344","caption":"InterPetFest"},"image":{"@id":"https:\/\/interpetfest.com\/#\/schema\/logo\/image\/"}}]}},"_links":{"self":[{"href":"https:\/\/interpetfest.com\/vi\/wp-json\/wp\/v2\/pages\/17090","targetHints":{"allow":["GET"]}}],"collection":[{"href":"https:\/\/interpetfest.com\/vi\/wp-json\/wp\/v2\/pages"}],"about":[{"href":"https:\/\/interpetfest.com\/vi\/wp-json\/wp\/v2\/types\/page"}],"author":[{"embeddable":true,"href":"https:\/\/interpetfest.com\/vi\/wp-json\/wp\/v2\/users\/1"}],"replies":[{"embeddable":true,"href":"https:\/\/interpetfest.com\/vi\/wp-json\/wp\/v2\/comments?post=17090"}],"version-history":[{"count":0,"href":"https:\/\/interpetfest.com\/vi\/wp-json\/wp\/v2\/pages\/17090\/revisions"}],"wp:attachment":[{"href":"https:\/\/interpetfest.com\/vi\/wp-json\/wp\/v2\/media?parent=17090"}],"curies":[{"name":"wp","href":"https:\/\/api.w.org\/{rel}","templated":true}]}}