{"id":21438,"date":"2025-02-17T11:38:23","date_gmt":"2025-02-17T04:38:23","guid":{"rendered":"https:\/\/interpetfest.com\/?page_id=21438"},"modified":"2025-02-17T11:38:23","modified_gmt":"2025-02-17T04:38:23","slug":"see-you-at-interpetfest-viet-nam-20-22-feb-at-secc","status":"publish","type":"page","link":"https:\/\/interpetfest.com\/vi\/hen-gap-lai-ban-tai-interpetfest-viet-nam-20-22-thang-2-tai-secc\/","title":{"rendered":"H\u1eb9n g\u1eb7p l\u1ea1i b\u1ea1n t\u1ea1i InterPetFest Vi\u1ec7t Nam 20-22\/02 t\u1ea1i SECC"},"content":{"rendered":"<p data-start=\"71\" data-end=\"222\">\u0110\u0103ng k\u00fd <strong data-start=\"75\" data-end=\"135\">Tri\u1ec3n l\u00e3m &amp; L\u1ec5 h\u1ed9i Qu\u1ed1c t\u1ebf Th\u00fa c\u01b0ng Vi\u1ec7t Nam \u2013 InterPetFest<\/strong> ch\u1ec9 c\u00f2n v\u00e0i ng\u00e0y n\u1eefa th\u00f4i! \u0110\u1eebng b\u1ecf l\u1ee1 <strong data-start=\"172\" data-end=\"219\">S\u1ef1 ki\u1ec7n quan tr\u1ecdng nh\u1ea5t c\u1ee7a ng\u00e0nh th\u00fa c\u01b0ng Vi\u1ec7t Nam<\/strong>.<\/p>\n<p data-start=\"71\" data-end=\"222\"><img loading=\"lazy\" decoding=\"async\" class=\"alignnone size-full wp-image-21454\" src=\"https:\/\/interpetfest.com\/wp-content\/uploads\/2025\/02\/unnamed-1.jpg\" alt=\"\" width=\"1921\" height=\"601\" srcset=\"https:\/\/interpetfest.com\/wp-content\/uploads\/2025\/02\/unnamed-1.jpg 1600w, https:\/\/interpetfest.com\/wp-content\/uploads\/2025\/02\/unnamed-1-300x94.jpg 300w, https:\/\/interpetfest.com\/wp-content\/uploads\/2025\/02\/unnamed-1-1024x320.jpg 1024w, https:\/\/interpetfest.com\/wp-content\/uploads\/2025\/02\/unnamed-1-768x240.jpg 768w, https:\/\/interpetfest.com\/wp-content\/uploads\/2025\/02\/unnamed-1-1536x481.jpg 1536w, https:\/\/interpetfest.com\/wp-content\/uploads\/2025\/02\/unnamed-1-18x6.jpg 18w, https:\/\/interpetfest.com\/wp-content\/uploads\/2025\/02\/unnamed-1-600x188.jpg 600w\" sizes=\"auto, (max-width: 1921px) 100vw, 1921px\" \/><\/p>\n<p data-start=\"224\" data-end=\"331\">\ud83d\udcc5 <strong data-start=\"227\" data-end=\"236\">Ng\u00e0y s\u1ef1 ki\u1ec7n:<\/strong> Ng\u00e0y 20-22 th\u00e1ng 2 n\u0103m 2025<br data-start=\"257\" data-end=\"260\" \/>\ud83d\udccd <strong data-start=\"263\" data-end=\"273\">\u0110\u1ecba \u0111i\u1ec3m:<\/strong> SECC, 799 Nguy\u1ec5n V\u0103n Linh, Qu\u1eadn 7, TP.HCM<\/p>\n<p data-start=\"333\" data-end=\"524\">Tri\u1ec3n l\u00e3m n\u0103m nay s\u1ebd c\u00f3 s\u1ef1 g\u00f3p m\u1eb7t c\u1ee7a <strong data-start=\"369\" data-end=\"400\">200 th\u01b0\u01a1ng hi\u1ec7u t\u1eeb 8 qu\u1ed1c gia<\/strong>, mong \u0111\u1ee3i thu h\u00fat <strong data-start=\"423\" data-end=\"521\">100 nh\u00e0 nh\u1eadp kh\u1ea9u, nh\u00e0 ph\u00e2n ph\u1ed1i, nh\u00e0 b\u00e1n bu\u00f4n, 3.000 c\u1eeda h\u00e0ng th\u00fa c\u01b0ng\/ph\u00f2ng kh\u00e1m\/spa v\u00e0 10.000 ng\u01b0\u1eddi y\u00eau th\u00fa c\u01b0ng<\/strong>.<\/p>\n<p data-start=\"526\" data-end=\"631\">\ud83d\udce2 T\u00ecm t\u1ea5t c\u1ea3 th\u00f4ng tin chi ti\u1ebft v\u1ec1 s\u1ef1 ki\u1ec7n tr\u00ean trang web ch\u00ednh th\u1ee9c c\u1ee7a ch\u00fang t\u00f4i: <a href=\"https:\/\/interpetfest.com\/vi\/\" target=\"_new\" rel=\"noopener\" data-start=\"577\" data-end=\"629\">www.interpetfest.com<\/a><\/p>\n<p data-start=\"633\" data-end=\"771\">\ud83d\udd39 <strong data-start=\"636\" data-end=\"711\">H\u1ed9i th\u1ea3o ng\u00e0nh, H\u1ed9i th\u1ea3o ch\u1ea3i chu\u1ed1t qu\u1ed1c t\u1ebf &amp; H\u1ed9i th\u1ea3o d\u00e0nh cho ch\u1ee7 s\u1edf h\u1eefu th\u00fa c\u01b0ng<\/strong><br data-start=\"711\" data-end=\"714\" \/>\ud83d\udc49 <a href=\"https:\/\/interpetfest.com\/vi\/seminar\/\" target=\"_new\" rel=\"noopener\" data-start=\"717\" data-end=\"769\">Chi ti\u1ebft h\u01a1n<\/a><\/p>\n<p data-start=\"773\" data-end=\"910\">\ud83d\udd39 <strong data-start=\"776\" data-end=\"851\">H\u1ed9i ngh\u1ecb Th\u00fa y VSAVEC do Littleone Products (Th\u00e1i Lan) t\u00e0i tr\u1ee3<\/strong><br data-start=\"851\" data-end=\"854\" \/>\ud83d\udc49 <a href=\"https:\/\/interpetfest.com\/vi\/vsavec\/\" target=\"_new\" rel=\"noopener\" data-start=\"857\" data-end=\"908\">Chi ti\u1ebft h\u01a1n<\/a><\/p>\n<p data-start=\"912\" data-end=\"1066\">\ud83d\udd39 <strong data-start=\"915\" data-end=\"982\">Cu\u1ed9c thi ch\u1ea3i chu\u1ed1t ISCC Vi\u1ec7t Nam do Artero &amp; TZGroom t\u00e0i tr\u1ee3<\/strong><br data-start=\"982\" data-end=\"985\" \/>\ud83d\udc49 <a href=\"https:\/\/interpetfest.com\/vi\/iscc-grooming-competion-vietnam\/\" target=\"_new\" rel=\"noopener\" data-start=\"988\" data-end=\"1064\">Chi ti\u1ebft h\u01a1n<\/a><\/p>\n<p data-start=\"1068\" data-end=\"1182\">\ud83d\udd39 <strong data-start=\"1071\" data-end=\"1102\">Vietnam SECC Grand Dog Show<\/strong><br data-start=\"1102\" data-end=\"1105\" \/>\ud83d\udc49 <a href=\"https:\/\/interpetfest.com\/vi\/vietnam-secc-grand-dog-show\/\" target=\"_new\" rel=\"noopener\" data-start=\"1108\" data-end=\"1180\">Chi ti\u1ebft h\u01a1n<\/a><\/p>\n<p data-start=\"1184\" data-end=\"1310\">\ud83d\udd39 <strong data-start=\"1187\" data-end=\"1242\">Cu\u1ed9c thi T\u00e0i n\u0103ng Th\u00fa c\u01b0ng do Maxime Pet Food t\u00e0i tr\u1ee3<\/strong><br data-start=\"1242\" data-end=\"1245\" \/>\ud83d\udc49 <a href=\"https:\/\/interpetfest.com\/vi\/pet-competition\/\" target=\"_new\" rel=\"noopener\" data-start=\"1248\" data-end=\"1308\">Chi ti\u1ebft h\u01a1n<\/a><\/p>\n<p data-start=\"1312\" data-end=\"1516\">\u2728 <strong data-start=\"1314\" data-end=\"1343\">Ho\u1ea1t \u0111\u1ed9ng ph\u1ee5 th\u00fa v\u1ecb:<\/strong> Khu v\u1ef1c ki\u1ec3m tra s\u1ee9c kh\u1ecfe mi\u1ec5n ph\u00ed, g\u00e2y qu\u1ef9 cho 5 Trung t\u00e2m c\u1ee9u h\u1ed9 th\u00fa c\u01b0ng, Tri\u1ec3n l\u00e3m ngh\u1ec7 thu\u1eadt theo ch\u1ee7 \u0111\u1ec1 th\u00fa c\u01b0ng, R\u00fat th\u0103m may m\u1eafn v\u00e0 <strong data-start=\"1451\" data-end=\"1472\">Ch\u01b0\u01a1ng tr\u00ecnh qu\u00e0 t\u1eb7ng c\u1eeda ra v\u00e0o<\/strong> v\u1edbi <strong data-start=\"1478\" data-end=\"1499\">20.000 qu\u00e0 t\u1eb7ng mi\u1ec5n ph\u00ed<\/strong> d\u00e0nh cho ng\u01b0\u1eddi tham d\u1ef1.<\/p>\n<p data-start=\"1518\" data-end=\"1611\">\ud83d\udccc <strong data-start=\"1521\" data-end=\"1565\">Kh\u00e1m ph\u00e1 danh s\u00e1ch \u0111\u01a1n v\u1ecb tri\u1ec3n l\u00e3m v\u00e0 s\u01a1 \u0111\u1ed3 m\u1eb7t b\u1eb1ng:<\/strong> <a href=\"https:\/\/interpetfest.com\/vi\/ban-do\/\" target=\"_new\" rel=\"noopener\" data-start=\"1566\" data-end=\"1609\">Nh\u1ea5p v\u00e0o \u0111\u00e2y<\/a><\/p>\n<p data-start=\"1613\" data-end=\"1780\">\ud83c\udf9f <strong data-start=\"1616\" data-end=\"1644\">\u0110\u0103ng k\u00fd tham d\u1ef1 mi\u1ec5n ph\u00ed:<\/strong> <a href=\"https:\/\/interpetfest.com\/vi\/business-visitor-registration\/\" target=\"_new\" rel=\"noopener\" data-start=\"1645\" data-end=\"1717\">Nh\u1ea5p v\u00e0o \u0111\u00e2y<\/a><br data-start=\"1717\" data-end=\"1720\" \/>S\u1eed d\u1ee5ng m\u00e3 khuy\u1ebfn m\u1ea1i <strong data-start=\"1735\" data-end=\"1758\">l\u1ec5 h\u1ed9i th\u00fa c\u01b0ng n\u0103m m\u1edbi<\/strong> \u0111\u1ec3 \u0111\u01b0\u1ee3c v\u00e0o c\u1eeda mi\u1ec5n ph\u00ed.<\/p>\n<p data-start=\"1782\" data-end=\"1884\">\ud83e\udd1d <strong data-start=\"1785\" data-end=\"1832\">\u0110\u0103ng k\u00fd tham gia m\u1ea1ng l\u01b0\u1edbi B2B v\u1edbi c\u00e1c nh\u00e0 tri\u1ec3n l\u00e3m:<\/strong> <a href=\"https:\/\/forms.gle\/GTbMoc5ejNd77Dtw9\" target=\"_new\" rel=\"noopener\" data-start=\"1833\" data-end=\"1882\">Nh\u1ea5p v\u00e0o \u0111\u00e2y<\/a><\/p>\n<p data-start=\"1886\" data-end=\"1915\" data-is-last-node=\"\">H\u1eb9n g\u1eb7p l\u1ea1i b\u1ea1n t\u1ea1i InterPetFest 2025!<\/p>","protected":false},"excerpt":{"rendered":"<p>L\u1ec5 h\u1ed9i &amp; Tri\u1ec3n l\u00e3m Th\u00fa c\u01b0ng Qu\u1ed1c t\u1ebf Vi\u1ec7t Nam - InterPetFest ch\u1ec9 c\u00f2n v\u00e0i ng\u00e0y n\u1eefa! \u0110\u1eebng b\u1ecf l\u1ee1 s\u1ef1 ki\u1ec7n quan tr\u1ecdng nh\u1ea5t c\u1ee7a ng\u00e0nh th\u00fa c\u01b0ng Vi\u1ec7t Nam. \ud83d\udcc5 Th\u1eddi gian: 20-22 th\u00e1ng 2 n\u0103m 2025\ud83d\udccd \u0110\u1ecba \u0111i\u1ec3m: SECC, 799 Nguy\u1ec5n V\u0103n Linh, Qu\u1eadn 7, Th\u00e0nh ph\u1ed1 H\u1ed3 Ch\u00ed Minh. Tri\u1ec3n l\u00e3m n\u0103m nay s\u1ebd quy t\u1ee5 200 th\u01b0\u01a1ng hi\u1ec7u \u0111\u1ebfn t\u1eeb 8 qu\u1ed1c gia, d\u1ef1 ki\u1ebfn thu h\u00fat 100 nh\u00e0 nh\u1eadp kh\u1ea9u.<\/p>","protected":false},"author":1,"featured_media":0,"parent":0,"menu_order":0,"comment_status":"closed","ping_status":"closed","template":"","meta":{"inline_featured_image":false,"footnotes":""},"class_list":["post-21438","page","type-page","status-publish","hentry"],"acf":[],"yoast_head":"<!-- This site is optimized with the Yoast SEO Premium plugin v22.8 (Yoast SEO v26.3) - https:\/\/yoast.com\/wordpress\/plugins\/seo\/ -->\n<title>See you at InterPetFest Vi\u1ec7t Nam 20-22 Feb at SECC - InterPetFest<\/title>\n<meta name=\"robots\" content=\"index, follow, max-snippet:-1, max-image-preview:large, max-video-preview:-1\" \/>\n<link rel=\"canonical\" href=\"https:\/\/interpetfest.com\/vi\/hen-gap-lai-ban-tai-interpetfest-viet-nam-20-22-thang-2-tai-secc\/\" \/>\n<meta property=\"og:locale\" content=\"vi_VN\" \/>\n<meta property=\"og:type\" content=\"article\" \/>\n<meta property=\"og:title\" content=\"See you at InterPetFest Vi\u1ec7t Nam 20-22 Feb at SECC\" \/>\n<meta property=\"og:description\" content=\"The International Pet Festival &amp; Expo Vietnam \u2013 InterPetFest is just a few days away! Don\u2019t miss Vietnam\u2019s most important pet industry event. \ud83d\udcc5 Date: February 20-22, 2025\ud83d\udccd Venue: SECC, 799 Nguy\u1ec5n V\u0103n Linh, District 7, Ho Chi Minh City This year&#8217;s exhibition will feature 200 brands from 8 countries, expecting to attract 100 importers,\" \/>\n<meta property=\"og:url\" content=\"https:\/\/interpetfest.com\/vi\/hen-gap-lai-ban-tai-interpetfest-viet-nam-20-22-thang-2-tai-secc\/\" \/>\n<meta property=\"og:site_name\" content=\"InterPetFest\" \/>\n<meta property=\"og:image\" content=\"https:\/\/interpetfest.com\/wp-content\/uploads\/2025\/02\/unnamed-1.png\" \/>\n<meta name=\"twitter:card\" content=\"summary_large_image\" \/>\n<meta name=\"twitter:label1\" content=\"\u01af\u1edbc t\u00ednh th\u1eddi gian \u0111\u1ecdc\" \/>\n\t<meta name=\"twitter:data1\" content=\"1 ph\u00fat\" \/>\n<script type=\"application\/ld+json\" class=\"yoast-schema-graph\">{\"@context\":\"https:\/\/schema.org\",\"@graph\":[{\"@type\":\"WebPage\",\"@id\":\"https:\/\/interpetfest.com\/see-you-at-interpetfest-viet-nam-20-22-feb-at-secc\/\",\"url\":\"https:\/\/interpetfest.com\/see-you-at-interpetfest-viet-nam-20-22-feb-at-secc\/\",\"name\":\"See you at InterPetFest Vi\u1ec7t Nam 20-22 Feb at SECC - InterPetFest\",\"isPartOf\":{\"@id\":\"https:\/\/interpetfest.com\/#website\"},\"primaryImageOfPage\":{\"@id\":\"https:\/\/interpetfest.com\/see-you-at-interpetfest-viet-nam-20-22-feb-at-secc\/#primaryimage\"},\"image\":{\"@id\":\"https:\/\/interpetfest.com\/see-you-at-interpetfest-viet-nam-20-22-feb-at-secc\/#primaryimage\"},\"thumbnailUrl\":\"https:\/\/interpetfest.com\/wp-content\/uploads\/2025\/02\/unnamed-1.jpg\",\"datePublished\":\"2025-02-17T04:38:23+00:00\",\"breadcrumb\":{\"@id\":\"https:\/\/interpetfest.com\/see-you-at-interpetfest-viet-nam-20-22-feb-at-secc\/#breadcrumb\"},\"inLanguage\":\"vi\",\"potentialAction\":[{\"@type\":\"ReadAction\",\"target\":[\"https:\/\/interpetfest.com\/see-you-at-interpetfest-viet-nam-20-22-feb-at-secc\/\"]}]},{\"@type\":\"ImageObject\",\"inLanguage\":\"vi\",\"@id\":\"https:\/\/interpetfest.com\/see-you-at-interpetfest-viet-nam-20-22-feb-at-secc\/#primaryimage\",\"url\":\"https:\/\/interpetfest.com\/wp-content\/uploads\/2025\/02\/unnamed-1.jpg\",\"contentUrl\":\"https:\/\/interpetfest.com\/wp-content\/uploads\/2025\/02\/unnamed-1.jpg\"},{\"@type\":\"BreadcrumbList\",\"@id\":\"https:\/\/interpetfest.com\/see-you-at-interpetfest-viet-nam-20-22-feb-at-secc\/#breadcrumb\",\"itemListElement\":[{\"@type\":\"ListItem\",\"position\":1,\"name\":\"Home\",\"item\":\"https:\/\/interpetfest.com\/\"},{\"@type\":\"ListItem\",\"position\":2,\"name\":\"See you at InterPetFest Vi\u1ec7t Nam 20-22 Feb at SECC\"}]},{\"@type\":\"WebSite\",\"@id\":\"https:\/\/interpetfest.com\/#website\",\"url\":\"https:\/\/interpetfest.com\/\",\"name\":\"InterPetFest\",\"description\":\"\",\"publisher\":{\"@id\":\"https:\/\/interpetfest.com\/#organization\"},\"potentialAction\":[{\"@type\":\"SearchAction\",\"target\":{\"@type\":\"EntryPoint\",\"urlTemplate\":\"https:\/\/interpetfest.com\/?s={search_term_string}\"},\"query-input\":{\"@type\":\"PropertyValueSpecification\",\"valueRequired\":true,\"valueName\":\"search_term_string\"}}],\"inLanguage\":\"vi\"},{\"@type\":\"Organization\",\"@id\":\"https:\/\/interpetfest.com\/#organization\",\"name\":\"InterPetFest\",\"url\":\"https:\/\/interpetfest.com\/\",\"logo\":{\"@type\":\"ImageObject\",\"inLanguage\":\"vi\",\"@id\":\"https:\/\/interpetfest.com\/#\/schema\/logo\/image\/\",\"url\":\"https:\/\/interpetfest.com\/wp-content\/uploads\/2025\/06\/Logo-InterPetFest.png\",\"contentUrl\":\"https:\/\/interpetfest.com\/wp-content\/uploads\/2025\/06\/Logo-InterPetFest.png\",\"width\":\"1025\",\"height\":\"344\",\"caption\":\"InterPetFest\"},\"image\":{\"@id\":\"https:\/\/interpetfest.com\/#\/schema\/logo\/image\/\"}}]}<\/script>\n<!-- \/ Yoast SEO Premium plugin. -->","yoast_head_json":{"title":"See you at InterPetFest Vi\u1ec7t Nam 20-22 Feb at SECC - InterPetFest","robots":{"index":"index","follow":"follow","max-snippet":"max-snippet:-1","max-image-preview":"max-image-preview:large","max-video-preview":"max-video-preview:-1"},"canonical":"https:\/\/interpetfest.com\/vi\/hen-gap-lai-ban-tai-interpetfest-viet-nam-20-22-thang-2-tai-secc\/","og_locale":"vi_VN","og_type":"article","og_title":"See you at InterPetFest Vi\u1ec7t Nam 20-22 Feb at SECC","og_description":"The International Pet Festival &amp; Expo Vietnam \u2013 InterPetFest is just a few days away! Don\u2019t miss Vietnam\u2019s most important pet industry event. \ud83d\udcc5 Date: February 20-22, 2025\ud83d\udccd Venue: SECC, 799 Nguy\u1ec5n V\u0103n Linh, District 7, Ho Chi Minh City This year&#8217;s exhibition will feature 200 brands from 8 countries, expecting to attract 100 importers,","og_url":"https:\/\/interpetfest.com\/vi\/hen-gap-lai-ban-tai-interpetfest-viet-nam-20-22-thang-2-tai-secc\/","og_site_name":"InterPetFest","og_image":[{"url":"https:\/\/interpetfest.com\/wp-content\/uploads\/2025\/02\/unnamed-1.png","type":"","width":"","height":""}],"twitter_card":"summary_large_image","twitter_misc":{"\u01af\u1edbc t\u00ednh th\u1eddi gian \u0111\u1ecdc":"1 ph\u00fat"},"schema":{"@context":"https:\/\/schema.org","@graph":[{"@type":"WebPage","@id":"https:\/\/interpetfest.com\/see-you-at-interpetfest-viet-nam-20-22-feb-at-secc\/","url":"https:\/\/interpetfest.com\/see-you-at-interpetfest-viet-nam-20-22-feb-at-secc\/","name":"See you at InterPetFest Vi\u1ec7t Nam 20-22 Feb at SECC - InterPetFest","isPartOf":{"@id":"https:\/\/interpetfest.com\/#website"},"primaryImageOfPage":{"@id":"https:\/\/interpetfest.com\/see-you-at-interpetfest-viet-nam-20-22-feb-at-secc\/#primaryimage"},"image":{"@id":"https:\/\/interpetfest.com\/see-you-at-interpetfest-viet-nam-20-22-feb-at-secc\/#primaryimage"},"thumbnailUrl":"https:\/\/interpetfest.com\/wp-content\/uploads\/2025\/02\/unnamed-1.jpg","datePublished":"2025-02-17T04:38:23+00:00","breadcrumb":{"@id":"https:\/\/interpetfest.com\/see-you-at-interpetfest-viet-nam-20-22-feb-at-secc\/#breadcrumb"},"inLanguage":"vi","potentialAction":[{"@type":"ReadAction","target":["https:\/\/interpetfest.com\/see-you-at-interpetfest-viet-nam-20-22-feb-at-secc\/"]}]},{"@type":"ImageObject","inLanguage":"vi","@id":"https:\/\/interpetfest.com\/see-you-at-interpetfest-viet-nam-20-22-feb-at-secc\/#primaryimage","url":"https:\/\/interpetfest.com\/wp-content\/uploads\/2025\/02\/unnamed-1.jpg","contentUrl":"https:\/\/interpetfest.com\/wp-content\/uploads\/2025\/02\/unnamed-1.jpg"},{"@type":"BreadcrumbList","@id":"https:\/\/interpetfest.com\/see-you-at-interpetfest-viet-nam-20-22-feb-at-secc\/#breadcrumb","itemListElement":[{"@type":"ListItem","position":1,"name":"Home","item":"https:\/\/interpetfest.com\/"},{"@type":"ListItem","position":2,"name":"See you at InterPetFest Vi\u1ec7t Nam 20-22 Feb at SECC"}]},{"@type":"WebSite","@id":"https:\/\/interpetfest.com\/#website","url":"https:\/\/interpetfest.com\/","name":"InterPetFest","description":"","publisher":{"@id":"https:\/\/interpetfest.com\/#organization"},"potentialAction":[{"@type":"SearchAction","target":{"@type":"EntryPoint","urlTemplate":"https:\/\/interpetfest.com\/?s={search_term_string}"},"query-input":{"@type":"PropertyValueSpecification","valueRequired":true,"valueName":"search_term_string"}}],"inLanguage":"vi"},{"@type":"Organization","@id":"https:\/\/interpetfest.com\/#organization","name":"InterPetFest","url":"https:\/\/interpetfest.com\/","logo":{"@type":"ImageObject","inLanguage":"vi","@id":"https:\/\/interpetfest.com\/#\/schema\/logo\/image\/","url":"https:\/\/interpetfest.com\/wp-content\/uploads\/2025\/06\/Logo-InterPetFest.png","contentUrl":"https:\/\/interpetfest.com\/wp-content\/uploads\/2025\/06\/Logo-InterPetFest.png","width":"1025","height":"344","caption":"InterPetFest"},"image":{"@id":"https:\/\/interpetfest.com\/#\/schema\/logo\/image\/"}}]}},"_links":{"self":[{"href":"https:\/\/interpetfest.com\/vi\/wp-json\/wp\/v2\/pages\/21438","targetHints":{"allow":["GET"]}}],"collection":[{"href":"https:\/\/interpetfest.com\/vi\/wp-json\/wp\/v2\/pages"}],"about":[{"href":"https:\/\/interpetfest.com\/vi\/wp-json\/wp\/v2\/types\/page"}],"author":[{"embeddable":true,"href":"https:\/\/interpetfest.com\/vi\/wp-json\/wp\/v2\/users\/1"}],"replies":[{"embeddable":true,"href":"https:\/\/interpetfest.com\/vi\/wp-json\/wp\/v2\/comments?post=21438"}],"version-history":[{"count":0,"href":"https:\/\/interpetfest.com\/vi\/wp-json\/wp\/v2\/pages\/21438\/revisions"}],"wp:attachment":[{"href":"https:\/\/interpetfest.com\/vi\/wp-json\/wp\/v2\/media?parent=21438"}],"curies":[{"name":"wp","href":"https:\/\/api.w.org\/{rel}","templated":true}]}}