{"id":2493,"date":"2024-07-11T10:52:10","date_gmt":"2024-07-11T03:52:10","guid":{"rendered":"https:\/\/interpetfest.com\/?page_id=2493"},"modified":"2025-11-22T06:39:43","modified_gmt":"2025-11-21T23:39:43","slug":"directory-information","status":"publish","type":"page","link":"https:\/\/interpetfest.com\/vi\/thong-tin-thu-muc\/","title":{"rendered":"Th\u00f4ng tin th\u01b0 m\u1ee5c (\u1ea9n)"},"content":{"rendered":"<div data-elementor-type=\"wp-page\" data-elementor-id=\"2493\" class=\"elementor elementor-2493\" data-elementor-post-type=\"page\">\n\t\t\t\t\t\t\t<div class=\"elementor-element elementor-element-f7a6dcf e-flex e-con-boxed e-con\" data-id=\"f7a6dcf\" data-element_type=\"container\" data-settings=\"{&quot;content_width&quot;:&quot;boxed&quot;}\">\n\t\t\t\t\t<div class=\"e-con-inner\">\n\t\t<div class=\"elementor-element elementor-element-c08b2f0 e-con-full e-flex e-con\" data-id=\"c08b2f0\" data-element_type=\"container\" data-settings=\"{&quot;content_width&quot;:&quot;full&quot;}\">\n\t\t\t\t<\/div>\n\t\t<div class=\"elementor-element elementor-element-7cca605 e-flex e-con-boxed e-con\" data-id=\"7cca605\" data-element_type=\"container\" data-settings=\"{&quot;content_width&quot;:&quot;boxed&quot;}\">\n\t\t\t\t\t<div class=\"e-con-inner\">\n\t\t<div class=\"elementor-element elementor-element-de5c5b9 e-flex e-con-boxed e-con\" data-id=\"de5c5b9\" data-element_type=\"container\" data-settings=\"{&quot;content_width&quot;:&quot;boxed&quot;}\">\n\t\t\t\t\t<div class=\"e-con-inner\">\n\t\t<div class=\"elementor-element elementor-element-cb7c82d e-flex e-con-boxed e-con\" data-id=\"cb7c82d\" data-element_type=\"container\" data-settings=\"{&quot;background_background&quot;:&quot;classic&quot;,&quot;content_width&quot;:&quot;boxed&quot;}\">\n\t\t\t\t\t<div class=\"e-con-inner\">\n\t\t\t\t<div class=\"elementor-element elementor-element-ed8529f elementor-widget elementor-widget-heading\" data-id=\"ed8529f\" data-element_type=\"widget\" data-widget_type=\"heading.default\">\n\t\t\t\t<div class=\"elementor-widget-container\">\n\t\t\t<style>\/*! elementor - v3.15.0 - 02-08-2023 *\/\n.elementor-heading-title{padding:0;margin:0;line-height:1}.elementor-widget-heading .elementor-heading-title[class*=elementor-size-]>a{color:inherit;font-size:inherit;line-height:inherit}.elementor-widget-heading .elementor-heading-title.elementor-size-small{font-size:15px}.elementor-widget-heading .elementor-heading-title.elementor-size-medium{font-size:19px}.elementor-widget-heading .elementor-heading-title.elementor-size-large{font-size:29px}.elementor-widget-heading .elementor-heading-title.elementor-size-xl{font-size:39px}.elementor-widget-heading .elementor-heading-title.elementor-size-xxl{font-size:59px}<\/style><h3 class=\"elementor-heading-title elementor-size-default\"><span style=\"font-size: 25.04px;\">Nh\u00e0 cung c\u1ea5p d\u1ecbch v\u1ee5 \u0111\u01b0\u1ee3c \u0111\u1ec1 xu\u1ea5t<\/span><\/h3>\t\t<\/div>\n\t\t\t\t<\/div>\n\t\t\t\t\t<\/div>\n\t\t\t\t<\/div>\n\t\t\t\t<div class=\"elementor-element elementor-element-0705f1d elementor-widget__width-initial elementor-widget elementor-widget-text-editor\" data-id=\"0705f1d\" data-element_type=\"widget\" data-widget_type=\"text-editor.default\">\n\t\t\t\t<div class=\"elementor-widget-container\">\n\t\t\t<style>\/*! elementor - v3.15.0 - 02-08-2023 *\/\n.elementor-widget-text-editor.elementor-drop-cap-view-stacked .elementor-drop-cap{background-color:#69727d;color:#fff}.elementor-widget-text-editor.elementor-drop-cap-view-framed .elementor-drop-cap{color:#69727d;border:3px solid;background-color:transparent}.elementor-widget-text-editor:not(.elementor-drop-cap-view-default) .elementor-drop-cap{margin-top:8px}.elementor-widget-text-editor:not(.elementor-drop-cap-view-default) .elementor-drop-cap-letter{width:1em;height:1em}.elementor-widget-text-editor .elementor-drop-cap{float:left;text-align:center;line-height:1;font-size:50px}.elementor-widget-text-editor .elementor-drop-cap-letter{display:inline-block}<\/style>\t\t\t\t<p>Kh\u00e1m ph\u00e1 c\u00e1c nh\u00e0 cung c\u1ea5p d\u1ecbch v\u1ee5 h\u00e0ng \u0111\u1ea7u \u0111\u01b0\u1ee3c InterPetFest \u0111\u1ec1 xu\u1ea5t! T\u1eeb h\u1eadu c\u1ea7n v\u00e0 thi\u1ebft k\u1ebf gian h\u00e0ng \u0111\u1ebfn ti\u1ebfp th\u1ecb v\u00e0 c\u00e1c gi\u1ea3i ph\u00e1p s\u1ef1 ki\u1ec7n chuy\u00ean nghi\u1ec7p, nh\u1eefng \u0111\u1ed1i t\u00e1c \u0111\u00e1ng tin c\u1eady n\u00e0y lu\u00f4n s\u1eb5n s\u00e0ng gi\u00fap b\u1ea1n \u0111\u1ea1t \u0111\u01b0\u1ee3c th\u00e0nh c\u00f4ng v\u01b0\u1ee3t tr\u1ed9i t\u1ea1i tri\u1ec3n l\u00e3m.<\/p>\t\t\t\t\t\t<\/div>\n\t\t\t\t<\/div>\n\t\t\t\t<div class=\"elementor-element elementor-element-be4b471 elementor-align-center elementor-widget elementor-widget-button\" data-id=\"be4b471\" data-element_type=\"widget\" data-widget_type=\"button.default\">\n\t\t\t\t<div class=\"elementor-widget-container\">\n\t\t\t\t\t<div class=\"elementor-button-wrapper\">\n\t\t\t<a class=\"elementor-button elementor-button-link elementor-size-sm\" href=\"https:\/\/interpetfest.com\/vi\/nha-cung-cap-dich-vu-interpetfest\/\">\n\t\t\t\t\t\t<span class=\"elementor-button-content-wrapper\">\n\t\t\t\t\t\t<span class=\"elementor-button-text\">Xem th\u00eam chi ti\u1ebft t\u1ea1i \u0111\u00e2y<\/span>\n\t\t<\/span>\n\t\t\t\t\t<\/a>\n\t\t<\/div>\n\t\t\t\t<\/div>\n\t\t\t\t<\/div>\n\t\t\t\t\t<\/div>\n\t\t\t\t<\/div>\n\t\t\t\t\t<\/div>\n\t\t\t\t<\/div>\n\t\t\t\t\t<\/div>\n\t\t\t\t<\/div>\n\t\t\t\t\t\t\t<\/div>","protected":false},"excerpt":{"rendered":"<p>Nh\u00e0 cung c\u1ea5p d\u1ecbch v\u1ee5 \u0111\u01b0\u1ee3c InterPetFest \u0111\u1ec1 xu\u1ea5t! Kh\u00e1m ph\u00e1 c\u00e1c nh\u00e0 cung c\u1ea5p d\u1ecbch v\u1ee5 h\u00e0ng \u0111\u1ea7u \u0111\u01b0\u1ee3c InterPetFest \u0111\u1ec1 xu\u1ea5t! T\u1eeb h\u1eadu c\u1ea7n v\u00e0 thi\u1ebft k\u1ebf gian h\u00e0ng \u0111\u1ebfn ti\u1ebfp th\u1ecb v\u00e0 c\u00e1c gi\u1ea3i ph\u00e1p s\u1ef1 ki\u1ec7n chuy\u00ean nghi\u1ec7p, nh\u1eefng \u0111\u1ed1i t\u00e1c \u0111\u00e1ng tin c\u1eady n\u00e0y lu\u00f4n s\u1eb5n s\u00e0ng gi\u00fap b\u1ea1n \u0111\u1ea1t \u0111\u01b0\u1ee3c th\u00e0nh c\u00f4ng v\u01b0\u1ee3t tr\u1ed9i t\u1ea1i tri\u1ec3n l\u00e3m. Xem th\u00eam chi ti\u1ebft t\u1ea1i \u0111\u00e2y<\/p>","protected":false},"author":1,"featured_media":0,"parent":0,"menu_order":0,"comment_status":"closed","ping_status":"closed","template":"page-templates\/directory-information.php","meta":{"inline_featured_image":false,"footnotes":""},"class_list":["post-2493","page","type-page","status-publish","hentry"],"acf":[],"yoast_head":"<!-- This site is optimized with the Yoast SEO Premium plugin v22.8 (Yoast SEO v26.3) - https:\/\/yoast.com\/wordpress\/plugins\/seo\/ -->\n<title>Directory Information (hidden) - InterPetFest<\/title>\n<meta name=\"robots\" content=\"index, follow, max-snippet:-1, max-image-preview:large, max-video-preview:-1\" \/>\n<link rel=\"canonical\" href=\"https:\/\/interpetfest.com\/vi\/thong-tin-thu-muc\/\" \/>\n<meta property=\"og:locale\" content=\"vi_VN\" \/>\n<meta property=\"og:type\" content=\"article\" \/>\n<meta property=\"og:title\" content=\"Directory Information (hidden)\" \/>\n<meta property=\"og:description\" content=\"Recomended Service Providers Discover the top-tier service providers recommended by InterPetFest! From logistics and booth design to marketing and professional event solutions, these trusted partners are here to help you achieve outstanding success at the exhibition. See more details here\" \/>\n<meta property=\"og:url\" content=\"https:\/\/interpetfest.com\/vi\/thong-tin-thu-muc\/\" \/>\n<meta property=\"og:site_name\" content=\"InterPetFest\" \/>\n<meta property=\"article:modified_time\" content=\"2025-11-21T23:39:43+00:00\" \/>\n<meta name=\"twitter:card\" content=\"summary_large_image\" \/>\n<meta name=\"twitter:label1\" content=\"\u01af\u1edbc t\u00ednh th\u1eddi gian \u0111\u1ecdc\" \/>\n\t<meta name=\"twitter:data1\" content=\"1 ph\u00fat\" \/>\n<script type=\"application\/ld+json\" class=\"yoast-schema-graph\">{\"@context\":\"https:\/\/schema.org\",\"@graph\":[{\"@type\":\"WebPage\",\"@id\":\"https:\/\/interpetfest.com\/directory-information\/\",\"url\":\"https:\/\/interpetfest.com\/directory-information\/\",\"name\":\"Directory Information (hidden) - InterPetFest\",\"isPartOf\":{\"@id\":\"https:\/\/interpetfest.com\/#website\"},\"datePublished\":\"2024-07-11T03:52:10+00:00\",\"dateModified\":\"2025-11-21T23:39:43+00:00\",\"breadcrumb\":{\"@id\":\"https:\/\/interpetfest.com\/directory-information\/#breadcrumb\"},\"inLanguage\":\"vi\",\"potentialAction\":[{\"@type\":\"ReadAction\",\"target\":[\"https:\/\/interpetfest.com\/directory-information\/\"]}]},{\"@type\":\"BreadcrumbList\",\"@id\":\"https:\/\/interpetfest.com\/directory-information\/#breadcrumb\",\"itemListElement\":[{\"@type\":\"ListItem\",\"position\":1,\"name\":\"Home\",\"item\":\"https:\/\/interpetfest.com\/\"},{\"@type\":\"ListItem\",\"position\":2,\"name\":\"Directory Information (hidden)\"}]},{\"@type\":\"WebSite\",\"@id\":\"https:\/\/interpetfest.com\/#website\",\"url\":\"https:\/\/interpetfest.com\/\",\"name\":\"InterPetFest\",\"description\":\"\",\"publisher\":{\"@id\":\"https:\/\/interpetfest.com\/#organization\"},\"potentialAction\":[{\"@type\":\"SearchAction\",\"target\":{\"@type\":\"EntryPoint\",\"urlTemplate\":\"https:\/\/interpetfest.com\/?s={search_term_string}\"},\"query-input\":{\"@type\":\"PropertyValueSpecification\",\"valueRequired\":true,\"valueName\":\"search_term_string\"}}],\"inLanguage\":\"vi\"},{\"@type\":\"Organization\",\"@id\":\"https:\/\/interpetfest.com\/#organization\",\"name\":\"InterPetFest\",\"url\":\"https:\/\/interpetfest.com\/\",\"logo\":{\"@type\":\"ImageObject\",\"inLanguage\":\"vi\",\"@id\":\"https:\/\/interpetfest.com\/#\/schema\/logo\/image\/\",\"url\":\"https:\/\/interpetfest.com\/wp-content\/uploads\/2025\/06\/Logo-InterPetFest.png\",\"contentUrl\":\"https:\/\/interpetfest.com\/wp-content\/uploads\/2025\/06\/Logo-InterPetFest.png\",\"width\":\"1025\",\"height\":\"344\",\"caption\":\"InterPetFest\"},\"image\":{\"@id\":\"https:\/\/interpetfest.com\/#\/schema\/logo\/image\/\"}}]}<\/script>\n<!-- \/ Yoast SEO Premium plugin. -->","yoast_head_json":{"title":"Directory Information (hidden) - InterPetFest","robots":{"index":"index","follow":"follow","max-snippet":"max-snippet:-1","max-image-preview":"max-image-preview:large","max-video-preview":"max-video-preview:-1"},"canonical":"https:\/\/interpetfest.com\/vi\/thong-tin-thu-muc\/","og_locale":"vi_VN","og_type":"article","og_title":"Directory Information (hidden)","og_description":"Recomended Service Providers Discover the top-tier service providers recommended by InterPetFest! From logistics and booth design to marketing and professional event solutions, these trusted partners are here to help you achieve outstanding success at the exhibition. See more details here","og_url":"https:\/\/interpetfest.com\/vi\/thong-tin-thu-muc\/","og_site_name":"InterPetFest","article_modified_time":"2025-11-21T23:39:43+00:00","twitter_card":"summary_large_image","twitter_misc":{"\u01af\u1edbc t\u00ednh th\u1eddi gian \u0111\u1ecdc":"1 ph\u00fat"},"schema":{"@context":"https:\/\/schema.org","@graph":[{"@type":"WebPage","@id":"https:\/\/interpetfest.com\/directory-information\/","url":"https:\/\/interpetfest.com\/directory-information\/","name":"Directory Information (hidden) - InterPetFest","isPartOf":{"@id":"https:\/\/interpetfest.com\/#website"},"datePublished":"2024-07-11T03:52:10+00:00","dateModified":"2025-11-21T23:39:43+00:00","breadcrumb":{"@id":"https:\/\/interpetfest.com\/directory-information\/#breadcrumb"},"inLanguage":"vi","potentialAction":[{"@type":"ReadAction","target":["https:\/\/interpetfest.com\/directory-information\/"]}]},{"@type":"BreadcrumbList","@id":"https:\/\/interpetfest.com\/directory-information\/#breadcrumb","itemListElement":[{"@type":"ListItem","position":1,"name":"Home","item":"https:\/\/interpetfest.com\/"},{"@type":"ListItem","position":2,"name":"Directory Information (hidden)"}]},{"@type":"WebSite","@id":"https:\/\/interpetfest.com\/#website","url":"https:\/\/interpetfest.com\/","name":"InterPetFest","description":"","publisher":{"@id":"https:\/\/interpetfest.com\/#organization"},"potentialAction":[{"@type":"SearchAction","target":{"@type":"EntryPoint","urlTemplate":"https:\/\/interpetfest.com\/?s={search_term_string}"},"query-input":{"@type":"PropertyValueSpecification","valueRequired":true,"valueName":"search_term_string"}}],"inLanguage":"vi"},{"@type":"Organization","@id":"https:\/\/interpetfest.com\/#organization","name":"InterPetFest","url":"https:\/\/interpetfest.com\/","logo":{"@type":"ImageObject","inLanguage":"vi","@id":"https:\/\/interpetfest.com\/#\/schema\/logo\/image\/","url":"https:\/\/interpetfest.com\/wp-content\/uploads\/2025\/06\/Logo-InterPetFest.png","contentUrl":"https:\/\/interpetfest.com\/wp-content\/uploads\/2025\/06\/Logo-InterPetFest.png","width":"1025","height":"344","caption":"InterPetFest"},"image":{"@id":"https:\/\/interpetfest.com\/#\/schema\/logo\/image\/"}}]}},"_links":{"self":[{"href":"https:\/\/interpetfest.com\/vi\/wp-json\/wp\/v2\/pages\/2493","targetHints":{"allow":["GET"]}}],"collection":[{"href":"https:\/\/interpetfest.com\/vi\/wp-json\/wp\/v2\/pages"}],"about":[{"href":"https:\/\/interpetfest.com\/vi\/wp-json\/wp\/v2\/types\/page"}],"author":[{"embeddable":true,"href":"https:\/\/interpetfest.com\/vi\/wp-json\/wp\/v2\/users\/1"}],"replies":[{"embeddable":true,"href":"https:\/\/interpetfest.com\/vi\/wp-json\/wp\/v2\/comments?post=2493"}],"version-history":[{"count":3,"href":"https:\/\/interpetfest.com\/vi\/wp-json\/wp\/v2\/pages\/2493\/revisions"}],"predecessor-version":[{"id":61160,"href":"https:\/\/interpetfest.com\/vi\/wp-json\/wp\/v2\/pages\/2493\/revisions\/61160"}],"wp:attachment":[{"href":"https:\/\/interpetfest.com\/vi\/wp-json\/wp\/v2\/media?parent=2493"}],"curies":[{"name":"wp","href":"https:\/\/api.w.org\/{rel}","templated":true}]}}