{"id":29173,"date":"2025-04-14T17:30:31","date_gmt":"2025-04-14T10:30:31","guid":{"rendered":"https:\/\/interpetfest.com\/?page_id=29173"},"modified":"2025-04-14T17:39:54","modified_gmt":"2025-04-14T10:39:54","slug":"vietnams-pet-market-growth-potential-and-business-opportunities","status":"publish","type":"page","link":"https:\/\/interpetfest.com\/vi\/tiem-nang-tang-truong-va-co-hoi-kinh-doanh-cua-thi-truong-thu-cung-viet-nam\/","title":{"rendered":"Th\u1ecb tr\u01b0\u1eddng Th\u00fa c\u01b0ng Vi\u1ec7t Nam: Ti\u1ec1m n\u0103ng t\u0103ng tr\u01b0\u1edfng v\u00e0 C\u01a1 h\u1ed9i kinh doanh"},"content":{"rendered":"<p><img decoding=\"async\" class=\"alignnone wp-image-29174 size-full\" src=\"https:\/\/interpetfest.com\/wp-content\/uploads\/2025\/04\/0A7A0815.jpg\" alt=\"\" width=\"1920\" height=\"1281\" srcset=\"https:\/\/interpetfest.com\/wp-content\/uploads\/2025\/04\/0A7A0815.jpg 1600w, https:\/\/interpetfest.com\/wp-content\/uploads\/2025\/04\/0A7A0815-300x200.jpg 300w, https:\/\/interpetfest.com\/wp-content\/uploads\/2025\/04\/0A7A0815-1024x683.jpg 1024w, https:\/\/interpetfest.com\/wp-content\/uploads\/2025\/04\/0A7A0815-768x512.jpg 768w, https:\/\/interpetfest.com\/wp-content\/uploads\/2025\/04\/0A7A0815-1536x1025.jpg 1536w, https:\/\/interpetfest.com\/wp-content\/uploads\/2025\/04\/0A7A0815-18x12.jpg 18w, https:\/\/interpetfest.com\/wp-content\/uploads\/2025\/04\/0A7A0815-600x400.jpg 600w\" sizes=\"(max-width: 1920px) 100vw, 1920px\" \/><\/p>\n<p><span style=\"font-weight: 400;\"><b>Th\u1ecb tr\u01b0\u1eddng Th\u00fa c\u01b0ng Vi\u1ec7t Nam: Ti\u1ec1m n\u0103ng t\u0103ng tr\u01b0\u1edfng v\u00e0 C\u01a1 h\u1ed9i kinh doanh<\/b><\/span><\/p>\n<p><span style=\"font-weight: 400;\">Th\u1ecb tr\u01b0\u1eddng th\u00fa c\u01b0ng t\u1ea1i Vi\u1ec7t Nam \u0111ang ph\u00e1t tri\u1ec3n m\u1ea1nh m\u1ebd, ph\u1ea3n \u00e1nh s\u1ef1 thay \u0111\u1ed5i trong l\u1ed1i s\u1ed1ng v\u00e0 nh\u1eadn th\u1ee9c ng\u00e0y c\u00e0ng ti\u1ebfn b\u1ed9 c\u1ee7a ng\u01b0\u1eddi ti\u00eau d\u00f9ng v\u1ec1 vi\u1ec7c nu\u00f4i v\u00e0 ch\u0103m s\u00f3c th\u00fa c\u01b0ng. S\u1ef1 gia t\u0103ng nhanh ch\u00f3ng c\u1ee7a t\u1ea7ng l\u1edbp trung l\u01b0u, \u0111\u00f4 th\u1ecb h\u00f3a v\u00e0 \u1ea3nh h\u01b0\u1edfng v\u0103n h\u00f3a ph\u01b0\u01a1ng T\u00e2y \u0111\u00e3 th\u00fac \u0111\u1ea9y nhu c\u1ea7u s\u1edf h\u1eefu th\u00fa c\u01b0ng \u2013 \u0111\u1eb7c bi\u1ec7t l\u00e0 ch\u00f3 v\u00e0 m\u00e8o \u2013 \u0111\u1ed3ng th\u1eddi k\u00e9o theo m\u1ed1i quan t\u00e2m ng\u00e0y c\u00e0ng l\u1edbn \u0111\u1ebfn s\u1ee9c kh\u1ecfe v\u00e0 ph\u00fac l\u1ee3i c\u1ee7a ch\u00fang.<\/span><\/p>\n<p><span style=\"font-weight: 400;\">Theo b\u00e1o c\u00e1o TGM Research 2024, hi\u1ec7n nay Vi\u1ec7t Nam c\u00f3 kho\u1ea3ng 8 tri\u1ec7u ch\u00f3 v\u00e0 4 tri\u1ec7u m\u00e8o \u0111\u01b0\u1ee3c nu\u00f4i trong c\u00e1c h\u1ed9 gia \u0111\u00ecnh, t\u0103ng 15% so v\u1edbi n\u0103m tr\u01b0\u1edbc. Con s\u1ed1 n\u00e0y cho th\u1ea5y s\u1ef1 m\u1edf r\u1ed9ng nhanh ch\u00f3ng c\u1ee7a th\u1ecb tr\u01b0\u1eddng, \u0111\u1eb7c bi\u1ec7t trong nh\u00f3m ng\u01b0\u1eddi tr\u1ebb v\u00e0 c\u00e1c gia \u0111\u00ecnh c\u00f3 thu nh\u1eadp d\u01b0 d\u1ea3. Ng\u00e0nh c\u00f4ng nghi\u1ec7p th\u00fa c\u01b0ng t\u1ea1i Vi\u1ec7t Nam c\u0169ng ghi nh\u1eadn m\u1ee9c t\u0103ng tr\u01b0\u1edfng \u1ea5n t\u01b0\u1ee3ng, v\u1edbi doanh thu \u01b0\u1edbc t\u00ednh \u0111\u1ea1t 500 tri\u1ec7u USD trong n\u0103m 2024 v\u00e0 t\u1ed1c \u0111\u1ed9 t\u0103ng tr\u01b0\u1edfng trung b\u00ecnh h\u1eb1ng n\u0103m l\u00ean t\u1edbi 20%.<\/span><\/p>\n<p><b>\u0110\u00e0 t\u0103ng tr\u01b0\u1edfng nhanh ch\u00f3ng c\u1ee7a ng\u00e0nh th\u00fa c\u01b0ng<\/b><\/p>\n<p><span style=\"font-weight: 400;\"><img decoding=\"async\" class=\"alignnone wp-image-28640 size-full\" src=\"https:\/\/interpetfest.com\/wp-content\/uploads\/2025\/03\/LQT_1418.jpg\" alt=\"\" width=\"1920\" height=\"1280\" srcset=\"https:\/\/interpetfest.com\/wp-content\/uploads\/2025\/03\/LQT_1418.jpg 1600w, https:\/\/interpetfest.com\/wp-content\/uploads\/2025\/03\/LQT_1418-300x200.jpg 300w, https:\/\/interpetfest.com\/wp-content\/uploads\/2025\/03\/LQT_1418-1024x683.jpg 1024w, https:\/\/interpetfest.com\/wp-content\/uploads\/2025\/03\/LQT_1418-768x512.jpg 768w, https:\/\/interpetfest.com\/wp-content\/uploads\/2025\/03\/LQT_1418-1536x1024.jpg 1536w, https:\/\/interpetfest.com\/wp-content\/uploads\/2025\/03\/LQT_1418-18x12.jpg 18w, https:\/\/interpetfest.com\/wp-content\/uploads\/2025\/03\/LQT_1418-600x400.jpg 600w\" sizes=\"(max-width: 1920px) 100vw, 1920px\" \/><\/span><\/p>\n<p><span style=\"font-weight: 400;\">Th\u1ee9c \u0103n th\u00fa c\u01b0ng l\u00e0 ph\u00e2n kh\u00fac chi\u1ebfm t\u1ef7 tr\u1ecdng l\u1edbn nh\u1ea5t, \u0111\u00f3ng g\u00f3p h\u01a1n 60% t\u1ed5ng doanh thu to\u00e0n ng\u00e0nh. Ng\u01b0\u1eddi ti\u00eau d\u00f9ng Vi\u1ec7t Nam ng\u00e0y c\u00e0ng \u01b0u ti\u00ean l\u1ef1a ch\u1ecdn c\u00e1c s\u1ea3n ph\u1ea9m dinh d\u01b0\u1ee1ng cao c\u1ea5p, h\u1eefu c\u01a1 v\u00e0 ch\u1ebf \u0111\u1ed9 \u0103n chuy\u00ean bi\u1ec7t \u0111\u1ec3 n\u00e2ng cao s\u1ee9c kh\u1ecfe cho th\u00fa c\u01b0ng. Xu h\u01b0\u1edbng n\u00e0y \u0111\u00e3 t\u1ea1o \u0111i\u1ec1u ki\u1ec7n cho s\u1ef1 ph\u00e1t tri\u1ec3n c\u1ee7a c\u00e1c th\u01b0\u01a1ng hi\u1ec7u th\u1ee9c \u0103n th\u00fa c\u01b0ng nh\u1eadp kh\u1ea9u ch\u1ea5t l\u01b0\u1ee3ng cao t\u1eeb M\u1ef9, ch\u00e2u \u00c2u v\u00e0 Nh\u1eadt B\u1ea3n.<\/span><\/p>\n<p><span style=\"font-weight: 400;\">Ngo\u00e0i th\u1ee9c \u0103n, l\u0129nh v\u1ef1c ph\u1ee5 ki\u1ec7n v\u00e0 d\u1ecbch v\u1ee5 d\u00e0nh cho th\u00fa c\u01b0ng c\u0169ng \u0111ang tr\u00ean \u0111\u00e0 t\u0103ng tr\u01b0\u1edfng m\u1ea1nh. C\u00e1c d\u1ecbch v\u1ee5 nh\u01b0 spa th\u00fa c\u01b0ng, kh\u00e1ch s\u1ea1n th\u00fa c\u01b0ng, b\u1ea3o hi\u1ec3m, v\u00e0 ch\u0103m s\u00f3c y t\u1ebf chuy\u00ean s\u00e2u ng\u00e0y c\u00e0ng ph\u1ed5 bi\u1ebfn, \u0111\u1eb7c bi\u1ec7t t\u1ea1i c\u00e1c th\u00e0nh ph\u1ed1 l\u1edbn nh\u01b0 H\u00e0 N\u1ed9i v\u00e0 TP. H\u1ed3 Ch\u00ed Minh. M\u1ed9t kh\u1ea3o s\u00e1t c\u1ee7a TGM Research cho th\u1ea5y 45% ch\u1ee7 nu\u00f4i s\u1eb5n s\u00e0ng chi h\u01a1n 500.000 VN\u0110 (kho\u1ea3ng 20 USD) m\u1ed7i th\u00e1ng cho th\u00fa c\u01b0ng, cho th\u1ea5y ti\u1ec1m n\u0103ng r\u1ea5t l\u1edbn c\u1ee7a c\u00e1c d\u1ecbch v\u1ee5 cao c\u1ea5p.<\/span><\/p>\n<p><span style=\"font-weight: 400;\">Th\u01b0\u01a1ng m\u1ea1i \u0111i\u1ec7n t\u1eed v\u00e0 m\u1ea1ng x\u00e3 h\u1ed9i c\u0169ng \u0111\u00f3ng vai tr\u00f2 quan tr\u1ecdng trong qu\u00e1 tr\u00ecnh ph\u00e1t tri\u1ec3n c\u1ee7a ng\u00e0nh. Nhi\u1ec1u th\u01b0\u01a1ng hi\u1ec7u \u0111ang t\u1eadn d\u1ee5ng c\u00e1c n\u1ec1n t\u1ea3ng n\u00e0y \u0111\u1ec3 k\u1ebft n\u1ed1i v\u1edbi kh\u00e1ch h\u00e0ng, qu\u1ea3ng b\u00e1 s\u1ea3n ph\u1ea9m v\u00e0 x\u00e2y d\u1ef1ng c\u1ed9ng \u0111\u1ed3ng y\u00eau th\u00fa c\u01b0ng s\u00f4i \u0111\u1ed9ng. Nh\u1eefng y\u1ebfu t\u1ed1 n\u00e0y \u0111ang khi\u1ebfn th\u1ecb tr\u01b0\u1eddng th\u00fa c\u01b0ng Vi\u1ec7t Nam tr\u1edf n\u00ean n\u0103ng \u0111\u1ed9ng v\u00e0 \u0111\u1ea7y h\u1ee9a h\u1eb9n h\u01a1n bao gi\u1edd h\u1ebft.<\/span><\/p>\n<p><span style=\"font-weight: 400;\">Trong b\u1ed1i c\u1ea3nh th\u1ecb tr\u01b0\u1eddng t\u0103ng tr\u01b0\u1edfng m\u1ea1nh m\u1ebd, InterPetFest \u2013 Tri\u1ec3n l\u00e3m &amp; L\u1ec5 h\u1ed9i Qu\u1ed1c t\u1ebf Th\u00fa c\u01b0ng t\u1ea1i Vi\u1ec7t Nam \u0111\u00e3 tr\u1edf th\u00e0nh s\u1ef1 ki\u1ec7n then ch\u1ed1t, k\u1ebft n\u1ed1i c\u00e1c doanh nghi\u1ec7p, chuy\u00ean gia v\u00e0 c\u1ed9ng \u0111\u1ed3ng y\u00eau th\u00fa c\u01b0ng. S\u1ef1 ki\u1ec7n gi\u1edbi thi\u1ec7u c\u00e1c s\u1ea3n ph\u1ea9m v\u00e0 d\u1ecbch v\u1ee5 ti\u00ean ti\u1ebfn, c\u1eadp nh\u1eadt xu h\u01b0\u1edbng ch\u0103m s\u00f3c th\u00fa c\u01b0ng m\u1edbi nh\u1ea5t, \u0111\u1ed3ng th\u1eddi t\u1ea1o n\u1ec1n t\u1ea3ng k\u1ebft n\u1ed1i gi\u00e1 tr\u1ecb cho c\u1ea3 doanh nghi\u1ec7p trong n\u01b0\u1edbc v\u00e0 qu\u1ed1c t\u1ebf.<\/span><\/p>\n<p>&nbsp;<\/p>\n<p><b>InterPetFest 2026 \u2013 Tri\u1ec3n l\u00e3m &amp; L\u1ec5 h\u1ed9i Qu\u1ed1c t\u1ebf Th\u00fa c\u01b0ng t\u1ea1i Vi\u1ec7t Nam 2026\u00a0<\/b><\/p>\n<p><b>PSV 2026 - Tri\u1ec3n l\u00e3m to\u00e0n c\u1ea7u ngu\u1ed3n cung \u1ee9ng ng\u00e0nh th\u00fa c\u01b0ng cao c\u1ea5p 2026\u00a0<\/b><\/p>\n<p><span style=\"font-weight: 400;\"><img decoding=\"async\" class=\"alignnone wp-image-29175 size-full\" src=\"https:\/\/interpetfest.com\/wp-content\/uploads\/2025\/04\/0A7A0796.jpg\" alt=\"\" width=\"1920\" height=\"1281\" srcset=\"https:\/\/interpetfest.com\/wp-content\/uploads\/2025\/04\/0A7A0796.jpg 1600w, https:\/\/interpetfest.com\/wp-content\/uploads\/2025\/04\/0A7A0796-300x200.jpg 300w, https:\/\/interpetfest.com\/wp-content\/uploads\/2025\/04\/0A7A0796-1024x683.jpg 1024w, https:\/\/interpetfest.com\/wp-content\/uploads\/2025\/04\/0A7A0796-768x512.jpg 768w, https:\/\/interpetfest.com\/wp-content\/uploads\/2025\/04\/0A7A0796-1536x1025.jpg 1536w, https:\/\/interpetfest.com\/wp-content\/uploads\/2025\/04\/0A7A0796-18x12.jpg 18w, https:\/\/interpetfest.com\/wp-content\/uploads\/2025\/04\/0A7A0796-600x400.jpg 600w\" sizes=\"(max-width: 1920px) 100vw, 1920px\" \/><\/span><\/p>\n<p><span style=\"font-weight: 400;\">InterPetFest &amp; PSV 2026 s\u1ebd quy t\u1ee5 c\u00e1c th\u01b0\u01a1ng hi\u1ec7u uy t\u00edn v\u00e0 t\u1ed5 ch\u1ee9c h\u00e0ng lo\u1ea1t ho\u1ea1t \u0111\u1ed9ng h\u1ea5p d\u1eabn nh\u01b0: c\u00e1c cu\u1ed9c thi chuy\u00ean nghi\u1ec7p bao g\u1ed3m Vietnam SECC Grand Dog Show, ISCC Grooming Competition Vietnam, h\u1ed9i th\u1ea3o chuy\u00ean ng\u00e0nh th\u00fa c\u01b0ng, h\u1ed9i ngh\u1ecb th\u00fa y, workshop cho ch\u1ee7 nu\u00f4i, c\u00e1c cu\u1ed9c thi th\u00fa c\u01b0ng... S\u1ef1 ki\u1ec7n d\u1ef1 ki\u1ebfn thu h\u00fat 3.000 ng\u01b0\u1eddi mua v\u00e0 10.000 ng\u01b0\u1eddi y\u00eau th\u00fa c\u01b0ng \u0111\u1ebfn t\u1eeb 20 qu\u1ed1c gia, mang \u0111\u1ebfn c\u01a1 h\u1ed9i l\u00fd t\u01b0\u1edfng \u0111\u1ec3 c\u00e1c doanh nghi\u1ec7p m\u1edf r\u1ed9ng th\u1ecb tr\u01b0\u1eddng, x\u00e2y d\u1ef1ng quan h\u1ec7 h\u1ee3p t\u00e1c chi\u1ebfn l\u01b0\u1ee3c v\u00e0 gi\u1edbi thi\u1ec7u s\u1ea3n ph\u1ea9m\/d\u1ecbch v\u1ee5 \u0111\u1ebfn c\u00f4ng ch\u00fang.<\/span><\/p>\n<p><span style=\"font-weight: 400;\">V\u1edbi ti\u1ec1m n\u0103ng to l\u1edbn v\u00e0 t\u1ed1c \u0111\u1ed9 t\u0103ng tr\u01b0\u1edfng ng\u00e0y c\u00e0ng nhanh, th\u1ecb tr\u01b0\u1eddng th\u00fa c\u01b0ng Vi\u1ec7t Nam l\u00e0 m\u1ed9t m\u1ea3nh \u0111\u1ea5t kinh doanh h\u1ea5p d\u1eabn. InterPetFest \u0111\u00f3ng vai tr\u00f2 l\u00e0 \u0111i\u1ec3m nh\u1ea5n quan tr\u1ecdng, g\u00f3p ph\u1ea7n th\u00fac \u0111\u1ea9y k\u1ebft n\u1ed1i v\u00e0 ph\u00e1t tri\u1ec3n b\u1ec1n v\u1eefng cho ng\u00e0nh c\u00f4ng nghi\u1ec7p \u0111ang tr\u00ean \u0111\u00e0 b\u00f9ng n\u1ed5 n\u00e0y.<\/span><\/p>\n<p><span style=\"font-weight: 400;\">\ud83d\udd17 T\u00ecm hi\u1ec3u th\u00eam v\u1ec1 InterPetFest &amp; PSV 2026 v\u00e0 t\u1ea3i v\u1ec1 b\u00e1o c\u00e1o th\u1ecb tr\u01b0\u1eddng Vietnam Pet Care Research t\u1ea1i \u0111\u00e2y:\u00a0 <\/span><span style=\"text-decoration: underline;\"><em><a href=\"https:\/\/www.eventure.com.vn\/reportvietnam\"><span style=\"font-weight: 400;\">https:\/\/www.eventure.com.vn\/reportvietnam<\/span><\/a><span style=\"font-weight: 400;\">\u00a0<\/span><\/em><\/span><\/p>\n<p>&nbsp;<\/p>","protected":false},"excerpt":{"rendered":"<p>Th\u1ecb tr\u01b0\u1eddng th\u00fa c\u01b0ng Vi\u1ec7t Nam: Ti\u1ec1m n\u0103ng t\u0103ng tr\u01b0\u1edfng v\u00e0 C\u01a1 h\u1ed9i kinh doanh Th\u1ecb tr\u01b0\u1eddng th\u00fa c\u01b0ng t\u1ea1i Vi\u1ec7t Nam \u0111ang ph\u00e1t tri\u1ec3n nhanh ch\u00f3ng, ph\u1ea3n \u00e1nh s\u1ef1 thay \u0111\u1ed5i trong l\u1ed1i s\u1ed1ng v\u00e0 th\u00e1i \u0111\u1ed9 c\u1ee7a ng\u01b0\u1eddi ti\u00eau d\u00f9ng \u0111\u1ed1i v\u1edbi vi\u1ec7c s\u1edf h\u1eefu v\u00e0 ch\u0103m s\u00f3c th\u00fa c\u01b0ng. S\u1ef1 gia t\u0103ng nhanh ch\u00f3ng c\u1ee7a t\u1ea7ng l\u1edbp trung l\u01b0u, \u0111\u00f4 th\u1ecb h\u00f3a v\u00e0 \u1ea3nh h\u01b0\u1edfng v\u0103n h\u00f3a ph\u01b0\u01a1ng T\u00e2y \u0111\u00e3 th\u00fac \u0111\u1ea9y nhu c\u1ea7u v\u1ec1 th\u00fa c\u01b0ng - \u0111\u1eb7c bi\u1ec7t l\u00e0 ch\u00f3 v\u00e0 m\u00e8o - c\u00f9ng v\u1edbi s\u1ef1 ch\u00fa tr\u1ecdng ng\u00e0y c\u00e0ng t\u0103ng \u0111\u1ed1i v\u1edbi vi\u1ec7c ch\u0103m s\u00f3c ch\u00fang.<\/p>","protected":false},"author":1,"featured_media":0,"parent":0,"menu_order":0,"comment_status":"closed","ping_status":"closed","template":"","meta":{"inline_featured_image":false,"footnotes":""},"class_list":["post-29173","page","type-page","status-publish","hentry"],"acf":[],"yoast_head":"<!-- This site is optimized with the Yoast SEO Premium plugin v22.8 (Yoast SEO v26.3) - https:\/\/yoast.com\/wordpress\/plugins\/seo\/ -->\n<title>Vietnam&#039;s Pet Market: Growth Potential and Business Opportunities - InterPetFest<\/title>\n<meta name=\"description\" content=\"Explore Vietnam&#039;s booming pet market and discover key trends, growth drivers, and business opportunities at InterPetFest &amp; PSV 2026.\" \/>\n<meta name=\"robots\" content=\"index, follow, max-snippet:-1, max-image-preview:large, max-video-preview:-1\" \/>\n<link rel=\"canonical\" href=\"https:\/\/interpetfest.com\/vi\/tiem-nang-tang-truong-va-co-hoi-kinh-doanh-cua-thi-truong-thu-cung-viet-nam\/\" \/>\n<meta property=\"og:locale\" content=\"vi_VN\" \/>\n<meta property=\"og:type\" content=\"article\" \/>\n<meta property=\"og:title\" content=\"Vietnam&#039;s Pet Market: Growth Potential and Business Opportunities\" \/>\n<meta property=\"og:description\" content=\"Explore Vietnam&#039;s booming pet market and discover key trends, growth drivers, and business opportunities at InterPetFest &amp; PSV 2026.\" \/>\n<meta property=\"og:url\" content=\"https:\/\/interpetfest.com\/vi\/tiem-nang-tang-truong-va-co-hoi-kinh-doanh-cua-thi-truong-thu-cung-viet-nam\/\" \/>\n<meta property=\"og:site_name\" content=\"InterPetFest\" \/>\n<meta property=\"article:modified_time\" content=\"2025-04-14T10:39:54+00:00\" \/>\n<meta property=\"og:image\" content=\"https:\/\/interpetfest.com\/wp-content\/uploads\/2025\/04\/0A7A0815.jpg\" \/>\n<meta name=\"twitter:card\" content=\"summary_large_image\" \/>\n<meta name=\"twitter:label1\" content=\"\u01af\u1edbc t\u00ednh th\u1eddi gian \u0111\u1ecdc\" \/>\n\t<meta name=\"twitter:data1\" content=\"3 ph\u00fat\" \/>\n<script type=\"application\/ld+json\" class=\"yoast-schema-graph\">{\"@context\":\"https:\/\/schema.org\",\"@graph\":[{\"@type\":\"WebPage\",\"@id\":\"https:\/\/interpetfest.com\/vietnams-pet-market-growth-potential-and-business-opportunities\/\",\"url\":\"https:\/\/interpetfest.com\/vietnams-pet-market-growth-potential-and-business-opportunities\/\",\"name\":\"Vietnam's Pet Market: Growth Potential and Business Opportunities - InterPetFest\",\"isPartOf\":{\"@id\":\"https:\/\/interpetfest.com\/#website\"},\"primaryImageOfPage\":{\"@id\":\"https:\/\/interpetfest.com\/vietnams-pet-market-growth-potential-and-business-opportunities\/#primaryimage\"},\"image\":{\"@id\":\"https:\/\/interpetfest.com\/vietnams-pet-market-growth-potential-and-business-opportunities\/#primaryimage\"},\"thumbnailUrl\":\"https:\/\/interpetfest.com\/wp-content\/uploads\/2025\/04\/0A7A0815.jpg\",\"datePublished\":\"2025-04-14T10:30:31+00:00\",\"dateModified\":\"2025-04-14T10:39:54+00:00\",\"description\":\"Explore Vietnam's booming pet market and discover key trends, growth drivers, and business opportunities at InterPetFest & PSV 2026.\",\"breadcrumb\":{\"@id\":\"https:\/\/interpetfest.com\/vietnams-pet-market-growth-potential-and-business-opportunities\/#breadcrumb\"},\"inLanguage\":\"vi\",\"potentialAction\":[{\"@type\":\"ReadAction\",\"target\":[\"https:\/\/interpetfest.com\/vietnams-pet-market-growth-potential-and-business-opportunities\/\"]}]},{\"@type\":\"ImageObject\",\"inLanguage\":\"vi\",\"@id\":\"https:\/\/interpetfest.com\/vietnams-pet-market-growth-potential-and-business-opportunities\/#primaryimage\",\"url\":\"https:\/\/interpetfest.com\/wp-content\/uploads\/2025\/04\/0A7A0815.jpg\",\"contentUrl\":\"https:\/\/interpetfest.com\/wp-content\/uploads\/2025\/04\/0A7A0815.jpg\"},{\"@type\":\"BreadcrumbList\",\"@id\":\"https:\/\/interpetfest.com\/vietnams-pet-market-growth-potential-and-business-opportunities\/#breadcrumb\",\"itemListElement\":[{\"@type\":\"ListItem\",\"position\":1,\"name\":\"Home\",\"item\":\"https:\/\/interpetfest.com\/\"},{\"@type\":\"ListItem\",\"position\":2,\"name\":\"Vietnam&#8217;s Pet Market: Growth Potential and Business Opportunities\"}]},{\"@type\":\"WebSite\",\"@id\":\"https:\/\/interpetfest.com\/#website\",\"url\":\"https:\/\/interpetfest.com\/\",\"name\":\"InterPetFest\",\"description\":\"\",\"publisher\":{\"@id\":\"https:\/\/interpetfest.com\/#organization\"},\"potentialAction\":[{\"@type\":\"SearchAction\",\"target\":{\"@type\":\"EntryPoint\",\"urlTemplate\":\"https:\/\/interpetfest.com\/?s={search_term_string}\"},\"query-input\":{\"@type\":\"PropertyValueSpecification\",\"valueRequired\":true,\"valueName\":\"search_term_string\"}}],\"inLanguage\":\"vi\"},{\"@type\":\"Organization\",\"@id\":\"https:\/\/interpetfest.com\/#organization\",\"name\":\"InterPetFest\",\"url\":\"https:\/\/interpetfest.com\/\",\"logo\":{\"@type\":\"ImageObject\",\"inLanguage\":\"vi\",\"@id\":\"https:\/\/interpetfest.com\/#\/schema\/logo\/image\/\",\"url\":\"https:\/\/interpetfest.com\/wp-content\/uploads\/2025\/06\/Logo-InterPetFest.png\",\"contentUrl\":\"https:\/\/interpetfest.com\/wp-content\/uploads\/2025\/06\/Logo-InterPetFest.png\",\"width\":\"1025\",\"height\":\"344\",\"caption\":\"InterPetFest\"},\"image\":{\"@id\":\"https:\/\/interpetfest.com\/#\/schema\/logo\/image\/\"}}]}<\/script>\n<!-- \/ Yoast SEO Premium plugin. -->","yoast_head_json":{"title":"Vietnam's Pet Market: Growth Potential and Business Opportunities - InterPetFest","description":"Explore Vietnam's booming pet market and discover key trends, growth drivers, and business opportunities at InterPetFest & PSV 2026.","robots":{"index":"index","follow":"follow","max-snippet":"max-snippet:-1","max-image-preview":"max-image-preview:large","max-video-preview":"max-video-preview:-1"},"canonical":"https:\/\/interpetfest.com\/vi\/tiem-nang-tang-truong-va-co-hoi-kinh-doanh-cua-thi-truong-thu-cung-viet-nam\/","og_locale":"vi_VN","og_type":"article","og_title":"Vietnam's Pet Market: Growth Potential and Business Opportunities","og_description":"Explore Vietnam's booming pet market and discover key trends, growth drivers, and business opportunities at InterPetFest & PSV 2026.","og_url":"https:\/\/interpetfest.com\/vi\/tiem-nang-tang-truong-va-co-hoi-kinh-doanh-cua-thi-truong-thu-cung-viet-nam\/","og_site_name":"InterPetFest","article_modified_time":"2025-04-14T10:39:54+00:00","og_image":[{"url":"https:\/\/interpetfest.com\/wp-content\/uploads\/2025\/04\/0A7A0815.jpg","type":"","width":"","height":""}],"twitter_card":"summary_large_image","twitter_misc":{"\u01af\u1edbc t\u00ednh th\u1eddi gian \u0111\u1ecdc":"3 ph\u00fat"},"schema":{"@context":"https:\/\/schema.org","@graph":[{"@type":"WebPage","@id":"https:\/\/interpetfest.com\/vietnams-pet-market-growth-potential-and-business-opportunities\/","url":"https:\/\/interpetfest.com\/vietnams-pet-market-growth-potential-and-business-opportunities\/","name":"Vietnam's Pet Market: Growth Potential and Business Opportunities - InterPetFest","isPartOf":{"@id":"https:\/\/interpetfest.com\/#website"},"primaryImageOfPage":{"@id":"https:\/\/interpetfest.com\/vietnams-pet-market-growth-potential-and-business-opportunities\/#primaryimage"},"image":{"@id":"https:\/\/interpetfest.com\/vietnams-pet-market-growth-potential-and-business-opportunities\/#primaryimage"},"thumbnailUrl":"https:\/\/interpetfest.com\/wp-content\/uploads\/2025\/04\/0A7A0815.jpg","datePublished":"2025-04-14T10:30:31+00:00","dateModified":"2025-04-14T10:39:54+00:00","description":"Explore Vietnam's booming pet market and discover key trends, growth drivers, and business opportunities at InterPetFest & PSV 2026.","breadcrumb":{"@id":"https:\/\/interpetfest.com\/vietnams-pet-market-growth-potential-and-business-opportunities\/#breadcrumb"},"inLanguage":"vi","potentialAction":[{"@type":"ReadAction","target":["https:\/\/interpetfest.com\/vietnams-pet-market-growth-potential-and-business-opportunities\/"]}]},{"@type":"ImageObject","inLanguage":"vi","@id":"https:\/\/interpetfest.com\/vietnams-pet-market-growth-potential-and-business-opportunities\/#primaryimage","url":"https:\/\/interpetfest.com\/wp-content\/uploads\/2025\/04\/0A7A0815.jpg","contentUrl":"https:\/\/interpetfest.com\/wp-content\/uploads\/2025\/04\/0A7A0815.jpg"},{"@type":"BreadcrumbList","@id":"https:\/\/interpetfest.com\/vietnams-pet-market-growth-potential-and-business-opportunities\/#breadcrumb","itemListElement":[{"@type":"ListItem","position":1,"name":"Home","item":"https:\/\/interpetfest.com\/"},{"@type":"ListItem","position":2,"name":"Vietnam&#8217;s Pet Market: Growth Potential and Business Opportunities"}]},{"@type":"WebSite","@id":"https:\/\/interpetfest.com\/#website","url":"https:\/\/interpetfest.com\/","name":"InterPetFest","description":"","publisher":{"@id":"https:\/\/interpetfest.com\/#organization"},"potentialAction":[{"@type":"SearchAction","target":{"@type":"EntryPoint","urlTemplate":"https:\/\/interpetfest.com\/?s={search_term_string}"},"query-input":{"@type":"PropertyValueSpecification","valueRequired":true,"valueName":"search_term_string"}}],"inLanguage":"vi"},{"@type":"Organization","@id":"https:\/\/interpetfest.com\/#organization","name":"InterPetFest","url":"https:\/\/interpetfest.com\/","logo":{"@type":"ImageObject","inLanguage":"vi","@id":"https:\/\/interpetfest.com\/#\/schema\/logo\/image\/","url":"https:\/\/interpetfest.com\/wp-content\/uploads\/2025\/06\/Logo-InterPetFest.png","contentUrl":"https:\/\/interpetfest.com\/wp-content\/uploads\/2025\/06\/Logo-InterPetFest.png","width":"1025","height":"344","caption":"InterPetFest"},"image":{"@id":"https:\/\/interpetfest.com\/#\/schema\/logo\/image\/"}}]}},"_links":{"self":[{"href":"https:\/\/interpetfest.com\/vi\/wp-json\/wp\/v2\/pages\/29173","targetHints":{"allow":["GET"]}}],"collection":[{"href":"https:\/\/interpetfest.com\/vi\/wp-json\/wp\/v2\/pages"}],"about":[{"href":"https:\/\/interpetfest.com\/vi\/wp-json\/wp\/v2\/types\/page"}],"author":[{"embeddable":true,"href":"https:\/\/interpetfest.com\/vi\/wp-json\/wp\/v2\/users\/1"}],"replies":[{"embeddable":true,"href":"https:\/\/interpetfest.com\/vi\/wp-json\/wp\/v2\/comments?post=29173"}],"version-history":[{"count":0,"href":"https:\/\/interpetfest.com\/vi\/wp-json\/wp\/v2\/pages\/29173\/revisions"}],"wp:attachment":[{"href":"https:\/\/interpetfest.com\/vi\/wp-json\/wp\/v2\/media?parent=29173"}],"curies":[{"name":"wp","href":"https:\/\/api.w.org\/{rel}","templated":true}]}}