{"id":33909,"date":"2025-07-16T16:37:11","date_gmt":"2025-07-16T09:37:11","guid":{"rendered":"https:\/\/interpetfest.com\/?page_id=33909"},"modified":"2025-07-16T16:37:11","modified_gmt":"2025-07-16T09:37:11","slug":"petidregistration","status":"publish","type":"page","link":"https:\/\/interpetfest.com\/vi\/petidregistration\/","title":{"rendered":"\u0110\u0103ng k\u00fd Th\u1ebb \u0110\u1ecbnh Danh Th\u00fa C\u01b0ng"},"content":{"rendered":"<div data-elementor-type=\"wp-page\" data-elementor-id=\"33909\" class=\"elementor elementor-33909\" data-elementor-post-type=\"page\">\n\t\t\t\t\t\t\t<div class=\"elementor-element elementor-element-8eecaf2 e-flex e-con-boxed e-con\" data-id=\"8eecaf2\" data-element_type=\"container\" data-settings=\"{&quot;content_width&quot;:&quot;boxed&quot;}\">\n\t\t\t\t\t<div class=\"e-con-inner\">\n\t\t<div class=\"elementor-element elementor-element-5d7f2c9 e-con-full e-flex e-con\" data-id=\"5d7f2c9\" data-element_type=\"container\" data-settings=\"{&quot;content_width&quot;:&quot;full&quot;}\">\n\t\t\t\t<\/div>\n\t\t<div class=\"elementor-element elementor-element-38f9806 e-con-full e-flex e-con\" data-id=\"38f9806\" data-element_type=\"container\" data-settings=\"{&quot;content_width&quot;:&quot;full&quot;}\">\n\t\t<div class=\"elementor-element elementor-element-cb1eb36 e-flex e-con-boxed e-con\" data-id=\"cb1eb36\" data-element_type=\"container\" data-settings=\"{&quot;content_width&quot;:&quot;boxed&quot;}\">\n\t\t\t\t\t<div class=\"e-con-inner\">\n\t\t<div class=\"elementor-element elementor-element-8d963d7 elementor-hidden-desktop elementor-hidden-tablet elementor-hidden-mobile e-flex e-con-boxed e-con\" data-id=\"8d963d7\" data-element_type=\"container\" data-settings=\"{&quot;content_width&quot;:&quot;boxed&quot;}\">\n\t\t\t\t\t<div class=\"e-con-inner\">\n\t\t<div class=\"elementor-element elementor-element-436dc60 e-flex e-con-boxed e-con\" data-id=\"436dc60\" data-element_type=\"container\" data-settings=\"{&quot;background_background&quot;:&quot;classic&quot;,&quot;content_width&quot;:&quot;boxed&quot;}\">\n\t\t\t\t\t<div class=\"e-con-inner\">\n\t\t\t\t<div class=\"elementor-element elementor-element-c39a2a1 elementor-widget elementor-widget-heading\" data-id=\"c39a2a1\" data-element_type=\"widget\" data-widget_type=\"heading.default\">\n\t\t\t\t<div class=\"elementor-widget-container\">\n\t\t\t<style>\/*! elementor - v3.15.0 - 02-08-2023 *\/\n.elementor-heading-title{padding:0;margin:0;line-height:1}.elementor-widget-heading .elementor-heading-title[class*=elementor-size-]>a{color:inherit;font-size:inherit;line-height:inherit}.elementor-widget-heading .elementor-heading-title.elementor-size-small{font-size:15px}.elementor-widget-heading .elementor-heading-title.elementor-size-medium{font-size:19px}.elementor-widget-heading .elementor-heading-title.elementor-size-large{font-size:29px}.elementor-widget-heading .elementor-heading-title.elementor-size-xl{font-size:39px}.elementor-widget-heading .elementor-heading-title.elementor-size-xxl{font-size:59px}<\/style><h3 class=\"elementor-heading-title elementor-size-default\">C\u00e2u h\u1ecfi th\u01b0\u1eddng g\u1eb7p <\/h3>\t\t<\/div>\n\t\t\t\t<\/div>\n\t\t\t\t\t<\/div>\n\t\t\t\t<\/div>\n\t\t<div class=\"elementor-element elementor-element-f799e2e e-flex e-con-boxed e-con\" data-id=\"f799e2e\" data-element_type=\"container\" data-settings=\"{&quot;content_width&quot;:&quot;boxed&quot;}\">\n\t\t\t\t\t<div class=\"e-con-inner\">\n\t\t\t\t<div class=\"elementor-element elementor-element-249f242 elementor-widget elementor-widget-n-accordion\" data-id=\"249f242\" data-element_type=\"widget\" data-settings=\"{&quot;default_state&quot;:&quot;expanded&quot;,&quot;max_items_expended&quot;:&quot;one&quot;,&quot;n_accordion_animation_duration&quot;:{&quot;unit&quot;:&quot;ms&quot;,&quot;size&quot;:400,&quot;sizes&quot;:[]}}\" data-widget_type=\"nested-accordion.default\">\n\t\t\t\t<div class=\"elementor-widget-container\">\n\t\t\t\t\t<div class=\"e-n-accordion\">\n\t\t\t\t\t\t\t<details id=\"e-n-accordion-item-3840\" class=\"e-n-accordion-item e-normal\" open>\n\t\t\t\t\t<summary class='e-n-accordion-item-title'>\n\t\t\t\t\t\t<span class='e-n-accordion-item-title-header'><div class=\"e-n-accordion-item-title-text\"> C\u00e2u h\u1ecfi 1 <\/div><\/span>\n\t\t\t\t\t\t\t\t<span class='e-n-accordion-item-title-icon'>\n\t\t\t<span class='e-opened' ><i aria-hidden=\"true\" class=\"fas fa-minus\"><\/i><\/span>\n\t\t\t<span class='e-closed'><i aria-hidden=\"true\" class=\"fas fa-plus\"><\/i><\/span>\n\t\t<\/span>\n\n\t\t\t\t\t\t\t<\/summary>\n\t\t\t\t\t<div class=\"elementor-element elementor-element-2efa59f e-flex e-con-boxed e-con\" data-id=\"2efa59f\" data-element_type=\"container\" data-settings=\"{&quot;content_width&quot;:&quot;boxed&quot;}\">\n\t\t\t\t\t<div class=\"e-con-inner\">\n\t\t\t\t<div class=\"elementor-element elementor-element-15059ba elementor-widget elementor-widget-text-editor\" data-id=\"15059ba\" data-element_type=\"widget\" data-widget_type=\"text-editor.default\">\n\t\t\t\t<div class=\"elementor-widget-container\">\n\t\t\t<style>\/*! elementor - v3.15.0 - 02-08-2023 *\/\n.elementor-widget-text-editor.elementor-drop-cap-view-stacked .elementor-drop-cap{background-color:#69727d;color:#fff}.elementor-widget-text-editor.elementor-drop-cap-view-framed .elementor-drop-cap{color:#69727d;border:3px solid;background-color:transparent}.elementor-widget-text-editor:not(.elementor-drop-cap-view-default) .elementor-drop-cap{margin-top:8px}.elementor-widget-text-editor:not(.elementor-drop-cap-view-default) .elementor-drop-cap-letter{width:1em;height:1em}.elementor-widget-text-editor .elementor-drop-cap{float:left;text-align:center;line-height:1;font-size:50px}.elementor-widget-text-editor .elementor-drop-cap-letter{display:inline-block}<\/style>\t\t\t\t<p>Th\u00fa c\u01b0ng c\u1ee7a t\u00f4i c\u00f3 th\u1ec3 v\u00e0o SECC kh\u00f4ng?<\/p>\t\t\t\t\t\t<\/div>\n\t\t\t\t<\/div>\n\t\t\t\t\t<\/div>\n\t\t\t\t<\/div>\n\t\t\t\t\t\t<\/details>\n\t\t\t\t\t\t\t<details id=\"e-n-accordion-item-3841\" class=\"e-n-accordion-item e-normal\" >\n\t\t\t\t\t<summary class='e-n-accordion-item-title'>\n\t\t\t\t\t\t<span class='e-n-accordion-item-title-header'><div class=\"e-n-accordion-item-title-text\"> C\u00e2u h\u1ecfi 2 <\/div><\/span>\n\t\t\t\t\t\t\t\t<span class='e-n-accordion-item-title-icon'>\n\t\t\t<span class='e-opened' ><i aria-hidden=\"true\" class=\"fas fa-minus\"><\/i><\/span>\n\t\t\t<span class='e-closed'><i aria-hidden=\"true\" class=\"fas fa-plus\"><\/i><\/span>\n\t\t<\/span>\n\n\t\t\t\t\t\t\t<\/summary>\n\t\t\t\t\t<div class=\"elementor-element elementor-element-abcd3fe e-flex e-con-boxed e-con\" data-id=\"abcd3fe\" data-element_type=\"container\" data-settings=\"{&quot;content_width&quot;:&quot;boxed&quot;}\">\n\t\t\t\t\t<div class=\"e-con-inner\">\n\t\t\t\t<div class=\"elementor-element elementor-element-090f0f7 elementor-widget elementor-widget-text-editor\" data-id=\"090f0f7\" data-element_type=\"widget\" data-widget_type=\"text-editor.default\">\n\t\t\t\t<div class=\"elementor-widget-container\">\n\t\t\t\t\t\t\t<p>Th\u00fa c\u01b0ng c\u1ee7a t\u00f4i c\u00f3 th\u1ec3 v\u00e0o SECC kh\u00f4ng?<\/p>\t\t\t\t\t\t<\/div>\n\t\t\t\t<\/div>\n\t\t\t\t\t<\/div>\n\t\t\t\t<\/div>\n\t\t\t\t\t\t<\/details>\n\t\t\t\t\t\t\t<details id=\"e-n-accordion-item-3842\" class=\"e-n-accordion-item e-normal\" >\n\t\t\t\t\t<summary class='e-n-accordion-item-title'>\n\t\t\t\t\t\t<span class='e-n-accordion-item-title-header'><div class=\"e-n-accordion-item-title-text\"> C\u00e2u h\u1ecfi 3 <\/div><\/span>\n\t\t\t\t\t\t\t\t<span class='e-n-accordion-item-title-icon'>\n\t\t\t<span class='e-opened' ><i aria-hidden=\"true\" class=\"fas fa-minus\"><\/i><\/span>\n\t\t\t<span class='e-closed'><i aria-hidden=\"true\" class=\"fas fa-plus\"><\/i><\/span>\n\t\t<\/span>\n\n\t\t\t\t\t\t\t<\/summary>\n\t\t\t\t\t<div class=\"elementor-element elementor-element-6b876a9 e-flex e-con-boxed e-con\" data-id=\"6b876a9\" data-element_type=\"container\" data-settings=\"{&quot;content_width&quot;:&quot;boxed&quot;}\">\n\t\t\t\t\t<div class=\"e-con-inner\">\n\t\t\t\t<div class=\"elementor-element elementor-element-975e519 elementor-widget elementor-widget-text-editor\" data-id=\"975e519\" data-element_type=\"widget\" data-widget_type=\"text-editor.default\">\n\t\t\t\t<div class=\"elementor-widget-container\">\n\t\t\t\t\t\t\t<p>Th\u00fa c\u01b0ng c\u1ee7a t\u00f4i c\u00f3 th\u1ec3 v\u00e0o SECC kh\u00f4ng?<\/p>\t\t\t\t\t\t<\/div>\n\t\t\t\t<\/div>\n\t\t\t\t\t<\/div>\n\t\t\t\t<\/div>\n\t\t\t\t\t\t<\/details>\n\t\t\t\t\t\t\t<details id=\"e-n-accordion-item-3843\" class=\"e-n-accordion-item e-normal\" >\n\t\t\t\t\t<summary class='e-n-accordion-item-title'>\n\t\t\t\t\t\t<span class='e-n-accordion-item-title-header'><div class=\"e-n-accordion-item-title-text\"> C\u00e2u h\u1ecfi 4 <\/div><\/span>\n\t\t\t\t\t\t\t\t<span class='e-n-accordion-item-title-icon'>\n\t\t\t<span class='e-opened' ><i aria-hidden=\"true\" class=\"fas fa-minus\"><\/i><\/span>\n\t\t\t<span class='e-closed'><i aria-hidden=\"true\" class=\"fas fa-plus\"><\/i><\/span>\n\t\t<\/span>\n\n\t\t\t\t\t\t\t<\/summary>\n\t\t\t\t\t<div class=\"elementor-element elementor-element-adabea3 e-flex e-con-boxed e-con\" data-id=\"adabea3\" data-element_type=\"container\" data-settings=\"{&quot;content_width&quot;:&quot;boxed&quot;}\">\n\t\t\t\t\t<div class=\"e-con-inner\">\n\t\t\t\t<div class=\"elementor-element elementor-element-0311cba elementor-widget elementor-widget-text-editor\" data-id=\"0311cba\" data-element_type=\"widget\" data-widget_type=\"text-editor.default\">\n\t\t\t\t<div class=\"elementor-widget-container\">\n\t\t\t\t\t\t\t<p>Th\u00fa c\u01b0ng c\u1ee7a t\u00f4i c\u00f3 th\u1ec3 v\u00e0o SECC kh\u00f4ng?<\/p>\t\t\t\t\t\t<\/div>\n\t\t\t\t<\/div>\n\t\t\t\t\t<\/div>\n\t\t\t\t<\/div>\n\t\t\t\t\t\t<\/details>\n\t\t\t\t\t\t\t<details id=\"e-n-accordion-item-3844\" class=\"e-n-accordion-item e-normal\" >\n\t\t\t\t\t<summary class='e-n-accordion-item-title'>\n\t\t\t\t\t\t<span class='e-n-accordion-item-title-header'><div class=\"e-n-accordion-item-title-text\"> C\u00e2u h\u1ecfi 5 <\/div><\/span>\n\t\t\t\t\t\t\t\t<span class='e-n-accordion-item-title-icon'>\n\t\t\t<span class='e-opened' ><i aria-hidden=\"true\" class=\"fas fa-minus\"><\/i><\/span>\n\t\t\t<span class='e-closed'><i aria-hidden=\"true\" class=\"fas fa-plus\"><\/i><\/span>\n\t\t<\/span>\n\n\t\t\t\t\t\t\t<\/summary>\n\t\t\t\t\t<div class=\"elementor-element elementor-element-d2c64c1 e-flex e-con-boxed e-con\" data-id=\"d2c64c1\" data-element_type=\"container\" data-settings=\"{&quot;content_width&quot;:&quot;boxed&quot;}\">\n\t\t\t\t\t<div class=\"e-con-inner\">\n\t\t\t\t<div class=\"elementor-element elementor-element-b6fe050 elementor-widget elementor-widget-text-editor\" data-id=\"b6fe050\" data-element_type=\"widget\" data-widget_type=\"text-editor.default\">\n\t\t\t\t<div class=\"elementor-widget-container\">\n\t\t\t\t\t\t\t<p>Th\u00fa c\u01b0ng c\u1ee7a t\u00f4i c\u00f3 th\u1ec3 v\u00e0o SECC kh\u00f4ng?<\/p>\t\t\t\t\t\t<\/div>\n\t\t\t\t<\/div>\n\t\t\t\t\t<\/div>\n\t\t\t\t<\/div>\n\t\t\t\t\t\t<\/details>\n\t\t\t\t\t<\/div>\n\t\t\t\t<\/div>\n\t\t\t\t<\/div>\n\t\t\t\t\t<\/div>\n\t\t\t\t<\/div>\n\t\t\t\t\t<\/div>\n\t\t\t\t<\/div>\n\t\t\t\t\t<\/div>\n\t\t\t\t<\/div>\n\t\t\t\t<\/div>\n\t\t\t\t\t<\/div>\n\t\t\t\t<\/div>\n\t\t<div class=\"elementor-element elementor-element-90b469a e-flex e-con-boxed e-con\" data-id=\"90b469a\" data-element_type=\"container\" data-settings=\"{&quot;content_width&quot;:&quot;boxed&quot;}\">\n\t\t\t\t\t<div class=\"e-con-inner\">\n\t\t\t\t<div class=\"elementor-element elementor-element-e94728c elementor-widget__width-inherit elementor-widget-mobile__width-inherit elementor-skin-carousel elementor-arrows-yes elementor-widget elementor-widget-media-carousel\" data-id=\"e94728c\" data-element_type=\"widget\" data-settings=\"{&quot;slides_per_view&quot;:&quot;1&quot;,&quot;space_between&quot;:{&quot;unit&quot;:&quot;px&quot;,&quot;size&quot;:0,&quot;sizes&quot;:[]},&quot;autoplay_speed&quot;:4000,&quot;skin&quot;:&quot;carousel&quot;,&quot;effect&quot;:&quot;slide&quot;,&quot;show_arrows&quot;:&quot;yes&quot;,&quot;speed&quot;:500,&quot;autoplay&quot;:&quot;yes&quot;,&quot;loop&quot;:&quot;yes&quot;,&quot;pause_on_hover&quot;:&quot;yes&quot;,&quot;space_between_tablet&quot;:{&quot;unit&quot;:&quot;px&quot;,&quot;size&quot;:10,&quot;sizes&quot;:[]},&quot;space_between_mobile&quot;:{&quot;unit&quot;:&quot;px&quot;,&quot;size&quot;:10,&quot;sizes&quot;:[]}}\" data-widget_type=\"media-carousel.default\">\n\t\t\t\t<div class=\"elementor-widget-container\">\n\t\t\t<link rel=\"stylesheet\" href=\"https:\/\/interpetfest.com\/wp-content\/plugins\/elementor-pro\/assets\/css\/widget-carousel.min.css\">\t\t<div class=\"elementor-swiper\">\n\t\t\t<div class=\"elementor-main-swiper swiper\">\n\t\t\t\t<div class=\"swiper-wrapper\">\n\t\t\t\t\t\t\t\t\t\t\t<div class=\"swiper-slide\">\n\t\t\t\t\t\t\t<a href=\"https:\/\/www.pscfair.com\/EXPOEN\/index.html#\/exNews?id=1983\">\t\t<div class=\"elementor-carousel-image\" role=\"img\" aria-label=\"Bi\u1ec3u ng\u1eef PSC k\u00edch th\u01b0\u1edbc nh\u1ecf h\u01a1n\" style=\"background-image: url(&#039;https:\/\/interpetfest.com\/wp-content\/uploads\/2025\/01\/PSC-Smaller-size-banner.jpg&#039;)\">\n\n\t\t\t\n\t\t\t\t\t<\/div>\n\t\t<\/a>\t\t\t\t\t\t<\/div>\n\t\t\t\t\t\t\t\t\t<\/div>\n\t\t\t\t\t\t\t<\/div>\n\t\t<\/div>\n\t\t\t\t<\/div>\n\t\t\t\t<\/div>\n\t\t\t\t\t<\/div>\n\t\t\t\t<\/div>\n\t\t\t\t\t\t\t<\/div>","protected":false},"excerpt":{"rendered":"<p>C\u00e2u h\u1ecfi th\u01b0\u1eddng g\u1eb7p C\u00e2u h\u1ecfi 1 Th\u00fa c\u01b0ng c\u1ee7a t\u00f4i c\u00f3 th\u1ec3 v\u00e0o SECC kh\u00f4ng? C\u00e2u h\u1ecfi 2 Th\u00fa c\u01b0ng c\u1ee7a t\u00f4i c\u00f3 th\u1ec3 v\u00e0o SECC kh\u00f4ng? C\u00e2u h\u1ecfi 3 Th\u00fa c\u01b0ng c\u1ee7a t\u00f4i c\u00f3 th\u1ec3 v\u00e0o SECC kh\u00f4ng? C\u00e2u h\u1ecfi 4 Th\u00fa c\u01b0ng c\u1ee7a t\u00f4i c\u00f3 th\u1ec3 v\u00e0o SECC kh\u00f4ng? C\u00e2u h\u1ecfi 5 Th\u00fa c\u01b0ng c\u1ee7a t\u00f4i c\u00f3 th\u1ec3 v\u00e0o SECC kh\u00f4ng? Th\u00fa c\u01b0ng c\u1ee7a t\u00f4i c\u00f3 th\u1ec3 v\u00e0o SECC kh\u00f4ng? Th\u00fa c\u01b0ng c\u1ee7a t\u00f4i c\u00f3 th\u1ec3 v\u00e0o SECC kh\u00f4ng? Th\u00fa c\u01b0ng c\u1ee7a t\u00f4i c\u00f3 th\u1ec3 v\u00e0o SECC kh\u00f4ng? Th\u00fa c\u01b0ng c\u1ee7a t\u00f4i c\u00f3 th\u1ec3 v\u00e0o SECC kh\u00f4ng? Th\u00fa c\u01b0ng c\u1ee7a t\u00f4i c\u00f3 th\u1ec3 v\u00e0o SECC kh\u00f4ng?<\/p>","protected":false},"author":1,"featured_media":0,"parent":0,"menu_order":0,"comment_status":"closed","ping_status":"closed","template":"page-templates\/visitor-registration.php","meta":{"inline_featured_image":false,"footnotes":""},"class_list":["post-33909","page","type-page","status-publish","hentry"],"acf":[],"yoast_head":"<!-- This site is optimized with the Yoast SEO Premium plugin v22.8 (Yoast SEO v26.3) - https:\/\/yoast.com\/wordpress\/plugins\/seo\/ -->\n<title>Pet ID Registration - InterPetFest<\/title>\n<meta name=\"description\" content=\"Ch\u1ec9 m\u1ea5t v\u00e0i ph\u00fat \u0111\u1ec3 boss c\u00f3 ngay m\u1ed9t chi\u1ebfc ID si\u00eau xinh, c\u00f3 t\u00ean, \u1ea3nh v\u00e0 phong c\u00e1ch ri\u00eang... Nhanh tay \u0111\u0103ng k\u00fd th\u00f4i n\u00e0o\" \/>\n<meta name=\"robots\" content=\"index, follow, max-snippet:-1, max-image-preview:large, max-video-preview:-1\" \/>\n<link rel=\"canonical\" href=\"https:\/\/interpetfest.com\/vi\/petidregistration\/\" \/>\n<meta property=\"og:locale\" content=\"vi_VN\" \/>\n<meta property=\"og:type\" content=\"article\" \/>\n<meta property=\"og:title\" content=\"Pet ID Registration\" \/>\n<meta property=\"og:description\" content=\"\u0110\u0103ng k\u00fd t\u1ea1i \u0111\u00e2y \u0111\u1ec3 tham gia tri\u1ec3n l\u00e3m th\u00fa c\u01b0ng l\u1edbn nh\u1ea5t Vi\u1ec7t Nam, ng\u00e0y 20-22 th\u00e1ng 2 n\u0103m 2025 t\u1ea1i SECC, Q.7, TP.HCM\" \/>\n<meta property=\"og:url\" content=\"https:\/\/interpetfest.com\/vi\/petidregistration\/\" \/>\n<meta property=\"og:site_name\" content=\"InterPetFest\" \/>\n<meta name=\"twitter:card\" content=\"summary_large_image\" \/>\n<meta name=\"twitter:label1\" content=\"\u01af\u1edbc t\u00ednh th\u1eddi gian \u0111\u1ecdc\" \/>\n\t<meta name=\"twitter:data1\" content=\"1 ph\u00fat\" \/>\n<script type=\"application\/ld+json\" class=\"yoast-schema-graph\">{\"@context\":\"https:\/\/schema.org\",\"@graph\":[{\"@type\":\"WebPage\",\"@id\":\"https:\/\/interpetfest.com\/petidregistration\/\",\"url\":\"https:\/\/interpetfest.com\/petidregistration\/\",\"name\":\"Pet ID Registration - InterPetFest\",\"isPartOf\":{\"@id\":\"https:\/\/interpetfest.com\/#website\"},\"datePublished\":\"2025-07-16T09:37:11+00:00\",\"description\":\"Ch\u1ec9 m\u1ea5t v\u00e0i ph\u00fat \u0111\u1ec3 boss c\u00f3 ngay m\u1ed9t chi\u1ebfc ID si\u00eau xinh, c\u00f3 t\u00ean, \u1ea3nh v\u00e0 phong c\u00e1ch ri\u00eang... Nhanh tay \u0111\u0103ng k\u00fd th\u00f4i n\u00e0o\",\"breadcrumb\":{\"@id\":\"https:\/\/interpetfest.com\/petidregistration\/#breadcrumb\"},\"inLanguage\":\"vi\",\"potentialAction\":[{\"@type\":\"ReadAction\",\"target\":[\"https:\/\/interpetfest.com\/petidregistration\/\"]}]},{\"@type\":\"BreadcrumbList\",\"@id\":\"https:\/\/interpetfest.com\/petidregistration\/#breadcrumb\",\"itemListElement\":[{\"@type\":\"ListItem\",\"position\":1,\"name\":\"Home\",\"item\":\"https:\/\/interpetfest.com\/\"},{\"@type\":\"ListItem\",\"position\":2,\"name\":\"Pet ID Registration\"}]},{\"@type\":\"WebSite\",\"@id\":\"https:\/\/interpetfest.com\/#website\",\"url\":\"https:\/\/interpetfest.com\/\",\"name\":\"InterPetFest\",\"description\":\"\",\"publisher\":{\"@id\":\"https:\/\/interpetfest.com\/#organization\"},\"potentialAction\":[{\"@type\":\"SearchAction\",\"target\":{\"@type\":\"EntryPoint\",\"urlTemplate\":\"https:\/\/interpetfest.com\/?s={search_term_string}\"},\"query-input\":{\"@type\":\"PropertyValueSpecification\",\"valueRequired\":true,\"valueName\":\"search_term_string\"}}],\"inLanguage\":\"vi\"},{\"@type\":\"Organization\",\"@id\":\"https:\/\/interpetfest.com\/#organization\",\"name\":\"InterPetFest\",\"url\":\"https:\/\/interpetfest.com\/\",\"logo\":{\"@type\":\"ImageObject\",\"inLanguage\":\"vi\",\"@id\":\"https:\/\/interpetfest.com\/#\/schema\/logo\/image\/\",\"url\":\"https:\/\/interpetfest.com\/wp-content\/uploads\/2025\/06\/Logo-InterPetFest.png\",\"contentUrl\":\"https:\/\/interpetfest.com\/wp-content\/uploads\/2025\/06\/Logo-InterPetFest.png\",\"width\":\"1025\",\"height\":\"344\",\"caption\":\"InterPetFest\"},\"image\":{\"@id\":\"https:\/\/interpetfest.com\/#\/schema\/logo\/image\/\"}}]}<\/script>\n<!-- \/ Yoast SEO Premium plugin. -->","yoast_head_json":{"title":"Pet ID Registration - InterPetFest","description":"Ch\u1ec9 m\u1ea5t v\u00e0i ph\u00fat \u0111\u1ec3 boss c\u00f3 ngay m\u1ed9t chi\u1ebfc ID si\u00eau xinh, c\u00f3 t\u00ean, \u1ea3nh v\u00e0 phong c\u00e1ch ri\u00eang... Nhanh tay \u0111\u0103ng k\u00fd th\u00f4i n\u00e0o","robots":{"index":"index","follow":"follow","max-snippet":"max-snippet:-1","max-image-preview":"max-image-preview:large","max-video-preview":"max-video-preview:-1"},"canonical":"https:\/\/interpetfest.com\/vi\/petidregistration\/","og_locale":"vi_VN","og_type":"article","og_title":"Pet ID Registration","og_description":"\u0110\u0103ng k\u00fd t\u1ea1i \u0111\u00e2y \u0111\u1ec3 tham gia tri\u1ec3n l\u00e3m th\u00fa c\u01b0ng l\u1edbn nh\u1ea5t Vi\u1ec7t Nam, ng\u00e0y 20-22 th\u00e1ng 2 n\u0103m 2025 t\u1ea1i SECC, Q.7, TP.HCM","og_url":"https:\/\/interpetfest.com\/vi\/petidregistration\/","og_site_name":"InterPetFest","twitter_card":"summary_large_image","twitter_misc":{"\u01af\u1edbc t\u00ednh th\u1eddi gian \u0111\u1ecdc":"1 ph\u00fat"},"schema":{"@context":"https:\/\/schema.org","@graph":[{"@type":"WebPage","@id":"https:\/\/interpetfest.com\/petidregistration\/","url":"https:\/\/interpetfest.com\/petidregistration\/","name":"Pet ID Registration - InterPetFest","isPartOf":{"@id":"https:\/\/interpetfest.com\/#website"},"datePublished":"2025-07-16T09:37:11+00:00","description":"Ch\u1ec9 m\u1ea5t v\u00e0i ph\u00fat \u0111\u1ec3 boss c\u00f3 ngay m\u1ed9t chi\u1ebfc ID si\u00eau xinh, c\u00f3 t\u00ean, \u1ea3nh v\u00e0 phong c\u00e1ch ri\u00eang... Nhanh tay \u0111\u0103ng k\u00fd th\u00f4i n\u00e0o","breadcrumb":{"@id":"https:\/\/interpetfest.com\/petidregistration\/#breadcrumb"},"inLanguage":"vi","potentialAction":[{"@type":"ReadAction","target":["https:\/\/interpetfest.com\/petidregistration\/"]}]},{"@type":"BreadcrumbList","@id":"https:\/\/interpetfest.com\/petidregistration\/#breadcrumb","itemListElement":[{"@type":"ListItem","position":1,"name":"Home","item":"https:\/\/interpetfest.com\/"},{"@type":"ListItem","position":2,"name":"Pet ID Registration"}]},{"@type":"WebSite","@id":"https:\/\/interpetfest.com\/#website","url":"https:\/\/interpetfest.com\/","name":"InterPetFest","description":"","publisher":{"@id":"https:\/\/interpetfest.com\/#organization"},"potentialAction":[{"@type":"SearchAction","target":{"@type":"EntryPoint","urlTemplate":"https:\/\/interpetfest.com\/?s={search_term_string}"},"query-input":{"@type":"PropertyValueSpecification","valueRequired":true,"valueName":"search_term_string"}}],"inLanguage":"vi"},{"@type":"Organization","@id":"https:\/\/interpetfest.com\/#organization","name":"InterPetFest","url":"https:\/\/interpetfest.com\/","logo":{"@type":"ImageObject","inLanguage":"vi","@id":"https:\/\/interpetfest.com\/#\/schema\/logo\/image\/","url":"https:\/\/interpetfest.com\/wp-content\/uploads\/2025\/06\/Logo-InterPetFest.png","contentUrl":"https:\/\/interpetfest.com\/wp-content\/uploads\/2025\/06\/Logo-InterPetFest.png","width":"1025","height":"344","caption":"InterPetFest"},"image":{"@id":"https:\/\/interpetfest.com\/#\/schema\/logo\/image\/"}}]}},"_links":{"self":[{"href":"https:\/\/interpetfest.com\/vi\/wp-json\/wp\/v2\/pages\/33909","targetHints":{"allow":["GET"]}}],"collection":[{"href":"https:\/\/interpetfest.com\/vi\/wp-json\/wp\/v2\/pages"}],"about":[{"href":"https:\/\/interpetfest.com\/vi\/wp-json\/wp\/v2\/types\/page"}],"author":[{"embeddable":true,"href":"https:\/\/interpetfest.com\/vi\/wp-json\/wp\/v2\/users\/1"}],"replies":[{"embeddable":true,"href":"https:\/\/interpetfest.com\/vi\/wp-json\/wp\/v2\/comments?post=33909"}],"version-history":[{"count":0,"href":"https:\/\/interpetfest.com\/vi\/wp-json\/wp\/v2\/pages\/33909\/revisions"}],"wp:attachment":[{"href":"https:\/\/interpetfest.com\/vi\/wp-json\/wp\/v2\/media?parent=33909"}],"curies":[{"name":"wp","href":"https:\/\/api.w.org\/{rel}","templated":true}]}}