{"id":7881,"date":"2024-08-23T22:54:42","date_gmt":"2024-08-23T15:54:42","guid":{"rendered":"https:\/\/interpetfest.com\/?page_id=7881"},"modified":"2024-08-23T22:56:22","modified_gmt":"2024-08-23T15:56:22","slug":"privacy-policy","status":"publish","type":"page","link":"https:\/\/interpetfest.com\/vi\/chinh-sach-bao-mat-2\/","title":{"rendered":"Ch\u00ednh s\u00e1ch b\u1ea3o m\u1eadt"},"content":{"rendered":"<div data-elementor-type=\"wp-page\" data-elementor-id=\"7881\" class=\"elementor elementor-7881\" data-elementor-post-type=\"page\">\n\t\t\t\t\t\t\t\t\t<section class=\"elementor-section elementor-top-section elementor-element elementor-element-58e1467e elementor-section-boxed elementor-section-height-default elementor-section-height-default\" data-id=\"58e1467e\" data-element_type=\"section\">\n\t\t\t\t\t\t<div class=\"elementor-container elementor-column-gap-default\">\n\t\t\t\t\t<div class=\"elementor-column elementor-col-100 elementor-top-column elementor-element elementor-element-71cf5244\" data-id=\"71cf5244\" data-element_type=\"column\">\n\t\t\t<div class=\"elementor-widget-wrap elementor-element-populated\">\n\t\t\t\t\t\t\t\t<div class=\"elementor-element elementor-element-53d8ad6a elementor-widget elementor-widget-text-editor\" data-id=\"53d8ad6a\" data-element_type=\"widget\" data-widget_type=\"text-editor.default\">\n\t\t\t\t<div class=\"elementor-widget-container\">\n\t\t\t<style>\/*! elementor - v3.15.0 - 02-08-2023 *\/\n.elementor-widget-text-editor.elementor-drop-cap-view-stacked .elementor-drop-cap{background-color:#69727d;color:#fff}.elementor-widget-text-editor.elementor-drop-cap-view-framed .elementor-drop-cap{color:#69727d;border:3px solid;background-color:transparent}.elementor-widget-text-editor:not(.elementor-drop-cap-view-default) .elementor-drop-cap{margin-top:8px}.elementor-widget-text-editor:not(.elementor-drop-cap-view-default) .elementor-drop-cap-letter{width:1em;height:1em}.elementor-widget-text-editor .elementor-drop-cap{float:left;text-align:center;line-height:1;font-size:50px}.elementor-widget-text-editor .elementor-drop-cap-letter{display:inline-block}<\/style>\t\t\t\t<p style=\"text-align: left;\">\u00a0<\/p><p>Ch\u00e0o m\u1eebng \u0111\u1ebfn v\u1edbi InterPetFest, International Pet Festival Vietnam. Ch\u00fang t\u00f4i coi tr\u1ecdng quy\u1ec1n ri\u00eang t\u01b0 c\u1ee7a b\u1ea1n v\u00e0 cam k\u1ebft b\u1ea3o v\u1ec7 th\u00f4ng tin c\u00e1 nh\u00e2n c\u1ee7a b\u1ea1n. Ch\u00ednh s\u00e1ch b\u1ea3o m\u1eadt n\u00e0y gi\u1ea3i th\u00edch c\u00e1ch ch\u00fang t\u00f4i thu th\u1eadp, s\u1eed d\u1ee5ng, ti\u1ebft l\u1ed9 v\u00e0 b\u1ea3o v\u1ec7 th\u00f4ng tin c\u1ee7a b\u1ea1n khi b\u1ea1n truy c\u1eadp trang web c\u1ee7a ch\u00fang t\u00f4i ho\u1eb7c tham gia c\u00e1c s\u1ef1 ki\u1ec7n c\u1ee7a ch\u00fang t\u00f4i.<\/p><p><strong>1. Th\u00f4ng tin ch\u00fang t\u00f4i thu th\u1eadp<\/strong><\/p><p>Ch\u00fang t\u00f4i c\u00f3 th\u1ec3 thu th\u1eadp v\u00e0 x\u1eed l\u00fd c\u00e1c lo\u1ea1i th\u00f4ng tin sau:<\/p><p><strong>\u2013 Th\u00f4ng tin c\u00e1 nh\u00e2n:<\/strong> T\u00ean, \u0111\u1ecba ch\u1ec9 email, s\u1ed1 \u0111i\u1ec7n tho\u1ea1i, \u0111\u1ecba ch\u1ec9 b\u01b0u ch\u00ednh, ng\u00e0y sinh v\u00e0 c\u00e1c th\u00f4ng tin li\u00ean l\u1ea1c kh\u00e1c.<br \/><strong>\u2013 Th\u00f4ng tin thanh to\u00e1n:<\/strong> Chi ti\u1ebft th\u1ebb t\u00edn d\u1ee5ng\/th\u1ebb ghi n\u1ee3, \u0111\u1ecba ch\u1ec9 thanh to\u00e1n v\u00e0 c\u00e1c d\u1eef li\u1ec7u t\u00e0i ch\u00ednh kh\u00e1c c\u1ea7n thi\u1ebft \u0111\u1ec3 x\u1eed l\u00fd thanh to\u00e1n.<br \/>&#8211;<strong> D\u1eef li\u1ec7u tham gia s\u1ef1 ki\u1ec7n:<\/strong> Th\u00f4ng tin li\u00ean quan \u0111\u1ebfn vi\u1ec7c b\u1ea1n tham gia c\u00e1c s\u1ef1 ki\u1ec7n c\u1ee7a ch\u00fang t\u00f4i, ch\u1eb3ng h\u1ea1n nh\u01b0 th\u00f4ng tin chi ti\u1ebft v\u1ec1 \u0111\u0103ng k\u00fd, s\u1edf th\u00edch v\u1ec1 s\u1ef1 ki\u1ec7n v\u00e0 ph\u1ea3n h\u1ed3i.<br \/><strong>\u2013 D\u1eef li\u1ec7u k\u1ef9 thu\u1eadt:<\/strong> \u0110\u1ecba ch\u1ec9 IP, lo\u1ea1i tr\u00ecnh duy\u1ec7t, th\u00f4ng tin thi\u1ebft b\u1ecb v\u00e0 c\u00e1c d\u1eef li\u1ec7u k\u1ef9 thu\u1eadt kh\u00e1c \u0111\u01b0\u1ee3c thu th\u1eadp khi b\u1ea1n t\u01b0\u01a1ng t\u00e1c v\u1edbi trang web c\u1ee7a ch\u00fang t\u00f4i.<br \/><strong>\u2013 Cookie v\u00e0 C\u00f4ng ngh\u1ec7 theo d\u00f5i:<\/strong> Th\u00f4ng tin \u0111\u01b0\u1ee3c thu th\u1eadp th\u00f4ng qua cookie, web beacon v\u00e0 c\u00e1c c\u00f4ng ngh\u1ec7 t\u01b0\u01a1ng t\u1ef1.<\/p><p><strong>2. Ch\u00fang t\u00f4i s\u1eed d\u1ee5ng th\u00f4ng tin c\u1ee7a b\u1ea1n nh\u01b0 th\u1ebf n\u00e0o<\/strong><\/p><p>Ch\u00fang t\u00f4i s\u1eed d\u1ee5ng th\u00f4ng tin thu th\u1eadp \u0111\u01b0\u1ee3c cho nhi\u1ec1u m\u1ee5c \u0111\u00edch kh\u00e1c nhau, bao g\u1ed3m:<\/p><p><strong>\u2013 Qu\u1ea3n l\u00fd s\u1ef1 ki\u1ec7n:<\/strong> \u0110\u1ec3 \u0111\u0103ng k\u00fd cho b\u1ea1n tham gia s\u1ef1 ki\u1ec7n, x\u1eed l\u00fd thanh to\u00e1n v\u00e0 cung c\u1ea5p cho b\u1ea1n c\u00e1c d\u1ecbch v\u1ee5 li\u00ean quan \u0111\u1ebfn s\u1ef1 ki\u1ec7n.<br \/><strong>- Giao ti\u1ebfp:<\/strong> G\u1eedi cho b\u1ea1n c\u00e1c b\u1ea3n c\u1eadp nh\u1eadt, t\u00e0i li\u1ec7u qu\u1ea3ng c\u00e1o v\u00e0 th\u00f4ng tin li\u00ean quan \u0111\u1ebfn InterPetFest v\u00e0 c\u00e1c \u0111\u1ed1i t\u00e1c c\u1ee7a InterPetFest.<br \/><strong>\u2013 Ph\u00e2n t\u00edch:<\/strong> \u0110\u1ec3 ph\u00e2n t\u00edch vi\u1ec7c s\u1eed d\u1ee5ng trang web, c\u1ea3i thi\u1ec7n d\u1ecbch v\u1ee5 c\u1ee7a ch\u00fang t\u00f4i v\u00e0 \u0111\u1ea3m b\u1ea3o t\u00ednh b\u1ea3o m\u1eadt cho trang web.<br \/><strong>\u2013 Tu\u00e2n th\u1ee7 ph\u00e1p lu\u1eadt:<\/strong> \u0110\u1ec3 tu\u00e2n th\u1ee7 c\u00e1c ngh\u0129a v\u1ee5 ph\u00e1p l\u00fd, th\u1ef1c thi c\u00e1c \u0111i\u1ec1u kho\u1ea3n d\u1ecbch v\u1ee5 v\u00e0 b\u1ea3o v\u1ec7 quy\u1ec1n c\u1ee7a ch\u00fang t\u00f4i.<\/p><p><strong>3. Chia s\u1ebb th\u00f4ng tin c\u1ee7a b\u1ea1n<\/strong><\/p><p>Ch\u00fang t\u00f4i c\u00f3 th\u1ec3 chia s\u1ebb th\u00f4ng tin c\u1ee7a b\u1ea1n v\u1edbi:<\/p><p><strong>\u2013 \u0110\u1ed1i t\u00e1c s\u1ef1 ki\u1ec7n:<\/strong> V\u1edbi s\u1ef1 tham gia c\u1ee7a c\u00e1c \u0111\u01a1n v\u1ecb \u0111\u1ed3ng t\u1ed5 ch\u1ee9c, nh\u00e0 t\u00e0i tr\u1ee3 v\u00e0 \u0111\u1ed1i t\u00e1c trong vi\u1ec7c t\u1ed5 ch\u1ee9c InterPetFest nh\u1eb1m t\u1ea1o \u0111i\u1ec1u ki\u1ec7n thu\u1eadn l\u1ee3i cho c\u00e1c d\u1ecbch v\u1ee5 li\u00ean quan \u0111\u1ebfn s\u1ef1 ki\u1ec7n.<br \/><strong>\u2013 Nh\u00e0 cung c\u1ea5p d\u1ecbch v\u1ee5:<\/strong> V\u1edbi c\u00e1c nh\u00e0 cung c\u1ea5p b\u00ean th\u1ee9 ba h\u1ed7 tr\u1ee3 ch\u00fang t\u00f4i v\u1eadn h\u00e0nh trang web, x\u1eed l\u00fd thanh to\u00e1n, li\u00ean l\u1ea1c qua email v\u00e0 c\u00e1c d\u1ecbch v\u1ee5 kh\u00e1c.<br \/><strong>\u2013 C\u01a1 quan c\u00f3 th\u1ea9m quy\u1ec1n ph\u00e1p l\u00fd:<\/strong> N\u1ebfu ph\u00e1p lu\u1eadt y\u00eau c\u1ea7u ho\u1eb7c \u0111\u1ec3 b\u1ea3o v\u1ec7 s\u1ef1 an to\u00e0n, quy\u1ec1n ho\u1eb7c t\u00e0i s\u1ea3n c\u1ee7a InterPetFest ho\u1eb7c nh\u1eefng ng\u01b0\u1eddi kh\u00e1c.<br \/><strong>\u2013 Chuy\u1ec3n nh\u01b0\u1ee3ng doanh nghi\u1ec7p:<\/strong> Li\u00ean quan \u0111\u1ebfn b\u1ea5t k\u1ef3 ho\u1ea1t \u0111\u1ed9ng s\u00e1p nh\u1eadp, b\u00e1n t\u00e0i s\u1ea3n, t\u00e0i tr\u1ee3 ho\u1eb7c mua l\u1ea1i to\u00e0n b\u1ed9 ho\u1eb7c m\u1ed9t ph\u1ea7n doanh nghi\u1ec7p c\u1ee7a ch\u00fang t\u00f4i.<\/p><p><strong>4. B\u1ea3o m\u1eadt d\u1eef li\u1ec7u<\/strong><\/p><p>Ch\u00fang t\u00f4i th\u1ef1c hi\u1ec7n c\u00e1c bi\u1ec7n ph\u00e1p k\u1ef9 thu\u1eadt v\u00e0 t\u1ed5 ch\u1ee9c ph\u00f9 h\u1ee3p \u0111\u1ec3 b\u1ea3o v\u1ec7 d\u1eef li\u1ec7u c\u00e1 nh\u00e2n c\u1ee7a b\u1ea1n kh\u1ecfi vi\u1ec7c truy c\u1eadp, thay \u0111\u1ed5i, ti\u1ebft l\u1ed9 ho\u1eb7c ph\u00e1 h\u1ee7y tr\u00e1i ph\u00e9p. Tuy nhi\u00ean, xin l\u01b0u \u00fd r\u1eb1ng kh\u00f4ng c\u00f3 bi\u1ec7n ph\u00e1p b\u1ea3o m\u1eadt n\u00e0o l\u00e0 ho\u00e0n to\u00e0n kh\u00f4ng th\u1ec3 sai s\u00f3t.<\/p><p><strong>5. Quy\u1ec1n c\u1ee7a b\u1ea1n<\/strong><\/p><p>B\u1ea1n c\u00f3 c\u00e1c quy\u1ec1n sau \u0111\u00e2y li\u00ean quan \u0111\u1ebfn d\u1eef li\u1ec7u c\u00e1 nh\u00e2n c\u1ee7a m\u00ecnh:<\/p><p>\u2013 Quy\u1ec1n truy c\u1eadp: B\u1ea1n c\u00f3 th\u1ec3 y\u00eau c\u1ea7u m\u1ed9t b\u1ea3n sao d\u1eef li\u1ec7u c\u00e1 nh\u00e2n m\u00e0 ch\u00fang t\u00f4i l\u01b0u gi\u1eef v\u1ec1 b\u1ea1n.<br \/>\u2013 S\u1eeda l\u1ed7i: B\u1ea1n c\u00f3 th\u1ec3 y\u00eau c\u1ea7u ch\u00fang t\u00f4i s\u1eeda b\u1ea5t k\u1ef3 d\u1eef li\u1ec7u n\u00e0o kh\u00f4ng ch\u00ednh x\u00e1c ho\u1eb7c kh\u00f4ng \u0111\u1ea7y \u0111\u1ee7.<br \/>\u2013 X\u00f3a: B\u1ea1n c\u00f3 th\u1ec3 y\u00eau c\u1ea7u ch\u00fang t\u00f4i x\u00f3a d\u1eef li\u1ec7u c\u00e1 nh\u00e2n c\u1ee7a b\u1ea1n, t\u00f9y thu\u1ed9c v\u00e0o ngh\u0129a v\u1ee5 ph\u00e1p l\u00fd ho\u1eb7c h\u1ee3p \u0111\u1ed3ng.<br \/>\u2013 Ph\u1ea3n \u0111\u1ed1i: B\u1ea1n c\u00f3 th\u1ec3 ph\u1ea3n \u0111\u1ed1i vi\u1ec7c x\u1eed l\u00fd d\u1eef li\u1ec7u c\u00e1 nh\u00e2n c\u1ee7a m\u00ecnh trong m\u1ed9t s\u1ed1 tr\u01b0\u1eddng h\u1ee3p nh\u1ea5t \u0111\u1ecbnh.<br \/>\u2013 R\u00fat l\u1ea1i s\u1ef1 \u0111\u1ed3ng \u00fd: N\u1ebfu b\u1ea1n \u0111\u00e3 \u0111\u1ed3ng \u00fd cho ph\u00e9p x\u1eed l\u00fd d\u1eef li\u1ec7u, b\u1ea1n c\u00f3 th\u1ec3 r\u00fat l\u1ea1i b\u1ea5t k\u1ef3 l\u00fac n\u00e0o.<\/p><p>\u0110\u1ec3 th\u1ef1c hi\u1ec7n b\u1ea5t k\u1ef3 quy\u1ec1n n\u00e0o trong s\u1ed1 nh\u1eefng quy\u1ec1n n\u00e0y, vui l\u00f2ng li\u00ean h\u1ec7 v\u1edbi ch\u00fang t\u00f4i theo \u0111\u1ecba ch\u1ec9 admin@eventure.com.vn<\/p><p><strong>6. Nh\u1eefng thay \u0111\u1ed5i \u0111\u1ed1i v\u1edbi Ch\u00ednh s\u00e1ch b\u1ea3o m\u1eadt n\u00e0y<\/strong><\/p><p>Ch\u00fang t\u00f4i c\u00f3 th\u1ec3 c\u1eadp nh\u1eadt Ch\u00ednh s\u00e1ch b\u1ea3o m\u1eadt n\u00e0y theo th\u1eddi gian. Ch\u00fang t\u00f4i s\u1ebd th\u00f4ng b\u00e1o cho b\u1ea1n v\u1ec1 b\u1ea5t k\u1ef3 thay \u0111\u1ed5i quan tr\u1ecdng n\u00e0o b\u1eb1ng c\u00e1ch \u0111\u0103ng Ch\u00ednh s\u00e1ch b\u1ea3o m\u1eadt m\u1edbi tr\u00ean trang web c\u1ee7a ch\u00fang t\u00f4i. Ch\u00fang t\u00f4i khuy\u1ebfn kh\u00edch b\u1ea1n xem l\u1ea1i ch\u00ednh s\u00e1ch n\u00e0y \u0111\u1ecbnh k\u1ef3 \u0111\u1ec3 bi\u1ebft b\u1ea5t k\u1ef3 c\u1eadp nh\u1eadt n\u00e0o.<\/p><p><strong>7. Li\u00ean h\u1ec7 v\u1edbi ch\u00fang t\u00f4i<\/strong><\/p><p>N\u1ebfu b\u1ea1n c\u00f3 b\u1ea5t k\u1ef3 c\u00e2u h\u1ecfi ho\u1eb7c th\u1eafc m\u1eafc n\u00e0o v\u1ec1 Ch\u00ednh s\u00e1ch b\u1ea3o m\u1eadt n\u00e0y ho\u1eb7c c\u00e1c ho\u1ea1t \u0111\u1ed9ng d\u1eef li\u1ec7u c\u1ee7a ch\u00fang t\u00f4i, vui l\u00f2ng li\u00ean h\u1ec7 v\u1edbi ch\u00fang t\u00f4i theo \u0111\u1ecba ch\u1ec9:<\/p><p>Email: admin@eventure.com.vn<br \/>\u0110i\u1ec7n tho\u1ea1i: (+84) 2873 041 1730<\/p><p>\u00a0<\/p>\t\t\t\t\t\t<\/div>\n\t\t\t\t<\/div>\n\t\t\t\t\t<\/div>\n\t\t<\/div>\n\t\t\t\t\t\t\t<\/div>\n\t\t<\/section>\n\t\t\t\t\t\t\t<\/div>","protected":false},"excerpt":{"rendered":"<p>\u00a0 Ch\u00e0o m\u1eebng b\u1ea1n \u0111\u1ebfn v\u1edbi InterPetFest, L\u1ec5 h\u1ed9i Th\u00fa c\u01b0ng Qu\u1ed1c t\u1ebf Vi\u1ec7t Nam. Ch\u00fang t\u00f4i coi tr\u1ecdng quy\u1ec1n ri\u00eang t\u01b0 c\u1ee7a b\u1ea1n v\u00e0 cam k\u1ebft b\u1ea3o v\u1ec7 th\u00f4ng tin c\u00e1 nh\u00e2n c\u1ee7a b\u1ea1n. Ch\u00ednh s\u00e1ch B\u1ea3o m\u1eadt n\u00e0y gi\u1ea3i th\u00edch c\u00e1ch ch\u00fang t\u00f4i thu th\u1eadp, s\u1eed d\u1ee5ng, ti\u1ebft l\u1ed9 v\u00e0 b\u1ea3o v\u1ec7 th\u00f4ng tin c\u1ee7a b\u1ea1n khi b\u1ea1n truy c\u1eadp trang web ho\u1eb7c tham gia c\u00e1c s\u1ef1 ki\u1ec7n c\u1ee7a ch\u00fang t\u00f4i. 1. Th\u00f4ng tin ch\u00fang t\u00f4i thu th\u1eadp Ch\u00fang t\u00f4i c\u00f3 th\u1ec3 thu th\u1eadp v\u00e0 x\u1eed l\u00fd c\u00e1c lo\u1ea1i th\u00f4ng tin sau:<\/p>","protected":false},"author":2,"featured_media":0,"parent":0,"menu_order":0,"comment_status":"closed","ping_status":"closed","template":"","meta":{"inline_featured_image":false,"footnotes":""},"class_list":["post-7881","page","type-page","status-publish","hentry"],"acf":[],"yoast_head":"<!-- This site is optimized with the Yoast SEO Premium plugin v22.8 (Yoast SEO v26.3) - https:\/\/yoast.com\/wordpress\/plugins\/seo\/ -->\n<title>Privacy Policy - InterPetFest<\/title>\n<meta name=\"robots\" content=\"index, follow, max-snippet:-1, max-image-preview:large, max-video-preview:-1\" \/>\n<link rel=\"canonical\" href=\"https:\/\/interpetfest.com\/vi\/chinh-sach-bao-mat-2\/\" \/>\n<meta property=\"og:locale\" content=\"vi_VN\" \/>\n<meta property=\"og:type\" content=\"article\" \/>\n<meta property=\"og:title\" content=\"Privacy Policy\" \/>\n<meta property=\"og:description\" content=\"\u00a0 Welcome to InterPetFest, International Pet Festival Vietnam. We value your privacy and are committed to protecting your personal information. This Privacy Policy explains how we collect, use, disclose, and safeguard your information when you visit our website or participate in our events. 1. Information We Collect We may collect and process the following types\" \/>\n<meta property=\"og:url\" content=\"https:\/\/interpetfest.com\/vi\/chinh-sach-bao-mat-2\/\" \/>\n<meta property=\"og:site_name\" content=\"InterPetFest\" \/>\n<meta property=\"article:modified_time\" content=\"2024-08-23T15:56:22+00:00\" \/>\n<meta name=\"twitter:card\" content=\"summary_large_image\" \/>\n<meta name=\"twitter:label1\" content=\"\u01af\u1edbc t\u00ednh th\u1eddi gian \u0111\u1ecdc\" \/>\n\t<meta name=\"twitter:data1\" content=\"3 ph\u00fat\" \/>\n<script type=\"application\/ld+json\" class=\"yoast-schema-graph\">{\"@context\":\"https:\/\/schema.org\",\"@graph\":[{\"@type\":\"WebPage\",\"@id\":\"https:\/\/interpetfest.com\/privacy-policy\/\",\"url\":\"https:\/\/interpetfest.com\/privacy-policy\/\",\"name\":\"Privacy Policy - InterPetFest\",\"isPartOf\":{\"@id\":\"https:\/\/interpetfest.com\/#website\"},\"datePublished\":\"2024-08-23T15:54:42+00:00\",\"dateModified\":\"2024-08-23T15:56:22+00:00\",\"breadcrumb\":{\"@id\":\"https:\/\/interpetfest.com\/privacy-policy\/#breadcrumb\"},\"inLanguage\":\"vi\",\"potentialAction\":[{\"@type\":\"ReadAction\",\"target\":[\"https:\/\/interpetfest.com\/privacy-policy\/\"]}]},{\"@type\":\"BreadcrumbList\",\"@id\":\"https:\/\/interpetfest.com\/privacy-policy\/#breadcrumb\",\"itemListElement\":[{\"@type\":\"ListItem\",\"position\":1,\"name\":\"Home\",\"item\":\"https:\/\/interpetfest.com\/\"},{\"@type\":\"ListItem\",\"position\":2,\"name\":\"Privacy Policy\"}]},{\"@type\":\"WebSite\",\"@id\":\"https:\/\/interpetfest.com\/#website\",\"url\":\"https:\/\/interpetfest.com\/\",\"name\":\"InterPetFest\",\"description\":\"\",\"publisher\":{\"@id\":\"https:\/\/interpetfest.com\/#organization\"},\"potentialAction\":[{\"@type\":\"SearchAction\",\"target\":{\"@type\":\"EntryPoint\",\"urlTemplate\":\"https:\/\/interpetfest.com\/?s={search_term_string}\"},\"query-input\":{\"@type\":\"PropertyValueSpecification\",\"valueRequired\":true,\"valueName\":\"search_term_string\"}}],\"inLanguage\":\"vi\"},{\"@type\":\"Organization\",\"@id\":\"https:\/\/interpetfest.com\/#organization\",\"name\":\"InterPetFest\",\"url\":\"https:\/\/interpetfest.com\/\",\"logo\":{\"@type\":\"ImageObject\",\"inLanguage\":\"vi\",\"@id\":\"https:\/\/interpetfest.com\/#\/schema\/logo\/image\/\",\"url\":\"https:\/\/interpetfest.com\/wp-content\/uploads\/2025\/06\/Logo-InterPetFest.png\",\"contentUrl\":\"https:\/\/interpetfest.com\/wp-content\/uploads\/2025\/06\/Logo-InterPetFest.png\",\"width\":\"1025\",\"height\":\"344\",\"caption\":\"InterPetFest\"},\"image\":{\"@id\":\"https:\/\/interpetfest.com\/#\/schema\/logo\/image\/\"}}]}<\/script>\n<!-- \/ Yoast SEO Premium plugin. -->","yoast_head_json":{"title":"Privacy Policy - InterPetFest","robots":{"index":"index","follow":"follow","max-snippet":"max-snippet:-1","max-image-preview":"max-image-preview:large","max-video-preview":"max-video-preview:-1"},"canonical":"https:\/\/interpetfest.com\/vi\/chinh-sach-bao-mat-2\/","og_locale":"vi_VN","og_type":"article","og_title":"Privacy Policy","og_description":"\u00a0 Welcome to InterPetFest, International Pet Festival Vietnam. We value your privacy and are committed to protecting your personal information. This Privacy Policy explains how we collect, use, disclose, and safeguard your information when you visit our website or participate in our events. 1. Information We Collect We may collect and process the following types","og_url":"https:\/\/interpetfest.com\/vi\/chinh-sach-bao-mat-2\/","og_site_name":"InterPetFest","article_modified_time":"2024-08-23T15:56:22+00:00","twitter_card":"summary_large_image","twitter_misc":{"\u01af\u1edbc t\u00ednh th\u1eddi gian \u0111\u1ecdc":"3 ph\u00fat"},"schema":{"@context":"https:\/\/schema.org","@graph":[{"@type":"WebPage","@id":"https:\/\/interpetfest.com\/privacy-policy\/","url":"https:\/\/interpetfest.com\/privacy-policy\/","name":"Privacy Policy - InterPetFest","isPartOf":{"@id":"https:\/\/interpetfest.com\/#website"},"datePublished":"2024-08-23T15:54:42+00:00","dateModified":"2024-08-23T15:56:22+00:00","breadcrumb":{"@id":"https:\/\/interpetfest.com\/privacy-policy\/#breadcrumb"},"inLanguage":"vi","potentialAction":[{"@type":"ReadAction","target":["https:\/\/interpetfest.com\/privacy-policy\/"]}]},{"@type":"BreadcrumbList","@id":"https:\/\/interpetfest.com\/privacy-policy\/#breadcrumb","itemListElement":[{"@type":"ListItem","position":1,"name":"Home","item":"https:\/\/interpetfest.com\/"},{"@type":"ListItem","position":2,"name":"Privacy Policy"}]},{"@type":"WebSite","@id":"https:\/\/interpetfest.com\/#website","url":"https:\/\/interpetfest.com\/","name":"InterPetFest","description":"","publisher":{"@id":"https:\/\/interpetfest.com\/#organization"},"potentialAction":[{"@type":"SearchAction","target":{"@type":"EntryPoint","urlTemplate":"https:\/\/interpetfest.com\/?s={search_term_string}"},"query-input":{"@type":"PropertyValueSpecification","valueRequired":true,"valueName":"search_term_string"}}],"inLanguage":"vi"},{"@type":"Organization","@id":"https:\/\/interpetfest.com\/#organization","name":"InterPetFest","url":"https:\/\/interpetfest.com\/","logo":{"@type":"ImageObject","inLanguage":"vi","@id":"https:\/\/interpetfest.com\/#\/schema\/logo\/image\/","url":"https:\/\/interpetfest.com\/wp-content\/uploads\/2025\/06\/Logo-InterPetFest.png","contentUrl":"https:\/\/interpetfest.com\/wp-content\/uploads\/2025\/06\/Logo-InterPetFest.png","width":"1025","height":"344","caption":"InterPetFest"},"image":{"@id":"https:\/\/interpetfest.com\/#\/schema\/logo\/image\/"}}]}},"_links":{"self":[{"href":"https:\/\/interpetfest.com\/vi\/wp-json\/wp\/v2\/pages\/7881","targetHints":{"allow":["GET"]}}],"collection":[{"href":"https:\/\/interpetfest.com\/vi\/wp-json\/wp\/v2\/pages"}],"about":[{"href":"https:\/\/interpetfest.com\/vi\/wp-json\/wp\/v2\/types\/page"}],"author":[{"embeddable":true,"href":"https:\/\/interpetfest.com\/vi\/wp-json\/wp\/v2\/users\/2"}],"replies":[{"embeddable":true,"href":"https:\/\/interpetfest.com\/vi\/wp-json\/wp\/v2\/comments?post=7881"}],"version-history":[{"count":0,"href":"https:\/\/interpetfest.com\/vi\/wp-json\/wp\/v2\/pages\/7881\/revisions"}],"wp:attachment":[{"href":"https:\/\/interpetfest.com\/vi\/wp-json\/wp\/v2\/media?parent=7881"}],"curies":[{"name":"wp","href":"https:\/\/api.w.org\/{rel}","templated":true}]}}