{"id":34376,"date":"2025-07-31T14:20:43","date_gmt":"2025-07-31T07:20:43","guid":{"rendered":"https:\/\/interpetfest.com\/?post_type=product&#038;p=34376"},"modified":"2026-04-10T16:44:43","modified_gmt":"2026-04-10T09:44:43","slug":"dog-cat-fashion-show-sunday-24-08-2025-745-am-830-am","status":"publish","type":"product","link":"https:\/\/interpetfest.com\/vi\/san-pham\/buoi-trinh-dien-thoi-trang-cho-meo-chu-nhat-ngay-24-thang-8-nam-2025-745-sang-830-sang\/","title":{"rendered":"Ch\u00fa ch\u00f3 xinh \u0111\u1eb9p (19.04)"},"content":{"rendered":"","protected":false},"excerpt":{"rendered":"","protected":false},"featured_media":0,"template":"","meta":{"inline_featured_image":false},"product_cat":[93],"product_tag":[],"class_list":{"0":"post-34376","1":"product","2":"type-product","3":"status-publish","5":"product_cat-competitions-show","7":"first","8":"instock","9":"shipping-taxable","10":"purchasable","11":"product-type-simple"},"acf":[],"yoast_head":"<!-- This site is optimized with the Yoast SEO Premium plugin v22.8 (Yoast SEO v26.3) - https:\/\/yoast.com\/wordpress\/plugins\/seo\/ -->\n<title>Beautiful Dog (19.04) - InterPetFest<\/title>\n<meta name=\"robots\" content=\"noindex, follow\" \/>\n<meta property=\"og:locale\" content=\"vi_VN\" \/>\n<meta property=\"og:type\" content=\"article\" \/>\n<meta property=\"og:title\" content=\"Beautiful Dog (19.04)\" \/>\n<meta property=\"og:url\" content=\"https:\/\/interpetfest.com\/vi\/san-pham\/buoi-trinh-dien-thoi-trang-cho-meo-chu-nhat-ngay-24-thang-8-nam-2025-745-sang-830-sang\/\" \/>\n<meta property=\"og:site_name\" content=\"InterPetFest\" \/>\n<meta property=\"article:modified_time\" content=\"2026-04-10T09:44:43+00:00\" \/>\n<meta name=\"twitter:card\" content=\"summary_large_image\" \/>\n<script type=\"application\/ld+json\" class=\"yoast-schema-graph\">{\"@context\":\"https:\/\/schema.org\",\"@graph\":[{\"@type\":\"WebPage\",\"@id\":\"https:\/\/interpetfest.com\/product\/dog-cat-fashion-show-sunday-24-08-2025-745-am-830-am\/\",\"url\":\"https:\/\/interpetfest.com\/product\/dog-cat-fashion-show-sunday-24-08-2025-745-am-830-am\/\",\"name\":\"Beautiful Dog (19.04) - InterPetFest\",\"isPartOf\":{\"@id\":\"https:\/\/interpetfest.com\/#website\"},\"datePublished\":\"2025-07-31T07:20:43+00:00\",\"dateModified\":\"2026-04-10T09:44:43+00:00\",\"breadcrumb\":{\"@id\":\"https:\/\/interpetfest.com\/product\/dog-cat-fashion-show-sunday-24-08-2025-745-am-830-am\/#breadcrumb\"},\"inLanguage\":\"vi\",\"potentialAction\":[{\"@type\":\"ReadAction\",\"target\":[\"https:\/\/interpetfest.com\/product\/dog-cat-fashion-show-sunday-24-08-2025-745-am-830-am\/\"]}]},{\"@type\":\"BreadcrumbList\",\"@id\":\"https:\/\/interpetfest.com\/product\/dog-cat-fashion-show-sunday-24-08-2025-745-am-830-am\/#breadcrumb\",\"itemListElement\":[{\"@type\":\"ListItem\",\"position\":1,\"name\":\"Home\",\"item\":\"https:\/\/interpetfest.com\/\"},{\"@type\":\"ListItem\",\"position\":2,\"name\":\"Shop\",\"item\":\"https:\/\/interpetfest.com\/shop\/\"},{\"@type\":\"ListItem\",\"position\":3,\"name\":\"Beautiful Dog (19.04)\"}]},{\"@type\":\"WebSite\",\"@id\":\"https:\/\/interpetfest.com\/#website\",\"url\":\"https:\/\/interpetfest.com\/\",\"name\":\"InterPetFest\",\"description\":\"\",\"publisher\":{\"@id\":\"https:\/\/interpetfest.com\/#organization\"},\"potentialAction\":[{\"@type\":\"SearchAction\",\"target\":{\"@type\":\"EntryPoint\",\"urlTemplate\":\"https:\/\/interpetfest.com\/?s={search_term_string}\"},\"query-input\":{\"@type\":\"PropertyValueSpecification\",\"valueRequired\":true,\"valueName\":\"search_term_string\"}}],\"inLanguage\":\"vi\"},{\"@type\":\"Organization\",\"@id\":\"https:\/\/interpetfest.com\/#organization\",\"name\":\"InterPetFest\",\"url\":\"https:\/\/interpetfest.com\/\",\"logo\":{\"@type\":\"ImageObject\",\"inLanguage\":\"vi\",\"@id\":\"https:\/\/interpetfest.com\/#\/schema\/logo\/image\/\",\"url\":\"https:\/\/interpetfest.com\/wp-content\/uploads\/2025\/06\/Logo-InterPetFest.png\",\"contentUrl\":\"https:\/\/interpetfest.com\/wp-content\/uploads\/2025\/06\/Logo-InterPetFest.png\",\"width\":\"1025\",\"height\":\"344\",\"caption\":\"InterPetFest\"},\"image\":{\"@id\":\"https:\/\/interpetfest.com\/#\/schema\/logo\/image\/\"}}]}<\/script>\n<!-- \/ Yoast SEO Premium plugin. -->","yoast_head_json":{"title":"Beautiful Dog (19.04) - InterPetFest","robots":{"index":"noindex","follow":"follow"},"og_locale":"vi_VN","og_type":"article","og_title":"Beautiful Dog (19.04)","og_url":"https:\/\/interpetfest.com\/vi\/san-pham\/buoi-trinh-dien-thoi-trang-cho-meo-chu-nhat-ngay-24-thang-8-nam-2025-745-sang-830-sang\/","og_site_name":"InterPetFest","article_modified_time":"2026-04-10T09:44:43+00:00","twitter_card":"summary_large_image","schema":{"@context":"https:\/\/schema.org","@graph":[{"@type":"WebPage","@id":"https:\/\/interpetfest.com\/product\/dog-cat-fashion-show-sunday-24-08-2025-745-am-830-am\/","url":"https:\/\/interpetfest.com\/product\/dog-cat-fashion-show-sunday-24-08-2025-745-am-830-am\/","name":"Beautiful Dog (19.04) - InterPetFest","isPartOf":{"@id":"https:\/\/interpetfest.com\/#website"},"datePublished":"2025-07-31T07:20:43+00:00","dateModified":"2026-04-10T09:44:43+00:00","breadcrumb":{"@id":"https:\/\/interpetfest.com\/product\/dog-cat-fashion-show-sunday-24-08-2025-745-am-830-am\/#breadcrumb"},"inLanguage":"vi","potentialAction":[{"@type":"ReadAction","target":["https:\/\/interpetfest.com\/product\/dog-cat-fashion-show-sunday-24-08-2025-745-am-830-am\/"]}]},{"@type":"BreadcrumbList","@id":"https:\/\/interpetfest.com\/product\/dog-cat-fashion-show-sunday-24-08-2025-745-am-830-am\/#breadcrumb","itemListElement":[{"@type":"ListItem","position":1,"name":"Home","item":"https:\/\/interpetfest.com\/"},{"@type":"ListItem","position":2,"name":"Shop","item":"https:\/\/interpetfest.com\/shop\/"},{"@type":"ListItem","position":3,"name":"Beautiful Dog (19.04)"}]},{"@type":"WebSite","@id":"https:\/\/interpetfest.com\/#website","url":"https:\/\/interpetfest.com\/","name":"InterPetFest","description":"","publisher":{"@id":"https:\/\/interpetfest.com\/#organization"},"potentialAction":[{"@type":"SearchAction","target":{"@type":"EntryPoint","urlTemplate":"https:\/\/interpetfest.com\/?s={search_term_string}"},"query-input":{"@type":"PropertyValueSpecification","valueRequired":true,"valueName":"search_term_string"}}],"inLanguage":"vi"},{"@type":"Organization","@id":"https:\/\/interpetfest.com\/#organization","name":"InterPetFest","url":"https:\/\/interpetfest.com\/","logo":{"@type":"ImageObject","inLanguage":"vi","@id":"https:\/\/interpetfest.com\/#\/schema\/logo\/image\/","url":"https:\/\/interpetfest.com\/wp-content\/uploads\/2025\/06\/Logo-InterPetFest.png","contentUrl":"https:\/\/interpetfest.com\/wp-content\/uploads\/2025\/06\/Logo-InterPetFest.png","width":"1025","height":"344","caption":"InterPetFest"},"image":{"@id":"https:\/\/interpetfest.com\/#\/schema\/logo\/image\/"}}]}},"_links":{"self":[{"href":"https:\/\/interpetfest.com\/vi\/wp-json\/wp\/v2\/product\/34376","targetHints":{"allow":["GET"]}}],"collection":[{"href":"https:\/\/interpetfest.com\/vi\/wp-json\/wp\/v2\/product"}],"about":[{"href":"https:\/\/interpetfest.com\/vi\/wp-json\/wp\/v2\/types\/product"}],"wp:attachment":[{"href":"https:\/\/interpetfest.com\/vi\/wp-json\/wp\/v2\/media?parent=34376"}],"wp:term":[{"taxonomy":"product_cat","embeddable":true,"href":"https:\/\/interpetfest.com\/vi\/wp-json\/wp\/v2\/product_cat?post=34376"},{"taxonomy":"product_tag","embeddable":true,"href":"https:\/\/interpetfest.com\/vi\/wp-json\/wp\/v2\/product_tag?post=34376"}],"curies":[{"name":"wp","href":"https:\/\/api.w.org\/{rel}","templated":true}]}}